{"id":1139,"date":"2020-01-15T22:36:35","date_gmt":"2020-01-15T22:36:35","guid":{"rendered":"http:\/\/www.camado.org.co\/web2\/?page_id=1139"},"modified":"2025-09-04T19:43:11","modified_gmt":"2025-09-04T19:43:11","slug":"informes-de-gestion-evaluacion-y-auditoria","status":"publish","type":"page","link":"https:\/\/www.camado.org.co\/web2\/informes-de-gestion-evaluacion-y-auditoria\/","title":{"rendered":"Informes de Gesti\u00f3n, Evaluaci\u00f3n y Auditoria"},"content":{"rendered":"<div id=\"td_uid_1_69f26c6e486eb\" class=\"tdc-zone\"><div class=\"tdc_zone td_uid_1_69f26c6e48704_rand  wpb_row td-pb-row\"  >\n<style scoped>\n\n\/* custom css *\/\n.td_uid_1_69f26c6e48704_rand {\r\n                    min-height: 0;\r\n                }\n<\/style><div id=\"td_uid_2_69f26c6e48f77\" class=\"tdc-row\"><div class=\"vc_row td_uid_2_69f26c6e48f7d_rand  wpb_row td-pb-row\" >\n<style scoped>\n\n\/* custom css *\/\n.td_uid_2_69f26c6e48f7d_rand {\r\n                    min-height: 0;\r\n                }\n<\/style><div class=\"vc_column td_uid_3_69f26c6e49272_rand  wpb_column vc_column_container tdc-column td-pb-span12\">\n<style scoped>\n\n\/* custom css *\/\n.td_uid_3_69f26c6e49272_rand {\r\n                    vertical-align: baseline;\r\n                }\n<\/style><div class=\"wpb_wrapper\"><div class=\"tdm_block td_block_wrap tdm_block_button td_uid_4_69f26c6e49592_rand tdm-block-button-inline tdm-content-horiz-left td-pb-border-top td_block_template_1\"  data-td-block-uid=\"td_uid_4_69f26c6e49592\"     >\n<style>\n\n\/* inline tdc_css att *\/\n\n.td_uid_4_69f26c6e49592_rand{\nmargin-bottom:25px !important;\n}\n\n<\/style>\n<style>\n\n<\/style><div class=\"tds-button td-fix-index\"><a \r\n                href=\"http:\/\/www.camado.org.co\/web2\/ley-de-transparencia\/\" \r\n                class=\"tds-button1 tdm-btn tdm-btn-lg td_uid_5_69f26c6e4adaa\" ><span class=\"tdm-btn-text\">Volver a men\u00fa principal<\/span><\/a><\/div><\/div><\/div><\/div><\/div><\/div><div id=\"td_uid_4_69f26c6e4b2f6\" class=\"tdc-row\"><div class=\"vc_row td_uid_6_69f26c6e4b2fb_rand  wpb_row td-pb-row\" >\n<style scoped>\n\n\/* custom css *\/\n.td_uid_6_69f26c6e4b2fb_rand {\r\n                    min-height: 0;\r\n                }\n\/* inline tdc_css att *\/\n\n.td_uid_6_69f26c6e4b2fb_rand{\njustify-content:center !important;\ntext-align:center !important;\n}\n\n.td_uid_6_69f26c6e4b2fb_rand .td_block_wrap{ text-align:left }\n\n<\/style><div class=\"vc_column td_uid_7_69f26c6e4b5c8_rand  wpb_column vc_column_container tdc-column td-pb-span12\">\n<style scoped>\n\n\/* custom css *\/\n.td_uid_7_69f26c6e4b5c8_rand {\r\n                    vertical-align: baseline;\r\n                }\n\/* inline tdc_css att *\/\n\n.td_uid_7_69f26c6e4b5c8_rand{\njustify-content:center !important;\ntext-align:center !important;\nposition:relative;\n}\n\n<\/style>\n<div class=\"td_uid_5_69f26c6e4b5c2_rand_style td-element-style\" ><style>\n.td_uid_5_69f26c6e4b5c2_rand_style{\nbackground-color:#21a036 !important;\n}\n <\/style><\/div><div class=\"wpb_wrapper\"><div class=\"tdm_block td_block_wrap tdm_block_column_title td_uid_8_69f26c6e4b899_rand tdm-content-horiz-left td-pb-border-top td_block_template_1\"  data-td-block-uid=\"td_uid_8_69f26c6e4b899\" >\n<style>\n\n\/* inline tdc_css att *\/\n\n.td_uid_8_69f26c6e4b899_rand{\npadding-top:25px !important;\njustify-content:center !important;\ntext-align:center !important;\n}\n\n<\/style><div class=\"td-block-row\"><div class=\"td-block-span12 tdm-col\">\n<style>\nbody .td_uid_9_69f26c6e4be1c .tdm-title {\r\n\t\t\t\t\tcolor: #ffffff;\r\n\t\t\t\t}\r\n\t\t\t\t\r\n\t\t\t\tbody .td_uid_8_69f26c6e4b899_rand:hover .td_uid_9_69f26c6e4be1c .tdm-title {\r\n\t\t\t\t\tcolor: #ffffff;\r\n\t\t\t\t}\r\n\t\t\t\t.td_uid_8_69f26c6e4b899_rand:hover .td_uid_9_69f26c6e4be1c .tdm-title {\r\n\t\t\t\t\tcursor: default;\r\n\t\t\t\t}\r\n\t\t\t\t\r\n\t\t\t\tbody .td_uid_8_69f26c6e4b899_rand:hover .td_uid_9_69f26c6e4be1c .tdm-title {\r\n\t\t\t\t\t-webkit-text-fill-color: unset;\r\n\t\t\t\t\tbackground: transparent;\r\n\t\t\t\t\ttransition: none;\r\n\t\t\t\t}\n<\/style><div class=\"tds-title tds-title1 td-fix-index td_uid_9_69f26c6e4be1c\"><h3 class=\"tdm-title tdm-title-md\">Informes de Gesti\u00f3n, Evaluaci\u00f3n y Auditoria<\/h3><\/div><\/div><\/div><\/div><div class=\"vc_row_inner td_uid_10_69f26c6e4c170_rand  vc_row vc_inner wpb_row td-pb-row\" >\n<style scoped>\n\n\/* custom css *\/\n.td_uid_10_69f26c6e4c170_rand {\r\n                    position: relative !important;\r\n                    top: 0;\r\n                    transform: none;\r\n                    -webkit-transform: none;\r\n                }\n\/* inline tdc_css att *\/\n\n.td_uid_10_69f26c6e4c170_rand{\npadding-left:160px !important;\nwidth:800px !important;\njustify-content:center !important;\ntext-align:center !important;\nposition:relative;\n}\n\n.td_uid_10_69f26c6e4c170_rand .td_block_wrap{ text-align:left }\n\n\/* phone *\/\n@media (max-width: 767px)\n{\n.td_uid_10_69f26c6e4c170_rand{\npadding-left:2px !important;\nwidth:300px !important;\n}\n}\n\n<\/style>\n<div class=\"td_uid_6_69f26c6e4c169_rand_style td-element-style\" ><div class=\"td-element-style-before\"><style>\n.td_uid_6_69f26c6e4c169_rand_style > .td-element-style-before {\ncontent:'' !important;\nwidth:100% !important;\nheight:100% !important;\nposition:absolute !important;\ntop:0 !important;\nleft:0 !important;\ndisplay:block !important;\nz-index:0 !important;\nbackground-position:center center !important;\nbackground-size:cover !important;\n}\n<\/style><\/div><\/div><div class=\"vc_column_inner td_uid_11_69f26c6e4c388_rand  wpb_column vc_column_container tdc-inner-column td-pb-span12\">\n<style scoped>\n\n\/* custom css *\/\n.td_uid_11_69f26c6e4c388_rand {\r\n                    vertical-align: baseline;\r\n                }\n\/* inline tdc_css att *\/\n\n.td_uid_11_69f26c6e4c388_rand{\nwidth:800px !important;\njustify-content:center !important;\ntext-align:center !important;\n}\n\n<\/style><div class=\"vc_column-inner\"><div class=\"wpb_wrapper\"><div class=\"wpb_wrapper wpb_text_column td_block_wrap td_block_wrap vc_column_text td_uid_12_69f26c6e4c5b0_rand  tagdiv-type td-pb-border-top td_block_template_1\"  data-td-block-uid=\"td_uid_12_69f26c6e4c5b0\" >\n<style>\n\n\/* inline tdc_css att *\/\n\n.td_uid_12_69f26c6e4c5b0_rand{\npadding-top:20px !important;\npadding-left:20px !important;\nborder-color:#ffffff !important;\nborder-radius:10px !important;\nborder-style:solid !important;\nborder-width: 10px 10px 10px 10px !important;\nposition:relative;\n}\n\n\/* phone *\/\n@media (max-width: 767px)\n{\n.td_uid_12_69f26c6e4c5b0_rand{\npadding-left:8px !important;\nwidth:330px !important;\n}\n}\n\n<\/style>\n<div class=\"td_uid_12_69f26c6e4c5b0_rand_style td-element-style\"><style>\n.td_uid_12_69f26c6e4c5b0_rand_style{\nbackground-color:#ffffff !important;\n}\n <\/style><\/div><div class=\"td-block-title-wrap\"><\/div><div class=\"td-fix-index\"><ul>\n<li>Informe Revisor Fiscal <a href=\"https:\/\/www.camado.org.co\/web2\/wp-content\/uploads\/2025\/08\/DICTAMEN-REVISORIA-FISCAL-2024.pdf\" target=\"_blank\" rel=\"noopener noreferrer\">&gt;&gt;<\/a><\/li>\n<li>Informe de Gesti\u00f3n 2024 <a href=\"https:\/\/www.camado.org.co\/web2\/wp-content\/uploads\/2025\/09\/INFORME-DE-GESTION-2024-Vs-FINAL.pdf\">&gt;&gt;<\/a><\/li>\n<li>Informe de Gesti\u00f3n 2023 <a href=\"https:\/\/www.camado.org.co\/web2\/wp-content\/uploads\/2024\/03\/INFORME-DE-GESTION-2023-FINAL.pdf\">&gt;&gt;<\/a><\/li>\n<li>Informe de Gesti\u00f3n 2022 <a href=\"https:\/\/www.camado.org.co\/web2\/wp-content\/uploads\/2023\/02\/INFORME-DE-GESTION-2022.pdf\">&gt;&gt;<\/a><\/li>\n<li>Informe de Gesti\u00f3n 2021 <a href=\"https:\/\/www.camado.org.co\/web2\/wp-content\/uploads\/2022\/03\/INFORME-DE-GESTION-2021-COMPLETO....pdf\">&gt;&gt;<\/a><\/li>\n<li>Informe de Gesti\u00f3n 2020 <a href=\"https:\/\/www.camado.org.co\/web2\/wp-content\/uploads\/2021\/03\/INFORME-DE-GESTI\u00d3N-JUNTA-DIRECTIVA-2020.pdf\">&gt;&gt;<\/a><\/li>\n<li>Informe de Gesti\u00f3n 2019 <a href=\"https:\/\/www.camado.org.co\/web2\/wp-content\/uploads\/2023\/01\/Informe-de-Gesti\u00f3n-2019.pdf\">&gt;&gt;<\/a><\/li>\n<li>Informe de Gesti\u00f3n 2018 <a href=\"https:\/\/www.camado.org.co\/web2\/wp-content\/uploads\/2023\/01\/Informe-de-Gesti\u00f3n-2018.pdf\">&gt;&gt;<\/a><\/li>\n<li>Informe de Gesti\u00f3n 2017 <a href=\"https:\/\/www.camado.org.co\/web2\/wp-content\/uploads\/2023\/01\/Informe-de-Gesti\u00f3n-2017-1.pdf\">&gt;&gt;<\/a><\/li>\n<li>Informe de Gesti\u00f3n 2016 <a href=\"https:\/\/www.camado.org.co\/web2\/wp-content\/uploads\/2023\/01\/Informe-de-Gesti\u00f3n-2016-1.pdf\">&gt;&gt;<\/a><\/li>\n<li>Informe de Control Interno <a href=\"https:\/\/www.camado.org.co\/web2\/wp-content\/uploads\/2025\/09\/INFORME_GESTION-CONTROL-INTERNO-2024.pdf\">&gt;&gt;<\/a><\/li>\n<\/ul>\n<\/div><\/div><\/div><\/div><\/div><\/div><\/div><\/div><\/div><\/div><\/div><\/div>","protected":false},"excerpt":{"rendered":"","protected":false},"author":1,"featured_media":0,"parent":0,"menu_order":0,"comment_status":"closed","ping_status":"closed","template":"","meta":{"ngg_post_thumbnail":0,"footnotes":""},"class_list":["post-1139","page","type-page","status-publish"],"yoast_head":"<!-- This site is optimized with the Yoast SEO plugin v27.5 - https:\/\/yoast.com\/product\/yoast-seo-wordpress\/ -->\n<title>Informes de Gesti\u00f3n, Evaluaci\u00f3n y Auditoria - C\u00e1mara de Comercio de Dosquebradas<\/title>\n<meta name=\"robots\" content=\"index, follow, max-snippet:-1, max-image-preview:large, max-video-preview:-1\" \/>\n<link rel=\"canonical\" href=\"https:\/\/www.camado.org.co\/web2\/informes-de-gestion-evaluacion-y-auditoria\/\" \/>\n<meta property=\"og:locale\" content=\"es_ES\" \/>\n<meta property=\"og:type\" content=\"article\" \/>\n<meta property=\"og:title\" content=\"Informes de Gesti\u00f3n, Evaluaci\u00f3n y Auditoria - C\u00e1mara de Comercio de Dosquebradas\" \/>\n<meta property=\"og:url\" content=\"https:\/\/www.camado.org.co\/web2\/informes-de-gestion-evaluacion-y-auditoria\/\" \/>\n<meta property=\"og:site_name\" content=\"C\u00e1mara de Comercio de Dosquebradas\" \/>\n<meta property=\"article:modified_time\" content=\"2025-09-04T19:43:11+00:00\" \/>\n<meta name=\"twitter:card\" content=\"summary_large_image\" \/>\n<meta name=\"twitter:label1\" content=\"Tiempo de lectura\" \/>\n\t<meta name=\"twitter:data1\" content=\"1 minuto\" \/>\n<script type=\"application\/ld+json\" class=\"yoast-schema-graph\">{\"@context\":\"https:\\\/\\\/schema.org\",\"@graph\":[{\"@type\":\"WebPage\",\"@id\":\"https:\\\/\\\/www.camado.org.co\\\/web2\\\/informes-de-gestion-evaluacion-y-auditoria\\\/\",\"url\":\"https:\\\/\\\/www.camado.org.co\\\/web2\\\/informes-de-gestion-evaluacion-y-auditoria\\\/\",\"name\":\"Informes de Gesti\u00f3n, Evaluaci\u00f3n y Auditoria - C\u00e1mara de Comercio de Dosquebradas\",\"isPartOf\":{\"@id\":\"https:\\\/\\\/www.camado.org.co\\\/web2\\\/#website\"},\"datePublished\":\"2020-01-15T22:36:35+00:00\",\"dateModified\":\"2025-09-04T19:43:11+00:00\",\"breadcrumb\":{\"@id\":\"https:\\\/\\\/www.camado.org.co\\\/web2\\\/informes-de-gestion-evaluacion-y-auditoria\\\/#breadcrumb\"},\"inLanguage\":\"es\",\"potentialAction\":[{\"@type\":\"ReadAction\",\"target\":[\"https:\\\/\\\/www.camado.org.co\\\/web2\\\/informes-de-gestion-evaluacion-y-auditoria\\\/\"]}]},{\"@type\":\"BreadcrumbList\",\"@id\":\"https:\\\/\\\/www.camado.org.co\\\/web2\\\/informes-de-gestion-evaluacion-y-auditoria\\\/#breadcrumb\",\"itemListElement\":[{\"@type\":\"ListItem\",\"position\":1,\"name\":\"Portada\",\"item\":\"https:\\\/\\\/www.camado.org.co\\\/web2\\\/\"},{\"@type\":\"ListItem\",\"position\":2,\"name\":\"Informes de Gesti\u00f3n, Evaluaci\u00f3n y Auditoria\"}]},{\"@type\":\"WebSite\",\"@id\":\"https:\\\/\\\/www.camado.org.co\\\/web2\\\/#website\",\"url\":\"https:\\\/\\\/www.camado.org.co\\\/web2\\\/\",\"name\":\"C\u00e1mara de Comercio de Dosquebradas\",\"description\":\"Camado\",\"potentialAction\":[{\"@type\":\"SearchAction\",\"target\":{\"@type\":\"EntryPoint\",\"urlTemplate\":\"https:\\\/\\\/www.camado.org.co\\\/web2\\\/?s={search_term_string}\"},\"query-input\":{\"@type\":\"PropertyValueSpecification\",\"valueRequired\":true,\"valueName\":\"search_term_string\"}}],\"inLanguage\":\"es\"}]}<\/script>\n<!-- \/ Yoast SEO plugin. -->","yoast_head_json":{"title":"Informes de Gesti\u00f3n, Evaluaci\u00f3n y Auditoria - C\u00e1mara de Comercio de Dosquebradas","robots":{"index":"index","follow":"follow","max-snippet":"max-snippet:-1","max-image-preview":"max-image-preview:large","max-video-preview":"max-video-preview:-1"},"canonical":"https:\/\/www.camado.org.co\/web2\/informes-de-gestion-evaluacion-y-auditoria\/","og_locale":"es_ES","og_type":"article","og_title":"Informes de Gesti\u00f3n, Evaluaci\u00f3n y Auditoria - C\u00e1mara de Comercio de Dosquebradas","og_url":"https:\/\/www.camado.org.co\/web2\/informes-de-gestion-evaluacion-y-auditoria\/","og_site_name":"C\u00e1mara de Comercio de Dosquebradas","article_modified_time":"2025-09-04T19:43:11+00:00","twitter_card":"summary_large_image","twitter_misc":{"Tiempo de lectura":"1 minuto"},"schema":{"@context":"https:\/\/schema.org","@graph":[{"@type":"WebPage","@id":"https:\/\/www.camado.org.co\/web2\/informes-de-gestion-evaluacion-y-auditoria\/","url":"https:\/\/www.camado.org.co\/web2\/informes-de-gestion-evaluacion-y-auditoria\/","name":"Informes de Gesti\u00f3n, Evaluaci\u00f3n y Auditoria - C\u00e1mara de Comercio de Dosquebradas","isPartOf":{"@id":"https:\/\/www.camado.org.co\/web2\/#website"},"datePublished":"2020-01-15T22:36:35+00:00","dateModified":"2025-09-04T19:43:11+00:00","breadcrumb":{"@id":"https:\/\/www.camado.org.co\/web2\/informes-de-gestion-evaluacion-y-auditoria\/#breadcrumb"},"inLanguage":"es","potentialAction":[{"@type":"ReadAction","target":["https:\/\/www.camado.org.co\/web2\/informes-de-gestion-evaluacion-y-auditoria\/"]}]},{"@type":"BreadcrumbList","@id":"https:\/\/www.camado.org.co\/web2\/informes-de-gestion-evaluacion-y-auditoria\/#breadcrumb","itemListElement":[{"@type":"ListItem","position":1,"name":"Portada","item":"https:\/\/www.camado.org.co\/web2\/"},{"@type":"ListItem","position":2,"name":"Informes de Gesti\u00f3n, Evaluaci\u00f3n y Auditoria"}]},{"@type":"WebSite","@id":"https:\/\/www.camado.org.co\/web2\/#website","url":"https:\/\/www.camado.org.co\/web2\/","name":"C\u00e1mara de Comercio de Dosquebradas","description":"Camado","potentialAction":[{"@type":"SearchAction","target":{"@type":"EntryPoint","urlTemplate":"https:\/\/www.camado.org.co\/web2\/?s={search_term_string}"},"query-input":{"@type":"PropertyValueSpecification","valueRequired":true,"valueName":"search_term_string"}}],"inLanguage":"es"}]}},"_links":{"self":[{"href":"https:\/\/www.camado.org.co\/web2\/wp-json\/wp\/v2\/pages\/1139","targetHints":{"allow":["GET"]}}],"collection":[{"href":"https:\/\/www.camado.org.co\/web2\/wp-json\/wp\/v2\/pages"}],"about":[{"href":"https:\/\/www.camado.org.co\/web2\/wp-json\/wp\/v2\/types\/page"}],"author":[{"embeddable":true,"href":"https:\/\/www.camado.org.co\/web2\/wp-json\/wp\/v2\/users\/1"}],"replies":[{"embeddable":true,"href":"https:\/\/www.camado.org.co\/web2\/wp-json\/wp\/v2\/comments?post=1139"}],"version-history":[{"count":25,"href":"https:\/\/www.camado.org.co\/web2\/wp-json\/wp\/v2\/pages\/1139\/revisions"}],"predecessor-version":[{"id":8791,"href":"https:\/\/www.camado.org.co\/web2\/wp-json\/wp\/v2\/pages\/1139\/revisions\/8791"}],"wp:attachment":[{"href":"https:\/\/www.camado.org.co\/web2\/wp-json\/wp\/v2\/media?parent=1139"}],"curies":[{"name":"wp","href":"https:\/\/api.w.org\/{rel}","templated":true}]}}