{"id":1434,"date":"2020-01-17T00:57:12","date_gmt":"2020-01-17T00:57:12","guid":{"rendered":"http:\/\/www.camado.org.co\/web2\/?page_id=1434"},"modified":"2020-01-17T01:02:58","modified_gmt":"2020-01-17T01:02:58","slug":"contactenos-eje-moda","status":"publish","type":"page","link":"https:\/\/www.camado.org.co\/web2\/contactenos-eje-moda\/","title":{"rendered":"Cont\u00e1ctenos Eje Moda"},"content":{"rendered":"<div id=\"td_uid_1_69f4bab1287b6\" class=\"tdc-zone\"><div class=\"tdc_zone td_uid_1_69f4bab1287c9_rand  wpb_row td-pb-row\"  >\n<style scoped>\n\n\/* custom css *\/\n.td_uid_1_69f4bab1287c9_rand {\r\n                    min-height: 0;\r\n                }\n<\/style><div id=\"td_uid_2_69f4bab1290e7\" class=\"tdc-row stretch_row_content td-stretch-content\"><div class=\"vc_row td_uid_2_69f4bab1290ef_rand  wpb_row td-pb-row tdc-element-style\" >\n<style scoped>\n\n\/* custom css *\/\n.td_uid_2_69f4bab1290ef_rand {\r\n                    min-height: 0;\r\n                }\n\/* inline tdc_css att *\/\n\n.td_uid_2_69f4bab1290ef_rand{\nposition:relative;\n}\n\n.td_uid_2_69f4bab1290ef_rand .td_block_wrap{ text-align:left }\n\n<\/style>\n<div class=\"td_uid_2_69f4bab1290e7_rand_style td-element-style\" ><style> \n.td_uid_2_69f4bab1290e7_rand_style::after {\ncontent:'' !important;\nwidth:100% !important;\nheight:100% !important;\nposition:absolute !important;\ntop:0 !important;\nleft:0 !important;\nz-index:0 !important;\ndisplay:block !important;\nbackground: linear-gradient(300deg,#21a036, #dd3333) !important;\n}\n<\/style><\/div><div class=\"vc_column td_uid_3_69f4bab129473_rand  wpb_column vc_column_container tdc-column td-pb-span4\">\n<style scoped>\n\n\/* custom css *\/\n.td_uid_3_69f4bab129473_rand {\r\n                    vertical-align: baseline;\r\n                }\n<\/style><div class=\"wpb_wrapper\"><div class=\"wpb_wrapper td_block_single_image td_block_wrap  td_block_wrap vc_single_image td_uid_4_69f4bab1296a4_rand  td-single-image- td-pb-border-top td_block_template_1\"><a \r\n\t\t\tclass=\"td_single_image_bg\" \r\n\t\t\tstyle=\"background-image: url('https:\/\/www.camado.org.co\/web2\/wp-content\/uploads\/2020\/01\/eje-350-2.png'); background-size: cover; background-repeat: no-repeat; background-position: center center;\" \r\n\t\t\thref=\"http:\/\/www.camado.org.co\/web2\/eje-moda\/\"  \r\n\t\t\trel=\"bookmark\"><\/a>\n<style>\n\n\/* inline tdc_css att *\/\n\n.td_uid_4_69f4bab1296a4_rand{\nmargin-bottom:0px !important;\nmargin-left:20px !important;\npadding-top:10px !important;\npadding-bottom:10px !important;\n}\n\n<\/style>\n<style>\n\/* custom css *\/\n.td_uid_4_69f4bab1296a4_rand .td_single_image_bg {\r\n\t\t\t\t    z-index: 1;\r\n\t\t\t\t}\r\n\t\t\t\t\r\n\t\t\t\t.td_uid_4_69f4bab1296a4_rand .td_single_image_bg {\r\n\t\t\t\t\theight: 161px;\r\n\t\t\t\t\tpadding-bottom: 0;\r\n\t\t\t\t}\r\n\t\t\t\t\r\n\t\t\t\t.td_uid_4_69f4bab1296a4_rand {\r\n\t\t\t\t\twidth: 300px;\r\n\t\t\t\t}\n<\/style><\/div><\/div><\/div><div class=\"vc_column td_uid_5_69f4bab12b282_rand  wpb_column vc_column_container tdc-column td-pb-span8\">\n<style scoped>\n\n\/* custom css *\/\n.td_uid_5_69f4bab12b282_rand {\r\n                    vertical-align: baseline;\r\n                }\n\/* inline tdc_css att *\/\n\n.td_uid_5_69f4bab12b282_rand{\npadding-top:30px !important;\njustify-content:flex-end !important;\ntext-align:right !important;\n}\n\n<\/style><div class=\"wpb_wrapper\"><div class=\"wpb_wrapper td_block_single_image td_block_wrap  td_block_wrap vc_single_image td_uid_6_69f4bab12b474_rand  td-single-image- td-pb-border-top td_block_template_1\"><a \r\n\t\t\tclass=\"td_single_image_bg\" \r\n\t\t\tstyle=\"background-image: url('https:\/\/www.camado.org.co\/web2\/wp-content\/uploads\/2020\/01\/back-2.png'); background-size: cover; background-repeat: no-repeat; background-position: center center;\" \r\n\t\t\thref=\"http:\/\/www.camado.org.co\/web2\/\"  \r\n\t\t\trel=\"bookmark\"><\/a>\n<style>\n\n\/* inline tdc_css att *\/\n\n.td_uid_6_69f4bab12b474_rand{\nmargin-top:-30px !important;\nmargin-bottom:-50px !important;\nposition:relative;\n}\n\n<\/style>\n<style>\n\/* custom css *\/\n.td_uid_6_69f4bab12b474_rand .td_single_image_bg {\r\n\t\t\t\t    z-index: 1;\r\n\t\t\t\t}\r\n\t\t\t\t\r\n\t\t\t\t.td_uid_6_69f4bab12b474_rand .td_single_image_bg {\r\n\t\t\t\t\theight: 118px;\r\n\t\t\t\t\tpadding-bottom: 0;\r\n\t\t\t\t}\r\n\t\t\t\t\r\n\t\t\t\t.td_uid_6_69f4bab12b474_rand {\r\n\t\t\t\t\twidth: 140px;\r\n\t\t\t\t}\r\n\t\t\t\t\r\n\t\t\t\t.td_uid_6_69f4bab12b474_rand {\r\n\t\t\t\t\tdisplay: inline-block;\r\n\t\t\t\t}\n<\/style>\n<div class=\"td_uid_6_69f4bab12b474_rand_style td-element-style\">\n<div class=\"td-element-style-before\"><style>\n.td_uid_6_69f4bab12b474_rand_style > .td-element-style-before {\ncontent:'' !important;\nwidth:100% !important;\nheight:100% !important;\nposition:absolute !important;\ntop:0 !important;\nleft:0 !important;\ndisplay:block !important;\nz-index:0 !important;\nbackground-position:right center !important;\nbackground-size:cover !important;\n}\n<\/style><\/div><style> <\/style><\/div><\/div><div class=\"tdm_block td_block_wrap tdm_block_socials td_uid_7_69f4bab12bf18_rand tdm-content-horiz-center td-pb-border-top td_block_template_1\"  data-td-block-uid=\"td_uid_7_69f4bab12bf18\" >\n<style>\n\n\/* inline tdc_css att *\/\n\n.td_uid_7_69f4bab12bf18_rand{\npadding-left:260px !important;\n}\n\n<\/style>\n<style>\n.td_uid_8_69f4bab12c92d .tdm-social-item i {\r\n\t\t\t\t\tfont-size: 16px;\r\n\t\t\t\t\tvertical-align: middle;\r\n\t\t\t\t}\r\n\t\t\t\t.td_uid_8_69f4bab12c92d .tdm-social-item i.td-icon-twitter,\r\n\t\t\t\t.td_uid_8_69f4bab12c92d .tdm-social-item i.td-icon-linkedin,\r\n\t\t\t\t.td_uid_8_69f4bab12c92d .tdm-social-item i.td-icon-pinterest,\r\n\t\t\t\t.td_uid_8_69f4bab12c92d .tdm-social-item i.td-icon-blogger,\r\n\t\t\t\t.td_uid_8_69f4bab12c92d .tdm-social-item i.td-icon-vimeo {\r\n\t\t\t\t\tfont-size: 12.8px;\r\n\t\t\t\t}\r\n\t\t\t\t\r\n\t\t\t\t.td_uid_8_69f4bab12c92d .tdm-social-item {\r\n\t\t\t\t\twidth: 40px;\r\n\t\t\t\t\theight: 40px;\r\n\t\t\t\t\tline-height: 40px;\r\n\t\t\t\t}\r\n\t\t\t\t\r\n\t\t\t\t.td_uid_8_69f4bab12c92d .tdm-social-item {\r\n\t\t\t\t    margin: 5px 10px 5px 0;\r\n\t\t\t\t}\r\n\t\t\t\t\r\n\t\t\t\t.td_uid_8_69f4bab12c92d .tdm-social-item-wrap:last-child .tdm-social-item {\r\n\t\t\t\t    margin-right: 0 !important;\r\n\t\t\t\t}\r\n                \r\n\t\t\t\tbody .td_uid_8_69f4bab12c92d .tdm-social-item i {\r\n\t\t\t\t\tcolor: #dd9933;\r\n\t\t\t\t}\r\n\t\t\t\t\r\n\t\t\t\t\r\n\t\t\t\tbody .td_uid_8_69f4bab12c92d .tdm-social-item-wrap:hover i {\r\n\t\t\t\t\tcolor: #dd9933;\r\n\t\t\t\t}\r\n\t\t\t\t\r\n\t\t\t\tbody .td_uid_8_69f4bab12c92d .tdm-social-item {\r\n\t\t\t\t\tbackground: #ffffff;\r\n\t\t\t\t}\r\n\t\t\t\t\r\n\t\t\t\tbody .td_uid_8_69f4bab12c92d .tdm-social-item-wrap:hover .tdm-social-item {\r\n\t\t\t\t\tbackground: #ffffff;\r\n\t\t\t\t}\r\n\t\t\t\t\r\n\t\t\t\t.td_uid_8_69f4bab12c92d .tdm-social-item {\r\n\t\t\t\t\tborder-radius: 20px;\r\n\t\t\t\t}\r\n\t\t\t\t\r\n\t\t\t\t\r\n                \r\n\t\t\t\t.td_uid_8_69f4bab12c92d .tdm-social-text {\r\n\t\t\t\t\tmargin-left: 2px;\r\n\t\t\t\t}\r\n                \r\n\t\t\t\t.td_uid_8_69f4bab12c92d .tdm-social-text {\r\n\t\t\t\t\tmargin-right: 18px;\r\n\t\t\t\t}\r\n\t\t\t\t\r\n\t\t\t\t\r\n\t\t\t\t\r\n\t\t\t\t.td_uid_8_69f4bab12c92d .tdm-social-text {\r\n\t\t\t\t\tdisplay: none;\r\n\t\t\t\t}\n<\/style><div class=\"tdm-social-wrapper tds-social3 td_uid_8_69f4bab12c92d\"><div class=\"tdm-social-item-wrap\"><a href=\"#\"  target=\"_blank\" class=\"tdm-social-item\"><i class=\"td-icon-font td-icon-facebook\"><\/i><\/a><a href=\"#\"  target=\"_blank\" class=\"tdm-social-text\">Facebook<\/a><\/div><div class=\"tdm-social-item-wrap\"><a href=\"#\"  target=\"_blank\" class=\"tdm-social-item\"><i class=\"td-icon-font td-icon-instagram\"><\/i><\/a><a href=\"#\"  target=\"_blank\" class=\"tdm-social-text\">Instagram<\/a><\/div><div class=\"tdm-social-item-wrap\"><a href=\"#\"  target=\"_blank\" class=\"tdm-social-item\"><i class=\"td-icon-font td-icon-twitter\"><\/i><\/a><a href=\"#\"  target=\"_blank\" class=\"tdm-social-text\">Twitter<\/a><\/div><\/div><\/div><\/div><\/div><\/div><\/div><div id=\"td_uid_5_69f4bab12cfe8\" class=\"tdc-row\"><div class=\"vc_row td_uid_9_69f4bab12cfee_rand  wpb_row td-pb-row\" >\n<style scoped>\n\n\/* custom css *\/\n.td_uid_9_69f4bab12cfee_rand {\r\n                    min-height: 0;\r\n                }\n\/* inline tdc_css att *\/\n\n.td_uid_9_69f4bab12cfee_rand{\nmargin-top:50px !important;\njustify-content:center !important;\ntext-align:center !important;\n}\n\n.td_uid_9_69f4bab12cfee_rand .td_block_wrap{ text-align:left }\n\n<\/style><div class=\"vc_column td_uid_10_69f4bab12d275_rand  wpb_column vc_column_container tdc-column td-pb-span12\">\n<style scoped>\n\n\/* custom css *\/\n.td_uid_10_69f4bab12d275_rand {\r\n                    vertical-align: baseline;\r\n                }\n<\/style><div class=\"wpb_wrapper\"><div class=\"td_block_wrap tdb_header_menu td_uid_11_69f4bab12db3f_rand tds_menu_active1 tds_menu_sub_active1 tdb-head-menu-inline td-pb-border-top td_block_template_1 tdb-header-align\"  data-td-block-uid=\"td_uid_11_69f4bab12db3f\"  style=\" z-index: 999;\">\n<style>\n\n\/* inline tdc_css att *\/\n\n.td_uid_11_69f4bab12db3f_rand{\nmargin-top:-50px !important;\n}\n\n<\/style>\n<style>\n\/* custom css *\/\n.td_uid_11_69f4bab12db3f_rand {\r\n                    display: inline-block;\r\n                }\r\n                \r\n                .td_uid_11_69f4bab12db3f_rand .tdb-menu > li .tdb-menu-sep,\r\n                .td_uid_11_69f4bab12db3f_rand .tdb-menu-items-dropdown .tdb-menu-sep {\r\n                    top: -1px;\r\n                }\r\n                \r\n                \r\n                .td_uid_11_69f4bab12db3f_rand .tdb-menu > li > a .tdb-sub-menu-icon,\r\n                .td_uid_11_69f4bab12db3f_rand .td-subcat-more .tdb-menu-more-subicon {\r\n                    top: -1px;\r\n                }\r\n                \r\n                \r\n                .td_uid_11_69f4bab12db3f_rand .td-subcat-more .tdb-menu-more-icon {\r\n                    top: 0px;\r\n                }\r\n                \r\n                \r\n                .td_uid_11_69f4bab12db3f_rand .tdb-menu > li > a,\r\n                .td_uid_11_69f4bab12db3f_rand .td-subcat-more {\r\n                    color: #000000;\r\n                }\r\n                \r\n                .td_uid_11_69f4bab12db3f_rand .tdb-menu > li > a,\r\n                .td_uid_11_69f4bab12db3f_rand .td-subcat-more > .tdb-menu-item-text {\r\n                    font-size:15px !important;font-weight:700 !important;\r\n                }\r\n                \r\n                .td_uid_11_69f4bab12db3f_rand .tdb-menu .tdb-normal-menu ul,\r\n                .td_uid_11_69f4bab12db3f_rand .td-pulldown-filter-list {\r\n                    text-align: center;\r\n                }\r\n                \r\n                .td_uid_11_69f4bab12db3f_rand .tdb-normal-menu ul .tdb-menu-item > a .tdb-sub-menu-icon {\r\n                    right: 0;\r\n                }\r\n                \r\n                .td_uid_11_69f4bab12db3f_rand .tdb-normal-menu ul .tdb-menu-item > a .tdb-sub-menu-icon {\r\n                    margin-top: 1px;\r\n                }\r\n                \r\n                \r\n                .td_uid_11_69f4bab12db3f_rand .tdb-menu .tdb-normal-menu ul,\r\n                .td_uid_11_69f4bab12db3f_rand .td-pulldown-filter-list {\r\n                    box-shadow:  1px 1px 4px 0px rgba(0, 0, 0, 0.15);\r\n                }\r\n                \r\n                \r\n\t\t\t\t.td_uid_11_69f4bab12db3f_rand .tdb-menu .tdb-mega-menu ul li {\r\n\t\t\t\t\tbox-shadow:  0px 2px 6px 0px rgba(0, 0, 0, 0.1);\r\n\t\t\t\t}\n<\/style>\n<style>\n.td_uid_11_69f4bab12db3f_rand .tdb-menu > li > a:after,\r\n\t\t\t\t.td_uid_11_69f4bab12db3f_rand .tdb-menu-items-dropdown .td-subcat-more:after {\r\n\t\t\t\t\tbackground-color:     ;\r\n\t\t\t\t}\r\n\t\t\t\t\r\n\t\t\t\t.td_uid_11_69f4bab12db3f_rand .tdb-menu > li > a:after,\r\n\t\t\t\t.td_uid_11_69f4bab12db3f_rand .tdb-menu-items-dropdown .td-subcat-more:after {\r\n\t\t\t\t\theight: 0px;\r\n\t\t\t\t}\r\n\t\t\t\t\r\n\t\t\t\t.td_uid_11_69f4bab12db3f_rand .tdb-menu > li > a:after,\r\n\t\t\t\t.td_uid_11_69f4bab12db3f_rand .tdb-menu-items-dropdown .td-subcat-more:after {\r\n\t\t\t\t\tbottom: 0px;\r\n\t\t\t\t}\n<\/style>\n<style>\n\n<\/style><div id=td_uid_11_69f4bab12db3f class=\"td_block_inner td-fix-index\"><ul id=\"tdb-block-menu\" class=\"tdb-menu tdb-menu-items-visible\"><li id=\"menu-item-1444\" class=\"menu-item menu-item-type-custom menu-item-object-custom tdb-cur-menu-item menu-item-first tdb-menu-item-button tdb-menu-item tdb-normal-menu menu-item-1444\"><a href=\"http:\/\/www.camado.org.co\/web2\/eje-moda\/\"><span class=\"tdb-menu-item-text\">Inicio<\/span><\/a><\/li>\n<li id=\"menu-item-1309\" class=\"menu-item menu-item-type-custom menu-item-object-custom tdb-menu-item-button tdb-menu-item tdb-normal-menu menu-item-1309\"><a href=\"http:\/\/www.camado.org.co\/web2\/componentes\/\"><span class=\"tdb-menu-item-text\">Componentes<\/span><\/a><\/li>\n<li id=\"menu-item-1310\" class=\"menu-item menu-item-type-custom menu-item-object-custom tdb-menu-item-button tdb-menu-item tdb-normal-menu menu-item-1310\"><a href=\"http:\/\/www.camado.org.co\/web2\/estadisticas\/\"><span class=\"tdb-menu-item-text\">Estadisticas<\/span><\/a><\/li>\n<li id=\"menu-item-1311\" class=\"menu-item menu-item-type-custom menu-item-object-custom tdb-menu-item-button tdb-menu-item tdb-normal-menu menu-item-1311\"><a href=\"http:\/\/www.camado.org.co\/web2\/perfil-participantes\/\"><span class=\"tdb-menu-item-text\">Perfil Participantes<\/span><\/a><\/li>\n<li id=\"menu-item-1313\" class=\"menu-item menu-item-type-custom menu-item-object-custom tdb-menu-item-button tdb-menu-item tdb-normal-menu menu-item-1313\"><a href=\"http:\/\/www.camado.org.co\/web2\/beneficios\/\"><span class=\"tdb-menu-item-text\">Beneficios<\/span><\/a><\/li>\n<li id=\"menu-item-1312\" class=\"menu-item menu-item-type-custom menu-item-object-custom tdb-menu-item-button tdb-menu-item tdb-normal-menu menu-item-1312\"><a href=\"http:\/\/www.camado.org.co\/web2\/galeria-de-imagenes\/\"><span class=\"tdb-menu-item-text\">Galer\u00eda de Im\u00e1genes<\/span><\/a><\/li>\n<\/ul><\/div><\/div><\/div><\/div><\/div><\/div><div id=\"td_uid_7_69f4bab130ca5\" class=\"tdc-row stretch_row\"><div class=\"vc_row td_uid_14_69f4bab130cac_rand  wpb_row td-pb-row tdc-element-style\" >\n<style scoped>\n\n\/* custom css *\/\n.td_uid_14_69f4bab130cac_rand {\r\n                    min-height: 0;\r\n                }\n\/* inline tdc_css att *\/\n\n.td_uid_14_69f4bab130cac_rand{\npadding-top:30px !important;\npadding-bottom:50px !important;\nposition:relative;\n}\n\n.td_uid_14_69f4bab130cac_rand .td_block_wrap{ text-align:left }\n\n<\/style>\n<div class=\"td_uid_7_69f4bab130ca5_rand_style td-element-style\" ><style>\n.td_uid_7_69f4bab130ca5_rand_style{\nbackground-color:rgba(221,153,51,0.97) !important;\n}\n <\/style><\/div><div class=\"vc_column td_uid_15_69f4bab13100b_rand  wpb_column vc_column_container tdc-column td-pb-span6\">\n<style scoped>\n\n\/* custom css *\/\n.td_uid_15_69f4bab13100b_rand {\r\n                    vertical-align: baseline;\r\n                }\n<\/style><div class=\"wpb_wrapper\"><div class=\"wpb_wrapper wpb_text_column td_block_wrap td_block_wrap vc_column_text td_uid_16_69f4bab1311de_rand  tagdiv-type td-pb-border-top td_block_template_1\"  data-td-block-uid=\"td_uid_16_69f4bab1311de\" ><div class=\"td-block-title-wrap\"><\/div><div class=\"td-fix-index\">\n<div class=\"wpcf7 no-js\" id=\"wpcf7-f1433-o1\" lang=\"es-ES\" dir=\"ltr\" data-wpcf7-id=\"1433\">\n<div class=\"screen-reader-response\"><p role=\"status\" aria-live=\"polite\" aria-atomic=\"true\"><\/p> <ul><\/ul><\/div>\n<form action=\"\/web2\/wp-json\/wp\/v2\/pages\/1434#wpcf7-f1433-o1\" method=\"post\" class=\"wpcf7-form init\" aria-label=\"Formulario de contacto\" novalidate=\"novalidate\" data-status=\"init\">\n<fieldset class=\"hidden-fields-container\"><input type=\"hidden\" name=\"_wpcf7\" value=\"1433\" \/><input type=\"hidden\" name=\"_wpcf7_version\" value=\"6.1.5\" \/><input type=\"hidden\" name=\"_wpcf7_locale\" value=\"es_ES\" \/><input type=\"hidden\" name=\"_wpcf7_unit_tag\" value=\"wpcf7-f1433-o1\" \/><input type=\"hidden\" name=\"_wpcf7_container_post\" value=\"0\" \/><input type=\"hidden\" name=\"_wpcf7_posted_data_hash\" value=\"\" \/>\n<\/fieldset>\n<p>Nombres*\n<\/p>\n<p><span class=\"wpcf7-form-control-wrap\" data-name=\"your-name\"><input size=\"40\" maxlength=\"400\" class=\"wpcf7-form-control wpcf7-text wpcf7-validates-as-required\" aria-required=\"true\" aria-invalid=\"false\" value=\"\" type=\"text\" name=\"your-name\" \/><\/span>\n<\/p>\n<p>Correo electr\u00f3nico*\n<\/p>\n<p><span class=\"wpcf7-form-control-wrap\" data-name=\"your-email\"><input size=\"40\" maxlength=\"400\" class=\"wpcf7-form-control wpcf7-email wpcf7-validates-as-required wpcf7-text wpcf7-validates-as-email\" aria-required=\"true\" aria-invalid=\"false\" value=\"\" type=\"email\" name=\"your-email\" \/><\/span>\n<\/p>\n<p>C\u00e9dula*\n<\/p>\n<p><span class=\"wpcf7-form-control-wrap\" data-name=\"cedula\"><input size=\"40\" maxlength=\"400\" class=\"wpcf7-form-control wpcf7-text wpcf7-validates-as-required\" aria-required=\"true\" aria-invalid=\"false\" value=\"\" type=\"text\" name=\"cedula\" \/><\/span>\n<\/p>\n<p>Tel\u00e9fono*\n<\/p>\n<p><span class=\"wpcf7-form-control-wrap\" data-name=\"telefono\"><input size=\"40\" maxlength=\"400\" class=\"wpcf7-form-control wpcf7-tel wpcf7-validates-as-required wpcf7-text wpcf7-validates-as-tel\" aria-required=\"true\" aria-invalid=\"false\" value=\"\" type=\"tel\" name=\"telefono\" \/><\/span>\n<\/p>\n<p>Asunto\n<\/p>\n<p><span class=\"wpcf7-form-control-wrap\" data-name=\"your-subject\"><input size=\"40\" maxlength=\"400\" class=\"wpcf7-form-control wpcf7-text\" aria-invalid=\"false\" value=\"\" type=\"text\" name=\"your-subject\" \/><\/span>\n<\/p>\n<p>Mensaje\n<\/p>\n<p><span class=\"wpcf7-form-control-wrap\" data-name=\"your-message\"><textarea cols=\"40\" rows=\"3\" maxlength=\"2000\" class=\"wpcf7-form-control wpcf7-textarea\" aria-invalid=\"false\" name=\"your-message\"><\/textarea><\/span>\n<\/p>\n<p>[recaptcha]\n<\/p>\n<p>Acepto que mis datos personales sean tratados seg\u00fan la pol\u00edtica de privacidad a nombre de la C\u00e1mara de Comercio de Dosquebradas descrita abajo.\n<\/p>\n<p><span class=\"wpcf7-form-control-wrap\" data-name=\"acceptance-215\"><span class=\"wpcf7-form-control wpcf7-acceptance\"><span class=\"wpcf7-list-item\"><input type=\"checkbox\" name=\"acceptance-215\" value=\"1\" aria-invalid=\"false\" \/><\/span><\/span><\/span>\n<\/p>\n<p><input class=\"wpcf7-form-control wpcf7-submit has-spinner\" type=\"submit\" value=\"Enviar\" \/>\n<\/p>\n<p>*En mi calidad de titular de los datos anteriormente entregados, me permito manifestar mi<br \/>\nautorizaci\u00f3n para su tratamiento a la C\u00e1mara de Comercio de Dosquebradas, con el fin de que<br \/>\nsean utilizados para: a) Atender la PQR presentada a la C\u00e1mara; b) Realizar una verificaci\u00f3n de la<br \/>\ninformaci\u00f3n proporcionada en el formulario, c) Realizar el env\u00edo de informaci\u00f3n relacionada con<br \/>\nprogramas, actividades, noticias, contenidos por \u00e1rea de inter\u00e9s, productos y dem\u00e1s servicios<br \/>\nofrecidos por la C\u00e1mara. Tal autorizaci\u00f3n permitir\u00e1 a la C\u00e1mara de Comercio, recolectar, transferir,<br \/>\nalmacenar, usar, circular, suprimir, compartir, actualizar y transmitir la informaci\u00f3n, de acuerdo con<br \/>\nel Manual de Pol\u00edticas y Procedimientos para el tratamiento de los datos personales.\n<\/p>\n<p>Los titulares podr\u00e1n ejercer en cualquier momento su derecho de conocer, actualizar, rectificar y<br \/>\nsolicitar la supresi\u00f3n de sus datos personales y\/o revocar su autorizaci\u00f3n, escribiendo al correo<br \/>\nelectr\u00f3nico protecciondatospersonales@camado.org.co, comunic\u00e1ndose con nosotros al tel\u00e9fono<br \/>\n+57 (6) 3228599 ext 102 o a trav\u00e9s de la p\u00e1gina web www.camado.org.co\n<\/p><input type='hidden' class='wpcf7-pum' value='{\"closepopup\":false,\"closedelay\":0,\"openpopup\":false,\"openpopup_id\":0}' \/><div class=\"wpcf7-response-output\" aria-hidden=\"true\"><\/div>\n<\/form>\n<\/div>\n\n<\/div><\/div><\/div><\/div><div class=\"vc_column td_uid_17_69f4bab134a89_rand  wpb_column vc_column_container tdc-column td-pb-span6\">\n<style scoped>\n\n\/* custom css *\/\n.td_uid_17_69f4bab134a89_rand {\r\n                    vertical-align: baseline;\r\n                }\n<\/style><div class=\"wpb_wrapper\"><div class=\"wpb_wrapper wpb_text_column td_block_wrap td_block_wrap vc_column_text td_uid_18_69f4bab134c56_rand  tagdiv-type td-pb-border-top td_block_template_1\"  data-td-block-uid=\"td_uid_18_69f4bab134c56\" ><div class=\"td-block-title-wrap\"><\/div><div class=\"td-fix-index\"><p>C\u00e1mara de Comercio de Dosquebradas<br \/>\u00c1rea de Eventos Especiales y Logistica<br \/>Sede Principal<br \/>Calle 41 No. 15-25 Barrio Buenos Aires<br \/>Dosquebradas \u2013 Risaralda<\/p>\n<p>(6) 3228599<br \/>ext. 110 \u2013 118<\/p>\n<p>promocion@camado.org.co<br \/>ejemoda@camado.org.co<\/p>\n<\/div><\/div><\/div><\/div><\/div><\/div><\/div><\/div>","protected":false},"excerpt":{"rendered":"","protected":false},"author":1,"featured_media":0,"parent":0,"menu_order":0,"comment_status":"closed","ping_status":"closed","template":"","meta":{"ngg_post_thumbnail":0,"footnotes":""},"class_list":["post-1434","page","type-page","status-publish"],"yoast_head":"<!-- This site is optimized with the Yoast SEO plugin v27.5 - https:\/\/yoast.com\/product\/yoast-seo-wordpress\/ -->\n<title>Cont\u00e1ctenos Eje Moda - C\u00e1mara de Comercio de Dosquebradas<\/title>\n<meta name=\"robots\" content=\"index, follow, max-snippet:-1, max-image-preview:large, max-video-preview:-1\" \/>\n<link rel=\"canonical\" href=\"https:\/\/www.camado.org.co\/web2\/contactenos-eje-moda\/\" \/>\n<meta property=\"og:locale\" content=\"es_ES\" \/>\n<meta property=\"og:type\" content=\"article\" \/>\n<meta property=\"og:title\" content=\"Cont\u00e1ctenos Eje Moda - C\u00e1mara de Comercio de Dosquebradas\" \/>\n<meta property=\"og:url\" content=\"https:\/\/www.camado.org.co\/web2\/contactenos-eje-moda\/\" \/>\n<meta property=\"og:site_name\" content=\"C\u00e1mara de Comercio de Dosquebradas\" \/>\n<meta property=\"article:modified_time\" content=\"2020-01-17T01:02:58+00:00\" \/>\n<meta name=\"twitter:card\" content=\"summary_large_image\" \/>\n<meta name=\"twitter:label1\" content=\"Tiempo de lectura\" \/>\n\t<meta name=\"twitter:data1\" content=\"2 minutos\" \/>\n<script type=\"application\/ld+json\" class=\"yoast-schema-graph\">{\"@context\":\"https:\\\/\\\/schema.org\",\"@graph\":[{\"@type\":\"WebPage\",\"@id\":\"https:\\\/\\\/www.camado.org.co\\\/web2\\\/contactenos-eje-moda\\\/\",\"url\":\"https:\\\/\\\/www.camado.org.co\\\/web2\\\/contactenos-eje-moda\\\/\",\"name\":\"Cont\u00e1ctenos Eje Moda - C\u00e1mara de Comercio de Dosquebradas\",\"isPartOf\":{\"@id\":\"https:\\\/\\\/www.camado.org.co\\\/web2\\\/#website\"},\"datePublished\":\"2020-01-17T00:57:12+00:00\",\"dateModified\":\"2020-01-17T01:02:58+00:00\",\"breadcrumb\":{\"@id\":\"https:\\\/\\\/www.camado.org.co\\\/web2\\\/contactenos-eje-moda\\\/#breadcrumb\"},\"inLanguage\":\"es\",\"potentialAction\":[{\"@type\":\"ReadAction\",\"target\":[\"https:\\\/\\\/www.camado.org.co\\\/web2\\\/contactenos-eje-moda\\\/\"]}]},{\"@type\":\"BreadcrumbList\",\"@id\":\"https:\\\/\\\/www.camado.org.co\\\/web2\\\/contactenos-eje-moda\\\/#breadcrumb\",\"itemListElement\":[{\"@type\":\"ListItem\",\"position\":1,\"name\":\"Portada\",\"item\":\"https:\\\/\\\/www.camado.org.co\\\/web2\\\/\"},{\"@type\":\"ListItem\",\"position\":2,\"name\":\"Cont\u00e1ctenos Eje Moda\"}]},{\"@type\":\"WebSite\",\"@id\":\"https:\\\/\\\/www.camado.org.co\\\/web2\\\/#website\",\"url\":\"https:\\\/\\\/www.camado.org.co\\\/web2\\\/\",\"name\":\"C\u00e1mara de Comercio de Dosquebradas\",\"description\":\"Camado\",\"potentialAction\":[{\"@type\":\"SearchAction\",\"target\":{\"@type\":\"EntryPoint\",\"urlTemplate\":\"https:\\\/\\\/www.camado.org.co\\\/web2\\\/?s={search_term_string}\"},\"query-input\":{\"@type\":\"PropertyValueSpecification\",\"valueRequired\":true,\"valueName\":\"search_term_string\"}}],\"inLanguage\":\"es\"}]}<\/script>\n<!-- \/ Yoast SEO plugin. -->","yoast_head_json":{"title":"Cont\u00e1ctenos Eje Moda - C\u00e1mara de Comercio de Dosquebradas","robots":{"index":"index","follow":"follow","max-snippet":"max-snippet:-1","max-image-preview":"max-image-preview:large","max-video-preview":"max-video-preview:-1"},"canonical":"https:\/\/www.camado.org.co\/web2\/contactenos-eje-moda\/","og_locale":"es_ES","og_type":"article","og_title":"Cont\u00e1ctenos Eje Moda - C\u00e1mara de Comercio de Dosquebradas","og_url":"https:\/\/www.camado.org.co\/web2\/contactenos-eje-moda\/","og_site_name":"C\u00e1mara de Comercio de Dosquebradas","article_modified_time":"2020-01-17T01:02:58+00:00","twitter_card":"summary_large_image","twitter_misc":{"Tiempo de lectura":"2 minutos"},"schema":{"@context":"https:\/\/schema.org","@graph":[{"@type":"WebPage","@id":"https:\/\/www.camado.org.co\/web2\/contactenos-eje-moda\/","url":"https:\/\/www.camado.org.co\/web2\/contactenos-eje-moda\/","name":"Cont\u00e1ctenos Eje Moda - C\u00e1mara de Comercio de Dosquebradas","isPartOf":{"@id":"https:\/\/www.camado.org.co\/web2\/#website"},"datePublished":"2020-01-17T00:57:12+00:00","dateModified":"2020-01-17T01:02:58+00:00","breadcrumb":{"@id":"https:\/\/www.camado.org.co\/web2\/contactenos-eje-moda\/#breadcrumb"},"inLanguage":"es","potentialAction":[{"@type":"ReadAction","target":["https:\/\/www.camado.org.co\/web2\/contactenos-eje-moda\/"]}]},{"@type":"BreadcrumbList","@id":"https:\/\/www.camado.org.co\/web2\/contactenos-eje-moda\/#breadcrumb","itemListElement":[{"@type":"ListItem","position":1,"name":"Portada","item":"https:\/\/www.camado.org.co\/web2\/"},{"@type":"ListItem","position":2,"name":"Cont\u00e1ctenos Eje Moda"}]},{"@type":"WebSite","@id":"https:\/\/www.camado.org.co\/web2\/#website","url":"https:\/\/www.camado.org.co\/web2\/","name":"C\u00e1mara de Comercio de Dosquebradas","description":"Camado","potentialAction":[{"@type":"SearchAction","target":{"@type":"EntryPoint","urlTemplate":"https:\/\/www.camado.org.co\/web2\/?s={search_term_string}"},"query-input":{"@type":"PropertyValueSpecification","valueRequired":true,"valueName":"search_term_string"}}],"inLanguage":"es"}]}},"_links":{"self":[{"href":"https:\/\/www.camado.org.co\/web2\/wp-json\/wp\/v2\/pages\/1434","targetHints":{"allow":["GET"]}}],"collection":[{"href":"https:\/\/www.camado.org.co\/web2\/wp-json\/wp\/v2\/pages"}],"about":[{"href":"https:\/\/www.camado.org.co\/web2\/wp-json\/wp\/v2\/types\/page"}],"author":[{"embeddable":true,"href":"https:\/\/www.camado.org.co\/web2\/wp-json\/wp\/v2\/users\/1"}],"replies":[{"embeddable":true,"href":"https:\/\/www.camado.org.co\/web2\/wp-json\/wp\/v2\/comments?post=1434"}],"version-history":[{"count":3,"href":"https:\/\/www.camado.org.co\/web2\/wp-json\/wp\/v2\/pages\/1434\/revisions"}],"predecessor-version":[{"id":1437,"href":"https:\/\/www.camado.org.co\/web2\/wp-json\/wp\/v2\/pages\/1434\/revisions\/1437"}],"wp:attachment":[{"href":"https:\/\/www.camado.org.co\/web2\/wp-json\/wp\/v2\/media?parent=1434"}],"curies":[{"name":"wp","href":"https:\/\/api.w.org\/{rel}","templated":true}]}}