{"id":1901,"date":"2020-03-30T16:36:08","date_gmt":"2020-03-30T16:36:08","guid":{"rendered":"http:\/\/www.camado.org.co\/web2\/?page_id=1901"},"modified":"2023-01-26T21:32:00","modified_gmt":"2023-01-26T21:32:00","slug":"aviso-de-proteccion-de-datos-personales","status":"publish","type":"page","link":"https:\/\/www.camado.org.co\/web2\/aviso-de-proteccion-de-datos-personales\/","title":{"rendered":"\u00a1AVISO DE PROTECCI\u00d3N DE DATOS PERSONALES!"},"content":{"rendered":"\n<p><strong>AVISO DE PRIVACIDAD<\/strong><br><br>El responsable del tratamiento de sus datos personales es la C\u00c1MARA DE COMERCIO DE DOSQUEBRADAS, y ser\u00e1n usados tanto para cumplir las funciones establecidas en el C\u00f3digo de Comercio Colombiano, en el art\u00edculo 4 del Decreto 2042 de 2014 y en las dem\u00e1s normas que complementen su marco jur\u00eddico operacional, as\u00ed como para el desarrollo de actividades en el marco de su gesti\u00f3n, entre ellos, almacenarlos, usarlos, hacerlos circular, compartirlos, realizar encuestas e invitaciones sobre eventos, cursos, capacitaciones, suprimirlos, documentar eventos a trav\u00e9s de fotograf\u00edas, videos, grabaciones de voz, encuestas, evaluaci\u00f3n de eventos, y para lo dem\u00e1s que sea para fines relacionados con el objeto social, programas o proyectos de la CCD.<br><br>La CCD en cumplimiento de lo definido en la Ley 1581 de 2012, en los cap\u00edtulos 25 y 26 del Decreto \u00danico 1074 de 2015 y en la Pol\u00edtica de Protecci\u00f3n de Datos Personales, le informa que usted podr\u00e1 ejercer los derechos de conocer, actualizar, rectificar, suprimir sus datos personales eventuales encargados, este derecho se podr\u00e1 ejercer, entre otros frente a datos parciales, inexactos, incompletos, fraccionados, que induzcan a error, o aquellos cuyo tratamiento est\u00e9 expresamente prohibido o no haya sido autorizado&nbsp;el cual podr\u00e1 ejercer de acuerdo al procedimiento regulados en la ley 1581 de 2021, solicitar prueba de la autorizaci\u00f3n, ser informado, previa solicitud, respecto del uso que se le ha dado a sus datos personales, presentar ante la superintendencia de industria y comercio en contra de la CCD por infracciones a la ley 1581 de 2012, y las dem\u00e1s normas que la modifiquen, adicionen o complementen, revocar la autorizaci\u00f3n y\/o solicitar la supresi\u00f3n del dato cuando en el tratamiento no se respeten los principios, derechos y garant\u00edas constitucionales y legales. La revocatoria y\/o supresi\u00f3n proceder\u00e1 cuando la Superintendencia de Industria y Comercio haya determinado que la CCD o encargado han incurrido en conductas contrarias a esta ley y a la Constituci\u00f3n, acceder en forma gratuita a sus datos personales que hayan sido objeto de tratamiento, responder de forma facultativa las preguntas relativas a los datos sensibles o sobre los datos de los ni\u00f1os, ni\u00f1as y adolescentes, en caso de haber cambios sustanciales en el contenido de las pol\u00edticas del Tratamiento de datos personales, en la identificaci\u00f3n y finalidad del tratamiento de los datos personales, los cuales puedan afectar el contenido de la autorizaci\u00f3n, La CCD &nbsp;le comunicar\u00e1 estos cambios &nbsp;y solicitar\u00e1 una nueva autorizaci\u00f3n. Como titular, usted podr\u00e1 ejercer sus derechos siguiendo los procedimientos consagrados en la ley 1581 de 2012 y en el Manual de Pol\u00edticas y Procedimientos para Tratamiento de Datos Personales publicado en la p\u00e1gina web&nbsp;<a rel=\"noreferrer noopener\" href=\"https:\/\/www.google.com\/url?q=http:\/\/www.camado.org.co&amp;sa=D&amp;source=editors&amp;ust=1631892016568000&amp;usg=AFQjCNEjr1t4fZsVPW7Opg2NeG6-7KhrGg\" target=\"_blank\">www.camado.org.co<\/a>. Para dudas e inquietudes relacionadas con estos temas puede escribirnos a:&nbsp;<a rel=\"noreferrer noopener\" href=\"mailto:protecciondatospersonales@camado.org.co\" target=\"_blank\">protecciondatospersonales@camado.org.co<\/a>&nbsp;o para mayor informaci\u00f3n puede consultarse el link&nbsp;<a rel=\"noreferrer noopener\" href=\"https:\/\/www.camado.org.co\/web2\/politicas-y-lineamientos\/\" target=\"_blank\">https:\/\/www.camado.org.co\/web2\/politicas-y-lineamientos\/<\/a><\/p>\n\n\n\n<p><strong>AUTORIZACI\u00d3N EXPRESA PARA EL TRATAMIENTO DE LOS DATOS PERSONALES<br><\/strong>En mi calidad de titular de la informaci\u00f3n, una vez le\u00eddo lo anterior y al diligenciar cualquier formulario autorizo de manera previa, expl\u00edcita e inequ\u00edvoca a la CCD para el tratamiento de los datos personales suministrados por mi persona dentro de las finalidades legales, contractuales y comerciales aqu\u00ed contempladas. Autorizo tambi\u00e9n la publicaci\u00f3n de las im\u00e1genes o fotograf\u00edas en donde aparezca en el desarrollo de esta actividad. Declaro ser el titular de la informaci\u00f3n reportada y que la he suministrado de forma voluntaria, completa, y que corresponde a la veracidad de mis datos.<\/p>\n\n\n\n<p><\/p>\n","protected":false},"excerpt":{"rendered":"<p>AVISO DE PRIVACIDAD El responsable del tratamiento de sus datos personales es la C\u00c1MARA DE COMERCIO DE DOSQUEBRADAS, y ser\u00e1n usados tanto para cumplir las funciones establecidas en el C\u00f3digo de Comercio Colombiano, en el art\u00edculo 4 del Decreto 2042 de 2014 y en las dem\u00e1s normas que complementen su marco jur\u00eddico operacional, as\u00ed como [&hellip;]<\/p>\n","protected":false},"author":1,"featured_media":0,"parent":0,"menu_order":0,"comment_status":"closed","ping_status":"closed","template":"","meta":{"ngg_post_thumbnail":0,"footnotes":""},"class_list":["post-1901","page","type-page","status-publish"],"yoast_head":"<!-- This site is optimized with the Yoast SEO plugin v27.4 - https:\/\/yoast.com\/product\/yoast-seo-wordpress\/ -->\n<title>\u00a1AVISO DE PROTECCI\u00d3N DE DATOS PERSONALES! - C\u00e1mara de Comercio de Dosquebradas<\/title>\n<meta name=\"robots\" content=\"index, follow, max-snippet:-1, max-image-preview:large, max-video-preview:-1\" \/>\n<link rel=\"canonical\" href=\"https:\/\/www.camado.org.co\/web2\/aviso-de-proteccion-de-datos-personales\/\" \/>\n<meta property=\"og:locale\" content=\"es_ES\" \/>\n<meta property=\"og:type\" content=\"article\" \/>\n<meta property=\"og:title\" content=\"\u00a1AVISO DE PROTECCI\u00d3N DE DATOS PERSONALES! - C\u00e1mara de Comercio de Dosquebradas\" \/>\n<meta property=\"og:description\" content=\"AVISO DE PRIVACIDAD El responsable del tratamiento de sus datos personales es la C\u00c1MARA DE COMERCIO DE DOSQUEBRADAS, y ser\u00e1n usados tanto para cumplir las funciones establecidas en el C\u00f3digo de Comercio Colombiano, en el art\u00edculo 4 del Decreto 2042 de 2014 y en las dem\u00e1s normas que complementen su marco jur\u00eddico operacional, as\u00ed como [&hellip;]\" \/>\n<meta property=\"og:url\" content=\"https:\/\/www.camado.org.co\/web2\/aviso-de-proteccion-de-datos-personales\/\" \/>\n<meta property=\"og:site_name\" content=\"C\u00e1mara de Comercio de Dosquebradas\" \/>\n<meta property=\"article:modified_time\" content=\"2023-01-26T21:32:00+00:00\" \/>\n<meta name=\"twitter:card\" content=\"summary_large_image\" \/>\n<meta name=\"twitter:label1\" content=\"Tiempo de lectura\" \/>\n\t<meta name=\"twitter:data1\" content=\"3 minutos\" \/>\n<script type=\"application\/ld+json\" class=\"yoast-schema-graph\">{\"@context\":\"https:\\\/\\\/schema.org\",\"@graph\":[{\"@type\":\"WebPage\",\"@id\":\"https:\\\/\\\/www.camado.org.co\\\/web2\\\/aviso-de-proteccion-de-datos-personales\\\/\",\"url\":\"https:\\\/\\\/www.camado.org.co\\\/web2\\\/aviso-de-proteccion-de-datos-personales\\\/\",\"name\":\"\u00a1AVISO DE PROTECCI\u00d3N DE DATOS PERSONALES! - C\u00e1mara de Comercio de Dosquebradas\",\"isPartOf\":{\"@id\":\"https:\\\/\\\/www.camado.org.co\\\/web2\\\/#website\"},\"datePublished\":\"2020-03-30T16:36:08+00:00\",\"dateModified\":\"2023-01-26T21:32:00+00:00\",\"breadcrumb\":{\"@id\":\"https:\\\/\\\/www.camado.org.co\\\/web2\\\/aviso-de-proteccion-de-datos-personales\\\/#breadcrumb\"},\"inLanguage\":\"es\",\"potentialAction\":[{\"@type\":\"ReadAction\",\"target\":[\"https:\\\/\\\/www.camado.org.co\\\/web2\\\/aviso-de-proteccion-de-datos-personales\\\/\"]}]},{\"@type\":\"BreadcrumbList\",\"@id\":\"https:\\\/\\\/www.camado.org.co\\\/web2\\\/aviso-de-proteccion-de-datos-personales\\\/#breadcrumb\",\"itemListElement\":[{\"@type\":\"ListItem\",\"position\":1,\"name\":\"Portada\",\"item\":\"https:\\\/\\\/www.camado.org.co\\\/web2\\\/\"},{\"@type\":\"ListItem\",\"position\":2,\"name\":\"\u00a1AVISO DE PROTECCI\u00d3N DE DATOS PERSONALES!\"}]},{\"@type\":\"WebSite\",\"@id\":\"https:\\\/\\\/www.camado.org.co\\\/web2\\\/#website\",\"url\":\"https:\\\/\\\/www.camado.org.co\\\/web2\\\/\",\"name\":\"C\u00e1mara de Comercio de Dosquebradas\",\"description\":\"Camado\",\"potentialAction\":[{\"@type\":\"SearchAction\",\"target\":{\"@type\":\"EntryPoint\",\"urlTemplate\":\"https:\\\/\\\/www.camado.org.co\\\/web2\\\/?s={search_term_string}\"},\"query-input\":{\"@type\":\"PropertyValueSpecification\",\"valueRequired\":true,\"valueName\":\"search_term_string\"}}],\"inLanguage\":\"es\"}]}<\/script>\n<!-- \/ Yoast SEO plugin. -->","yoast_head_json":{"title":"\u00a1AVISO DE PROTECCI\u00d3N DE DATOS PERSONALES! - C\u00e1mara de Comercio de Dosquebradas","robots":{"index":"index","follow":"follow","max-snippet":"max-snippet:-1","max-image-preview":"max-image-preview:large","max-video-preview":"max-video-preview:-1"},"canonical":"https:\/\/www.camado.org.co\/web2\/aviso-de-proteccion-de-datos-personales\/","og_locale":"es_ES","og_type":"article","og_title":"\u00a1AVISO DE PROTECCI\u00d3N DE DATOS PERSONALES! - C\u00e1mara de Comercio de Dosquebradas","og_description":"AVISO DE PRIVACIDAD El responsable del tratamiento de sus datos personales es la C\u00c1MARA DE COMERCIO DE DOSQUEBRADAS, y ser\u00e1n usados tanto para cumplir las funciones establecidas en el C\u00f3digo de Comercio Colombiano, en el art\u00edculo 4 del Decreto 2042 de 2014 y en las dem\u00e1s normas que complementen su marco jur\u00eddico operacional, as\u00ed como [&hellip;]","og_url":"https:\/\/www.camado.org.co\/web2\/aviso-de-proteccion-de-datos-personales\/","og_site_name":"C\u00e1mara de Comercio de Dosquebradas","article_modified_time":"2023-01-26T21:32:00+00:00","twitter_card":"summary_large_image","twitter_misc":{"Tiempo de lectura":"3 minutos"},"schema":{"@context":"https:\/\/schema.org","@graph":[{"@type":"WebPage","@id":"https:\/\/www.camado.org.co\/web2\/aviso-de-proteccion-de-datos-personales\/","url":"https:\/\/www.camado.org.co\/web2\/aviso-de-proteccion-de-datos-personales\/","name":"\u00a1AVISO DE PROTECCI\u00d3N DE DATOS PERSONALES! - C\u00e1mara de Comercio de Dosquebradas","isPartOf":{"@id":"https:\/\/www.camado.org.co\/web2\/#website"},"datePublished":"2020-03-30T16:36:08+00:00","dateModified":"2023-01-26T21:32:00+00:00","breadcrumb":{"@id":"https:\/\/www.camado.org.co\/web2\/aviso-de-proteccion-de-datos-personales\/#breadcrumb"},"inLanguage":"es","potentialAction":[{"@type":"ReadAction","target":["https:\/\/www.camado.org.co\/web2\/aviso-de-proteccion-de-datos-personales\/"]}]},{"@type":"BreadcrumbList","@id":"https:\/\/www.camado.org.co\/web2\/aviso-de-proteccion-de-datos-personales\/#breadcrumb","itemListElement":[{"@type":"ListItem","position":1,"name":"Portada","item":"https:\/\/www.camado.org.co\/web2\/"},{"@type":"ListItem","position":2,"name":"\u00a1AVISO DE PROTECCI\u00d3N DE DATOS PERSONALES!"}]},{"@type":"WebSite","@id":"https:\/\/www.camado.org.co\/web2\/#website","url":"https:\/\/www.camado.org.co\/web2\/","name":"C\u00e1mara de Comercio de Dosquebradas","description":"Camado","potentialAction":[{"@type":"SearchAction","target":{"@type":"EntryPoint","urlTemplate":"https:\/\/www.camado.org.co\/web2\/?s={search_term_string}"},"query-input":{"@type":"PropertyValueSpecification","valueRequired":true,"valueName":"search_term_string"}}],"inLanguage":"es"}]}},"_links":{"self":[{"href":"https:\/\/www.camado.org.co\/web2\/wp-json\/wp\/v2\/pages\/1901","targetHints":{"allow":["GET"]}}],"collection":[{"href":"https:\/\/www.camado.org.co\/web2\/wp-json\/wp\/v2\/pages"}],"about":[{"href":"https:\/\/www.camado.org.co\/web2\/wp-json\/wp\/v2\/types\/page"}],"author":[{"embeddable":true,"href":"https:\/\/www.camado.org.co\/web2\/wp-json\/wp\/v2\/users\/1"}],"replies":[{"embeddable":true,"href":"https:\/\/www.camado.org.co\/web2\/wp-json\/wp\/v2\/comments?post=1901"}],"version-history":[{"count":6,"href":"https:\/\/www.camado.org.co\/web2\/wp-json\/wp\/v2\/pages\/1901\/revisions"}],"predecessor-version":[{"id":5258,"href":"https:\/\/www.camado.org.co\/web2\/wp-json\/wp\/v2\/pages\/1901\/revisions\/5258"}],"wp:attachment":[{"href":"https:\/\/www.camado.org.co\/web2\/wp-json\/wp\/v2\/media?parent=1901"}],"curies":[{"name":"wp","href":"https:\/\/api.w.org\/{rel}","templated":true}]}}