{"id":228,"date":"2019-11-18T00:15:34","date_gmt":"2019-11-18T00:15:34","guid":{"rendered":"http:\/\/www.camado.org.co\/web2\/?page_id=228"},"modified":"2026-02-20T20:26:51","modified_gmt":"2026-02-20T20:26:51","slug":"contactenos","status":"publish","type":"page","link":"https:\/\/www.camado.org.co\/web2\/contactenos\/","title":{"rendered":"Cont\u00e1ctenos"},"content":{"rendered":"<div id=\"td_uid_1_6a04ed9f964e0\" class=\"tdc-zone\"><div class=\"tdc_zone td_uid_1_6a04ed9f964ee_rand  wpb_row td-pb-row\"  >\n<style scoped>\n\n\/* custom css *\/\n.td_uid_1_6a04ed9f964ee_rand {\r\n                    min-height: 0;\r\n                }\n<\/style><div id=\"td_uid_2_6a04ed9f96d0a\" class=\"tdc-row\"><div class=\"vc_row td_uid_2_6a04ed9f96d10_rand  wpb_row td-pb-row\" >\n<style scoped>\n\n\/* custom css *\/\n.td_uid_2_6a04ed9f96d10_rand {\r\n                    min-height: 0;\r\n                }\n<\/style><div class=\"vc_column td_uid_3_6a04ed9f970ad_rand  wpb_column vc_column_container tdc-column td-pb-span12\">\n<style scoped>\n\n\/* custom css *\/\n.td_uid_3_6a04ed9f970ad_rand {\r\n                    vertical-align: baseline;\r\n                }\n<\/style><div class=\"wpb_wrapper\"><div class=\"tdm_block td_block_wrap tdm_block_column_title td_uid_4_6a04ed9f97457_rand tdm-content-horiz-left td-pb-border-top td_block_template_1\"  data-td-block-uid=\"td_uid_4_6a04ed9f97457\" ><div class=\"td-block-row\"><div class=\"td-block-span12 tdm-col\">\n<style>\n\n<\/style><div class=\"tds-title tds-title1 td-fix-index td_uid_5_6a04ed9f9938e\"><h3 class=\"tdm-title tdm-title-md\">Atenci\u00f3n al Cliente<\/h3><\/div><\/div><\/div><\/div><div class=\"tdm_block td_block_wrap tdm_block_inline_text td_uid_6_6a04ed9f9985d_rand tdm-inline-block tdm-content-horiz-left td-pb-border-top td_block_template_1\"  data-td-block-uid=\"td_uid_6_6a04ed9f9985d\" >\n<style>\n\/* custom css *\/\n.td_uid_6_6a04ed9f9985d_rand .tdm-descr {\r\n\t\t\t\t\tfont-size:20px !important;font-weight:400 !important;\r\n\t\t\t\t}\n<\/style><p class=\"tdm-descr\">En la C\u00e1mara de Comercio de Dosquebradas nos interesa conocer su opini\u00f3n y poder atender todas sus solicitudes. Por esta raz\u00f3n, contamos con diversos canales de contacto. Nos comprometemos a darle respuesta a sus inquietudes y prestarle nuestros servicios.\n\nNuestros canales de atenci\u00f3n son: Virtuales y Presenciales. Puede acceder al canal de atenci\u00f3n virtual a trav\u00e9s del men\u00fa Registros P\u00fablicos y en la p\u00e1gina de inicio de camado.org.co\nTambi\u00e9n puede acceder a los canales de atenci\u00f3n presencial es nuestras Sedes.<\/p><\/div><div class=\"wpb_wrapper td_block_empty_space td_block_wrap vc_empty_space td_uid_7_6a04ed9f99e94_rand \"  style=\"height: 32px\"><\/div><div class=\"vc_row_inner td_uid_8_6a04ed9f99ee5_rand  vc_row vc_inner wpb_row td-pb-row\" >\n<style scoped>\n\n\/* custom css *\/\n.td_uid_8_6a04ed9f99ee5_rand {\r\n                    position: relative !important;\r\n                    top: 0;\r\n                    transform: none;\r\n                    -webkit-transform: none;\r\n                }\n<\/style><div class=\"vc_column_inner td_uid_9_6a04ed9f9a130_rand  wpb_column vc_column_container tdc-inner-column td-pb-span4\">\n<style scoped>\n\n\/* custom css *\/\n.td_uid_9_6a04ed9f9a130_rand {\r\n                    vertical-align: baseline;\r\n                }\n<\/style><div class=\"vc_column-inner\"><div class=\"wpb_wrapper\"><div class=\"tdm_block td_block_wrap tdm_block_column_title td_uid_10_6a04ed9f9a2cb_rand tdm-content-horiz-left td-pb-border-top td_block_template_1\"  data-td-block-uid=\"td_uid_10_6a04ed9f9a2cb\" ><div class=\"td-block-row\"><div class=\"td-block-span12 tdm-col\">\n<style>\n\n<\/style><div class=\"tds-title tds-title1 td-fix-index td_uid_11_6a04ed9f9aaaf\"><h3 class=\"tdm-title tdm-title-md\">Sede principal, Administrativa y de Registros<\/h3><\/div><\/div><\/div><\/div><div class=\"wpb_wrapper td_block_single_image td_block_wrap  td-no-img-custom-url td_block_wrap vc_single_image td_uid_12_6a04ed9f9adba_rand  td-single-image- td-pb-border-top td_block_template_1\"><a \r\n\t\t\tclass=\"td_single_image_bg\" \r\n\t\t\tstyle=\"background-image: url('https:\/\/www.camado.org.co\/web2\/wp-content\/uploads\/2019\/11\/sede-administrativa-camara-de-comercio-dosquebradas.jpg'); background-size: cover; background-repeat: no-repeat; background-position: center center;\" \r\n\t\t\thref=\"#\"  \r\n\t\t\trel=\"bookmark\"><\/a>\n<style>\n\/* custom css *\/\n.td_uid_12_6a04ed9f9adba_rand .td_single_image_bg {\r\n\t\t\t\t    z-index: 1;\r\n\t\t\t\t}\r\n\t\t\t\t\r\n\t\t\t\t.td_uid_12_6a04ed9f9adba_rand .td_single_image_bg {\r\n\t\t\t\t\theight: 235px;\r\n\t\t\t\t\tpadding-bottom: 0;\r\n\t\t\t\t}\n<\/style><\/div><div class=\"wpb_wrapper wpb_text_column td_block_wrap td_block_wrap vc_column_text td_uid_13_6a04ed9f9b7ff_rand  tagdiv-type td-pb-border-top td_block_template_1\"  data-td-block-uid=\"td_uid_13_6a04ed9f9b7ff\" ><div class=\"td-block-title-wrap\"><\/div><div class=\"td-fix-index\"><p>Calle 41 No. 15 &#8211; 25<br \/>\nBarrio Buenos Aires.<br \/>\nDosquebradas, Risaralda.<br \/>\n<strong>PBX:<\/strong>(+57) (606) 3228599<br \/>\n<strong>Notificaci\u00f3n Judicial :<\/strong><br \/>\ncontactenos@camado.org.co<\/p>\n<\/div><\/div><\/div><\/div><\/div><div class=\"vc_column_inner td_uid_14_6a04ed9f9ce9c_rand  wpb_column vc_column_container tdc-inner-column td-pb-span4\">\n<style scoped>\n\n\/* custom css *\/\n.td_uid_14_6a04ed9f9ce9c_rand {\r\n                    vertical-align: baseline;\r\n                }\n<\/style><div class=\"vc_column-inner\"><div class=\"wpb_wrapper\"><div class=\"tdm_block td_block_wrap tdm_block_column_title td_uid_15_6a04ed9f9d007_rand tdm-content-horiz-left td-pb-border-top td_block_template_1\"  data-td-block-uid=\"td_uid_15_6a04ed9f9d007\" ><div class=\"td-block-row\"><div class=\"td-block-span12 tdm-col\">\n<style>\n\n<\/style><div class=\"tds-title tds-title1 td-fix-index td_uid_16_6a04ed9f9d4b1\"><h3 class=\"tdm-title tdm-title-md\">Sede TIP (Tecnolog\u00eda, Innovaci\u00f3n y Proyectos)<\/h3><\/div><\/div><\/div><\/div><div class=\"wpb_wrapper td_block_single_image td_block_wrap  td-no-img-custom-url td_block_wrap vc_single_image td_uid_17_6a04ed9f9d79d_rand  td-single-image- td-pb-border-top td_block_template_1\"><a \r\n\t\t\tclass=\"td_single_image_bg\" \r\n\t\t\tstyle=\"background-image: url('https:\/\/www.camado.org.co\/web2\/wp-content\/uploads\/2019\/11\/sede-centro.jpg'); background-size: cover; background-repeat: no-repeat; background-position: center center;\" \r\n\t\t\thref=\"#\"  \r\n\t\t\trel=\"bookmark\"><\/a>\n<style>\n\n\/* inline tdc_css att *\/\n\n.td_uid_17_6a04ed9f9d79d_rand{\npadding-top:35px !important;\n}\n\n<\/style>\n<style>\n\/* custom css *\/\n.td_uid_17_6a04ed9f9d79d_rand .td_single_image_bg {\r\n\t\t\t\t    z-index: 1;\r\n\t\t\t\t}\r\n\t\t\t\t\r\n\t\t\t\t.td_uid_17_6a04ed9f9d79d_rand .td_single_image_bg {\r\n\t\t\t\t\theight: 238px;\r\n\t\t\t\t\tpadding-bottom: 0;\r\n\t\t\t\t}\n<\/style><\/div><div class=\"wpb_wrapper wpb_text_column td_block_wrap td_block_wrap vc_column_text td_uid_18_6a04ed9f9e04d_rand  tagdiv-type td-pb-border-top td_block_template_1\"  data-td-block-uid=\"td_uid_18_6a04ed9f9e04d\" ><div class=\"td-block-title-wrap\"><\/div><div class=\"td-fix-index\"><p>Calle 35 No. 16 \u2013 33<br \/>\nBarrio Guadalupe.<br \/>\nDosquebradas, Risaralda.<br \/>\n<strong>PBX:<\/strong> (+57) (606) 3228599<br \/>\n<strong>Notificaci\u00f3n Judicial :<\/strong><br \/>\ncontactenos@camado.org.co<\/p>\n<\/div><\/div><\/div><\/div><\/div><div class=\"vc_column_inner td_uid_19_6a04ed9f9efae_rand  wpb_column vc_column_container tdc-inner-column td-pb-span4\">\n<style scoped>\n\n\/* custom css *\/\n.td_uid_19_6a04ed9f9efae_rand {\r\n                    vertical-align: baseline;\r\n                }\n\/* inline tdc_css att *\/\n\n.td_uid_19_6a04ed9f9efae_rand{\nposition:relative;\n}\n\n<\/style>\n<div class=\"td_uid_8_6a04ed9f9efa9_rand_style td-element-style\" ><style>\n.td_uid_8_6a04ed9f9efa9_rand_style{\nbackground-color:#e5e5e5 !important;\n}\n <\/style><\/div><div class=\"vc_column-inner\"><div class=\"wpb_wrapper\"><div class=\"tdm_block td_block_wrap tdm_block_column_title td_uid_20_6a04ed9f9f147_rand tdm-content-horiz-left td-pb-border-top td_block_template_1\"  data-td-block-uid=\"td_uid_20_6a04ed9f9f147\" ><div class=\"td-block-row\"><div class=\"td-block-span12 tdm-col\">\n<style>\n.td_uid_21_6a04ed9f9f547 .tdm-title {\r\n\t\t\t\t\tfont-size:20px !important;font-weight:700 !important;\r\n\t\t\t\t}\n<\/style><div class=\"tds-title tds-title1 td-fix-index td_uid_21_6a04ed9f9f547\"><h3 class=\"tdm-title tdm-title-md\">Horarios<\/h3><\/div><\/div><\/div><\/div><div class=\"tdm_block td_block_wrap tdm_block_column_title td_uid_22_6a04ed9f9f9cd_rand tdm-content-horiz-left td-pb-border-top td_block_template_1\"  data-td-block-uid=\"td_uid_22_6a04ed9f9f9cd\" ><div class=\"td-block-row\"><div class=\"td-block-span12 tdm-col\">\n<style>\n.td_uid_23_6a04ed9f9fdc0 .tdm-title {\r\n\t\t\t\t\tfont-size:16px !important;font-weight:700 !important;\r\n\t\t\t\t}\n<\/style><div class=\"tds-title tds-title1 td-fix-index td_uid_23_6a04ed9f9fdc0\"><h3 class=\"tdm-title tdm-title-md\">Sede principal y Administrativa\n<br>Sede TIP<\/h3><\/div><\/div><\/div><\/div><div class=\"wpb_wrapper wpb_text_column td_block_wrap td_block_wrap vc_column_text td_uid_24_6a04ed9fa01f9_rand  tagdiv-type td-pb-border-top td_block_template_1\"  data-td-block-uid=\"td_uid_24_6a04ed9fa01f9\" ><div class=\"td-block-title-wrap\"><\/div><div class=\"td-fix-index\"><p>Lunes a Viernes<br \/>\n8:00 a.m. a 4:00 p.m.<br \/>\nJornada Continua<\/p>\n<\/div><\/div><div class=\"tdm_block td_block_wrap tdm_block_column_title td_uid_25_6a04ed9fa14d9_rand tdm-content-horiz-left td-pb-border-top td_block_template_1\"  data-td-block-uid=\"td_uid_25_6a04ed9fa14d9\" ><div class=\"td-block-row\"><div class=\"td-block-span12 tdm-col\">\n<style>\n.td_uid_26_6a04ed9fa19da .tdm-title {\r\n\t\t\t\t\tfont-size:16px !important;font-weight:700 !important;\r\n\t\t\t\t}\n<\/style><div class=\"tds-title tds-title1 td-fix-index td_uid_26_6a04ed9fa19da\"><h3 class=\"tdm-title tdm-title-md\">Registros P\u00fablicos<\/h3><\/div><\/div><\/div><\/div><div class=\"wpb_wrapper wpb_text_column td_block_wrap td_block_wrap vc_column_text td_uid_27_6a04ed9fa1d5f_rand  tagdiv-type td-pb-border-top td_block_template_1\"  data-td-block-uid=\"td_uid_27_6a04ed9fa1d5f\" ><div class=\"td-block-title-wrap\"><\/div><div class=\"td-fix-index\"><p>Lunes a Viernes<br \/>\n8:00 a.m. a 4:00 p.m.<br \/>\nJornada Continua<\/p>\n<\/div><\/div><div class=\"tdm_block td_block_wrap tdm_block_column_title td_uid_28_6a04ed9fa2f41_rand tdm-content-horiz-left td-pb-border-top td_block_template_1\"  data-td-block-uid=\"td_uid_28_6a04ed9fa2f41\" ><div class=\"td-block-row\"><div class=\"td-block-span12 tdm-col\">\n<style>\n.td_uid_29_6a04ed9fa33e0 .tdm-title {\r\n\t\t\t\t\tfont-size:16px !important;font-weight:700 !important;\r\n\t\t\t\t}\n<\/style><div class=\"tds-title tds-title1 td-fix-index td_uid_29_6a04ed9fa33e0\"><h3 class=\"tdm-title tdm-title-md\">Notificaci\u00f3n Judicial<\/h3><\/div><\/div><\/div><\/div><div class=\"wpb_wrapper wpb_text_column td_block_wrap td_block_wrap vc_column_text td_uid_30_6a04ed9fa371f_rand  tagdiv-type td-pb-border-top td_block_template_1\"  data-td-block-uid=\"td_uid_30_6a04ed9fa371f\" ><div class=\"td-block-title-wrap\"><\/div><div class=\"td-fix-index\"><p><a href=\"mailto:contactenos@camado.org.co\">contactenos@camado.org.co<\/a><\/p>\n<\/div><\/div><div class=\"tdm_block td_block_wrap tdm_block_column_title td_uid_31_6a04ed9fa4994_rand tdm-content-horiz-left td-pb-border-top td_block_template_1\"  data-td-block-uid=\"td_uid_31_6a04ed9fa4994\" ><div class=\"td-block-row\"><div class=\"td-block-span12 tdm-col\">\n<style>\n.td_uid_32_6a04ed9fa4dad .tdm-title {\r\n\t\t\t\t\tfont-size:16px !important;font-weight:700 !important;\r\n\t\t\t\t}\n<\/style><div class=\"tds-title tds-title1 td-fix-index td_uid_32_6a04ed9fa4dad\"><h3 class=\"tdm-title tdm-title-md\">L\u00ednea de servicio al cliente<\/h3><\/div><\/div><\/div><\/div><div class=\"wpb_wrapper wpb_text_column td_block_wrap td_block_wrap vc_column_text td_uid_33_6a04ed9fa50ab_rand  tagdiv-type td-pb-border-top td_block_template_1\"  data-td-block-uid=\"td_uid_33_6a04ed9fa50ab\" ><div class=\"td-block-title-wrap\"><\/div><div class=\"td-fix-index\"><p><strong>PBX:<\/strong>(+57) (606) 3228599<\/p>\n<\/div><\/div><\/div><\/div><\/div><\/div><div class=\"wpb_wrapper wpb_text_column td_block_wrap td_block_wrap vc_column_text td_uid_34_6a04ed9fa627a_rand  tagdiv-type td-pb-border-top td_block_template_1\"  data-td-block-uid=\"td_uid_34_6a04ed9fa627a\" ><div class=\"td-block-title-wrap\"><\/div><div class=\"td-fix-index\"><h1 style=\"text-align: center;\">Escr\u00edbenos por medio del <span style=\"text-decoration: underline;\"><span style=\"color: #ff0000;\"><a style=\"color: #ff0000; text-decoration: underline;\" href=\"https:\/\/docs.google.com\/forms\/d\/e\/1FAIpQLSf7nAOUk0eesGBX0KLdomZhpIOxDPzrW9-pBhUMi_DD7SIdEQ\/viewform\" target=\"_blank\" rel=\"noopener noreferrer\">FORMULARIO<\/a><\/span><\/span><\/h1>\n<p><em><strong>Nota: Si acepta ingresar y diligenciar el formulario es porque admite conocer la pol\u00edtica de privacidad y confidencialidad de la informaci\u00f3n sobre el tratamiento de los datos personales indicados m\u00e1s abajo y se acoge a la misma.<\/strong><\/em><\/p>\n<div>\n<div><b>AVISO DE PROTECCI\u00d3N DE DATOS PERSONALES<\/b><\/div>\n<div>El responsable del tratamiento de sus datos personales es la C\u00c1MARA DE COMERCIO DE DOSQUEBRADAS, y ser\u00e1n usados tanto para cumplir las funciones establecidas en el C\u00f3digo de Comercio Colombiano, en el art\u00edculo 4 del Decreto 2042 de 2014 y en las dem\u00e1s normas que complementen su marco jur\u00eddico operacional, as\u00ed como para el desarrollo de actividades en el marco de su gesti\u00f3n privada, entre ellos, almacenarlos, usarlos, hacerlos circular,<span class=\"gmail_default\"> compartirlos,<\/span> realizar encuestas e invitaciones sobre eventos, cursos, capacitaciones, entre otros y para lo dem\u00e1s que sea para fines relacionados con el objeto social, programas o proyectos de la CCD. La CCD en cumplimiento de lo definido en la Ley 1581 de 2012, en los cap\u00edtulos 25 y 26 del Decreto \u00danico 1074 de 2015 y en la Pol\u00edtica de Protecci\u00f3n de Datos Personales, le informa que usted podr\u00e1 ejercer los derechos que la Ley prev\u00e9, siguiendo los procedimientos que la CCD proporciona para tales efectos, los cuales puede conocer en nuestro Manual de Pol\u00edticas y Procedimientos para Tratamiento de Datos Personales publicado en la p\u00e1gina web <a href=\"https:\/\/www.google.com\/url?q=http:\/\/www.camado.org.co&amp;sa=D&amp;source=editors&amp;ust=1631892016568000&amp;usg=AFQjCNEjr1t4fZsVPW7Opg2NeG6-7KhrGg\" target=\"_blank\" rel=\"noopener noreferrer\">www.camado.org.co<\/a>. Para dudas e inquietudes relacionadas con estos temas puede escribirnos a: <a href=\"mailto:protecciondatospersonales@camado.org.co\" target=\"_blank\" rel=\"noopener noreferrer\">protecciondatospersonales@camado.org.co<\/a> o para mayor informaci\u00f3n puede consultarse el link <a href=\"https:\/\/www.camado.org.co\/web2\/politicas-y-lineamientos\/\" target=\"_blank\" rel=\"noopener noreferrer\">https:\/\/www.camado.org.co\/web2\/politicas-y-lineamientos\/<\/a><\/div>\n<div><strong>AUTORIZACI\u00d3N EXPRESA PARA EL TRATAMIENTO DE LOS DATOS PERSONALES<\/strong>&nbsp;<\/p>\n<div>En mi calidad de titular de la informaci\u00f3n, una vez le\u00eddo lo anterior y al diligenciar este formulario autorizo de manera previa, expl\u00edcita e inequ\u00edvoca a la CCD para el tratamiento de los datos personales suministrados por mi persona dentro de las finalidades legales, contractuales y comerciales aqu\u00ed contempladas. Autorizo tambi\u00e9n la publicaci\u00f3n de las im\u00e1genes o fotograf\u00edas en donde aparezca en el desarrollo de esta actividad. Declaro ser el titular de la informaci\u00f3n reportada y que la he suministrado de forma voluntaria, completa, y que corresponde a la veracidad de mis datos.<\/div>\n<\/div>\n<\/div>\n<\/div><\/div><div class=\"vc_row_inner td_uid_35_6a04ed9fa73fa_rand  vc_row vc_inner wpb_row td-pb-row\" >\n<style scoped>\n\n\/* custom css *\/\n.td_uid_35_6a04ed9fa73fa_rand {\r\n                    position: relative !important;\r\n                    top: 0;\r\n                    transform: none;\r\n                    -webkit-transform: none;\r\n                }\n\/* inline tdc_css att *\/\n\n.td_uid_35_6a04ed9fa73fa_rand{\npadding-top:45px !important;\n}\n\n.td_uid_35_6a04ed9fa73fa_rand .td_block_wrap{ text-align:left }\n\n<\/style><div class=\"vc_column_inner td_uid_36_6a04ed9fa7755_rand  wpb_column vc_column_container tdc-inner-column td-pb-span12\">\n<style scoped>\n\n\/* custom css *\/\n.td_uid_36_6a04ed9fa7755_rand {\r\n                    vertical-align: baseline;\r\n                }\n<\/style><div class=\"vc_column-inner\"><div class=\"wpb_wrapper\"><\/div><\/div><\/div><\/div><\/div><\/div><\/div><\/div><\/div><\/div>","protected":false},"excerpt":{"rendered":"","protected":false},"author":1,"featured_media":0,"parent":0,"menu_order":0,"comment_status":"closed","ping_status":"closed","template":"","meta":{"ngg_post_thumbnail":0,"footnotes":""},"class_list":["post-228","page","type-page","status-publish"],"yoast_head":"<!-- This site is optimized with the Yoast SEO plugin v27.6 - https:\/\/yoast.com\/product\/yoast-seo-wordpress\/ -->\n<title>Cont\u00e1ctenos - C\u00e1mara de Comercio de Dosquebradas<\/title>\n<meta name=\"robots\" content=\"index, follow, max-snippet:-1, max-image-preview:large, max-video-preview:-1\" \/>\n<link rel=\"canonical\" href=\"https:\/\/www.camado.org.co\/web2\/contactenos\/\" \/>\n<meta property=\"og:locale\" content=\"es_ES\" \/>\n<meta property=\"og:type\" content=\"article\" \/>\n<meta property=\"og:title\" content=\"Cont\u00e1ctenos - C\u00e1mara de Comercio de Dosquebradas\" \/>\n<meta property=\"og:url\" content=\"https:\/\/www.camado.org.co\/web2\/contactenos\/\" \/>\n<meta property=\"og:site_name\" content=\"C\u00e1mara de Comercio de Dosquebradas\" \/>\n<meta property=\"article:modified_time\" content=\"2026-02-20T20:26:51+00:00\" \/>\n<meta name=\"twitter:card\" content=\"summary_large_image\" \/>\n<meta name=\"twitter:label1\" content=\"Tiempo de lectura\" \/>\n\t<meta name=\"twitter:data1\" content=\"3 minutos\" \/>\n<script type=\"application\/ld+json\" class=\"yoast-schema-graph\">{\"@context\":\"https:\\\/\\\/schema.org\",\"@graph\":[{\"@type\":\"WebPage\",\"@id\":\"https:\\\/\\\/www.camado.org.co\\\/web2\\\/contactenos\\\/\",\"url\":\"https:\\\/\\\/www.camado.org.co\\\/web2\\\/contactenos\\\/\",\"name\":\"Cont\u00e1ctenos - C\u00e1mara de Comercio de Dosquebradas\",\"isPartOf\":{\"@id\":\"https:\\\/\\\/www.camado.org.co\\\/web2\\\/#website\"},\"datePublished\":\"2019-11-18T00:15:34+00:00\",\"dateModified\":\"2026-02-20T20:26:51+00:00\",\"breadcrumb\":{\"@id\":\"https:\\\/\\\/www.camado.org.co\\\/web2\\\/contactenos\\\/#breadcrumb\"},\"inLanguage\":\"es\",\"potentialAction\":[{\"@type\":\"ReadAction\",\"target\":[\"https:\\\/\\\/www.camado.org.co\\\/web2\\\/contactenos\\\/\"]}]},{\"@type\":\"BreadcrumbList\",\"@id\":\"https:\\\/\\\/www.camado.org.co\\\/web2\\\/contactenos\\\/#breadcrumb\",\"itemListElement\":[{\"@type\":\"ListItem\",\"position\":1,\"name\":\"Portada\",\"item\":\"https:\\\/\\\/www.camado.org.co\\\/web2\\\/\"},{\"@type\":\"ListItem\",\"position\":2,\"name\":\"Cont\u00e1ctenos\"}]},{\"@type\":\"WebSite\",\"@id\":\"https:\\\/\\\/www.camado.org.co\\\/web2\\\/#website\",\"url\":\"https:\\\/\\\/www.camado.org.co\\\/web2\\\/\",\"name\":\"C\u00e1mara de Comercio de Dosquebradas\",\"description\":\"Camado\",\"potentialAction\":[{\"@type\":\"SearchAction\",\"target\":{\"@type\":\"EntryPoint\",\"urlTemplate\":\"https:\\\/\\\/www.camado.org.co\\\/web2\\\/?s={search_term_string}\"},\"query-input\":{\"@type\":\"PropertyValueSpecification\",\"valueRequired\":true,\"valueName\":\"search_term_string\"}}],\"inLanguage\":\"es\"}]}<\/script>\n<!-- \/ Yoast SEO plugin. -->","yoast_head_json":{"title":"Cont\u00e1ctenos - C\u00e1mara de Comercio de Dosquebradas","robots":{"index":"index","follow":"follow","max-snippet":"max-snippet:-1","max-image-preview":"max-image-preview:large","max-video-preview":"max-video-preview:-1"},"canonical":"https:\/\/www.camado.org.co\/web2\/contactenos\/","og_locale":"es_ES","og_type":"article","og_title":"Cont\u00e1ctenos - C\u00e1mara de Comercio de Dosquebradas","og_url":"https:\/\/www.camado.org.co\/web2\/contactenos\/","og_site_name":"C\u00e1mara de Comercio de Dosquebradas","article_modified_time":"2026-02-20T20:26:51+00:00","twitter_card":"summary_large_image","twitter_misc":{"Tiempo de lectura":"3 minutos"},"schema":{"@context":"https:\/\/schema.org","@graph":[{"@type":"WebPage","@id":"https:\/\/www.camado.org.co\/web2\/contactenos\/","url":"https:\/\/www.camado.org.co\/web2\/contactenos\/","name":"Cont\u00e1ctenos - C\u00e1mara de Comercio de Dosquebradas","isPartOf":{"@id":"https:\/\/www.camado.org.co\/web2\/#website"},"datePublished":"2019-11-18T00:15:34+00:00","dateModified":"2026-02-20T20:26:51+00:00","breadcrumb":{"@id":"https:\/\/www.camado.org.co\/web2\/contactenos\/#breadcrumb"},"inLanguage":"es","potentialAction":[{"@type":"ReadAction","target":["https:\/\/www.camado.org.co\/web2\/contactenos\/"]}]},{"@type":"BreadcrumbList","@id":"https:\/\/www.camado.org.co\/web2\/contactenos\/#breadcrumb","itemListElement":[{"@type":"ListItem","position":1,"name":"Portada","item":"https:\/\/www.camado.org.co\/web2\/"},{"@type":"ListItem","position":2,"name":"Cont\u00e1ctenos"}]},{"@type":"WebSite","@id":"https:\/\/www.camado.org.co\/web2\/#website","url":"https:\/\/www.camado.org.co\/web2\/","name":"C\u00e1mara de Comercio de Dosquebradas","description":"Camado","potentialAction":[{"@type":"SearchAction","target":{"@type":"EntryPoint","urlTemplate":"https:\/\/www.camado.org.co\/web2\/?s={search_term_string}"},"query-input":{"@type":"PropertyValueSpecification","valueRequired":true,"valueName":"search_term_string"}}],"inLanguage":"es"}]}},"_links":{"self":[{"href":"https:\/\/www.camado.org.co\/web2\/wp-json\/wp\/v2\/pages\/228","targetHints":{"allow":["GET"]}}],"collection":[{"href":"https:\/\/www.camado.org.co\/web2\/wp-json\/wp\/v2\/pages"}],"about":[{"href":"https:\/\/www.camado.org.co\/web2\/wp-json\/wp\/v2\/types\/page"}],"author":[{"embeddable":true,"href":"https:\/\/www.camado.org.co\/web2\/wp-json\/wp\/v2\/users\/1"}],"replies":[{"embeddable":true,"href":"https:\/\/www.camado.org.co\/web2\/wp-json\/wp\/v2\/comments?post=228"}],"version-history":[{"count":56,"href":"https:\/\/www.camado.org.co\/web2\/wp-json\/wp\/v2\/pages\/228\/revisions"}],"predecessor-version":[{"id":9775,"href":"https:\/\/www.camado.org.co\/web2\/wp-json\/wp\/v2\/pages\/228\/revisions\/9775"}],"wp:attachment":[{"href":"https:\/\/www.camado.org.co\/web2\/wp-json\/wp\/v2\/media?parent=228"}],"curies":[{"name":"wp","href":"https:\/\/api.w.org\/{rel}","templated":true}]}}