{"id":341,"date":"2019-11-21T22:01:27","date_gmt":"2019-11-21T22:01:27","guid":{"rendered":"http:\/\/www.camado.org.co\/web2\/?page_id=341"},"modified":"2024-06-17T13:58:13","modified_gmt":"2024-06-17T13:58:13","slug":"solicitud-de-base-de-datos","status":"publish","type":"page","link":"https:\/\/www.camado.org.co\/web2\/solicitud-de-base-de-datos\/","title":{"rendered":"Solicitud de Base de datos"},"content":{"rendered":"<div id=\"td_uid_1_69e9677c40706\" class=\"tdc-zone\"><div class=\"tdc_zone td_uid_1_69e9677c40721_rand  wpb_row td-pb-row\"  >\n<style scoped>\n\n\/* custom css *\/\n.td_uid_1_69e9677c40721_rand {\r\n                    min-height: 0;\r\n                }\n<\/style><div id=\"td_uid_2_69e9677c40ece\" class=\"tdc-row\"><div class=\"vc_row td_uid_2_69e9677c40ed4_rand  wpb_row td-pb-row\" >\n<style scoped>\n\n\/* custom css *\/\n.td_uid_2_69e9677c40ed4_rand {\r\n                    min-height: 0;\r\n                }\n<\/style><div class=\"vc_column td_uid_3_69e9677c4119e_rand  wpb_column vc_column_container tdc-column td-pb-span12\">\n<style scoped>\n\n\/* custom css *\/\n.td_uid_3_69e9677c4119e_rand {\r\n                    vertical-align: baseline;\r\n                }\n<\/style><div class=\"wpb_wrapper\"><div class=\"wpb_wrapper wpb_text_column td_block_wrap td_block_wrap vc_column_text td_uid_4_69e9677c4137c_rand  tagdiv-type td-pb-border-top td_block_template_1\"  data-td-block-uid=\"td_uid_4_69e9677c4137c\" ><div class=\"td-block-title-wrap\"><\/div><div class=\"td-fix-index\"><h2 style=\"text-align: center;\">Nuestro servicio le da la oportunidad de consultar desde cualquier lugar la siguiente informaci\u00f3n de las empresas, sus establecimientos o agencias y personas naturales.<\/h2>\n<p><img loading=\"lazy\" decoding=\"async\" class=\"alignright size-full wp-image-350\" src=\"https:\/\/www.camado.org.co\/web2\/wp-content\/uploads\/2019\/11\/base-de-datos-empresarial.png\" alt=\"\" width=\"1200\" height=\"200\" srcset=\"https:\/\/www.camado.org.co\/web2\/wp-content\/uploads\/2019\/11\/base-de-datos-empresarial.png 1200w, https:\/\/www.camado.org.co\/web2\/wp-content\/uploads\/2019\/11\/base-de-datos-empresarial-300x50.png 300w, https:\/\/www.camado.org.co\/web2\/wp-content\/uploads\/2019\/11\/base-de-datos-empresarial-1024x171.png 1024w, https:\/\/www.camado.org.co\/web2\/wp-content\/uploads\/2019\/11\/base-de-datos-empresarial-768x128.png 768w, https:\/\/www.camado.org.co\/web2\/wp-content\/uploads\/2019\/11\/base-de-datos-empresarial-696x116.png 696w, https:\/\/www.camado.org.co\/web2\/wp-content\/uploads\/2019\/11\/base-de-datos-empresarial-1068x178.png 1068w\" sizes=\"auto, (max-width: 1200px) 100vw, 1200px\" \/><\/p>\n<p>&nbsp;<\/p>\n<\/div><\/div><\/div><\/div><\/div><\/div><div id=\"td_uid_4_69e9677c44324\" class=\"tdc-row\"><div class=\"vc_row td_uid_5_69e9677c4432a_rand  wpb_row td-pb-row\" >\n<style scoped>\n\n\/* custom css *\/\n.td_uid_5_69e9677c4432a_rand {\r\n                    min-height: 0;\r\n                }\n<\/style><div class=\"vc_column td_uid_6_69e9677c44558_rand  wpb_column vc_column_container tdc-column td-pb-span6\">\n<style scoped>\n\n\/* custom css *\/\n.td_uid_6_69e9677c44558_rand {\r\n                    vertical-align: baseline;\r\n                }\n<\/style><div class=\"wpb_wrapper\"><div class=\"wpb_wrapper wpb_text_column td_block_wrap td_block_wrap vc_column_text td_uid_7_69e9677c44720_rand  tagdiv-type td-pb-border-top td_block_template_1\"  data-td-block-uid=\"td_uid_7_69e9677c44720\" ><div class=\"td-block-title-wrap\"><\/div><div class=\"td-fix-index\"><p style=\"text-align: left;\">Las Bases de Datos Empresariales contienen la informaci\u00f3n de todas las empresas formalmente inscritas en el Registro Mercantil, en el Registro \u00danico de Proponentes y Entidades sin \u00e1nimo de lucro.<br \/>\nLos datos obtenidos de los registros pueden ser segmentados de acuerdo a la necesidad de su empresa por tipo de actividad econ\u00f3mica, sector econ\u00f3mico, comuna, municipio, tipo de sociedad, rango de ventas, rango de activos, fecha de matr\u00edcula, fecha de renovaci\u00f3n.<\/p>\n<\/div><\/div><\/div><\/div><div class=\"vc_column td_uid_8_69e9677c45aee_rand  wpb_column vc_column_container tdc-column td-pb-span6\">\n<style scoped>\n\n\/* custom css *\/\n.td_uid_8_69e9677c45aee_rand {\r\n                    vertical-align: baseline;\r\n                }\n<\/style><div class=\"wpb_wrapper\"><div class=\"wpb_wrapper wpb_text_column td_block_wrap td_block_wrap vc_column_text td_uid_9_69e9677c45c35_rand  tagdiv-type td-pb-border-top td_block_template_1\"  data-td-block-uid=\"td_uid_9_69e9677c45c35\" ><div class=\"td-block-title-wrap\"><\/div><div class=\"td-fix-index\"><h3>Una vez solicite la informaci\u00f3n, es muy importante para nosotros aclarar que&nbsp;<strong>el responsable de la misma ser\u00e1 usted una vez la obtenga<\/strong>, por eso recomendamos hacer buen uso de los datos all\u00ed plasmados.&nbsp;<\/h3>\n<h3>&nbsp;<\/h3>\n<h3>Solicite las <strong>Bases de Datos Empresariales<\/strong> seg\u00fan sus requerimientos en el siguiente formulario:<\/h3>\n<h3>\n<\/div><\/div><\/div><\/div><\/div><\/div><div id=\"td_uid_7_69e9677c46d59\" class=\"tdc-row\"><div class=\"vc_row td_uid_10_69e9677c46d5f_rand  wpb_row td-pb-row\" >\n<style scoped>\n\n\/* custom css *\/\n.td_uid_10_69e9677c46d5f_rand {\r\n                    min-height: 0;\r\n                }\n<\/style><div class=\"vc_column td_uid_11_69e9677c46fb9_rand  wpb_column vc_column_container tdc-column td-pb-span6\">\n<style scoped>\n\n\/* custom css *\/\n.td_uid_11_69e9677c46fb9_rand {\r\n                    vertical-align: baseline;\r\n                }\n<\/style><div class=\"wpb_wrapper\"><div class=\"wpb_wrapper wpb_text_column td_block_wrap td_block_wrap vc_column_text td_uid_12_69e9677c470f1_rand  tagdiv-type td-pb-border-top td_block_template_1\"  data-td-block-uid=\"td_uid_12_69e9677c470f1\" >\n<style>\n\n\/* inline tdc_css att *\/\n\n.td_uid_12_69e9677c470f1_rand{\nposition:relative;\n}\n\n<\/style>\n<div class=\"td_uid_12_69e9677c470f1_rand_style td-element-style\"><style>\n.td_uid_12_69e9677c470f1_rand_style{\nbackground-color:#ffffff !important;\n}\n <\/style><\/div><div class=\"td-block-title-wrap\"><\/div><div class=\"td-fix-index\"><\/h3>\n<h2><strong>Esta herramienta le permitir\u00e1:<\/strong><\/h2>\n<ul>\n<li>Identificar nuevos clientes<\/li>\n<li>Identificar nuevos proveedores<\/li>\n<li>Analizar segmentos de mercado<\/li>\n<li>Seleccionar aliados comerciales<\/li>\n<li>Identificar a la competencia y compararla con su Empresa<\/li>\n<li>Disminuir sus riesgos en el otorgamiento de cr\u00e9ditos<\/li>\n<li>Analizar la evoluci\u00f3n de un sector o actividad econ\u00f3mica en especial<\/li>\n<\/ul>\n<h5><strong>Cualquier inquietud tambi\u00e9n puede dirigirse a cualquiera de nuestras oficinas:<\/strong><\/h5>\n<h5><strong>Calle 41 No. 15 &#8211; 25 <\/strong>Barrio Buenos Aires.<\/p>\n<\/div><\/div><\/div><\/div><div class=\"vc_column td_uid_13_69e9677c48174_rand  wpb_column vc_column_container tdc-column td-pb-span6\">\n<style scoped>\n\n\/* custom css *\/\n.td_uid_13_69e9677c48174_rand {\r\n                    vertical-align: baseline;\r\n                }\n<\/style><div class=\"wpb_wrapper\"><div class=\"wpb_wrapper wpb_text_column td_block_wrap td_block_wrap vc_column_text td_uid_14_69e9677c482fc_rand  tagdiv-type td-pb-border-top td_block_template_1\"  data-td-block-uid=\"td_uid_14_69e9677c482fc\" >\n<style>\n\n\/* inline tdc_css att *\/\n\n.td_uid_14_69e9677c482fc_rand{\nborder-color:#ededed !important;\nborder-radius:1px !important;\nborder-style:solid !important;\nborder-width:0 !important;\n}\n\n<\/style><div class=\"td-block-title-wrap\"><\/div><div class=\"td-fix-index\">\n<div class=\"wpcf7 no-js\" id=\"wpcf7-f346-o1\" lang=\"es-ES\" dir=\"ltr\" data-wpcf7-id=\"346\">\n<div class=\"screen-reader-response\"><p role=\"status\" aria-live=\"polite\" aria-atomic=\"true\"><\/p> <ul><\/ul><\/div>\n<form action=\"\/web2\/wp-json\/wp\/v2\/pages\/341#wpcf7-f346-o1\" method=\"post\" class=\"wpcf7-form init\" aria-label=\"Formulario de contacto\" novalidate=\"novalidate\" data-status=\"init\">\n<fieldset class=\"hidden-fields-container\"><input type=\"hidden\" name=\"_wpcf7\" value=\"346\" \/><input type=\"hidden\" name=\"_wpcf7_version\" value=\"6.1.5\" \/><input type=\"hidden\" name=\"_wpcf7_locale\" value=\"es_ES\" \/><input type=\"hidden\" name=\"_wpcf7_unit_tag\" value=\"wpcf7-f346-o1\" \/><input type=\"hidden\" name=\"_wpcf7_container_post\" value=\"0\" \/><input type=\"hidden\" name=\"_wpcf7_posted_data_hash\" value=\"\" \/>\n<\/fieldset>\n<p>\u00c9sta informaci\u00f3n contiene los datos de los empresarios del registro mercantil hasta <strong>2025<\/strong>\n<\/p>\n<div style=\"width: 49%; float: left; margin-right: 2%;\">\n\t<p>Nombre de la Entidad*\n\t<\/p>\n\t<p><span class=\"wpcf7-form-control-wrap\" data-name=\"ent-127\"><input size=\"40\" maxlength=\"400\" class=\"wpcf7-form-control wpcf7-text wpcf7-validates-as-required\" aria-required=\"true\" aria-invalid=\"false\" value=\"\" type=\"text\" name=\"ent-127\" \/><\/span>\n\t<\/p>\n\t<p>NIT\/Cedula*\n\t<\/p>\n\t<p><span class=\"wpcf7-form-control-wrap\" data-name=\"nit-127\"><input size=\"40\" maxlength=\"400\" class=\"wpcf7-form-control wpcf7-text wpcf7-validates-as-required\" aria-required=\"true\" aria-invalid=\"false\" value=\"\" type=\"text\" name=\"nit-127\" \/><\/span>\n\t<\/p>\n\t<p>Nombre y Apellido del Solicitante*\n\t<\/p>\n\t<p><span class=\"wpcf7-form-control-wrap\" data-name=\"your-name\"><input size=\"40\" maxlength=\"400\" class=\"wpcf7-form-control wpcf7-text wpcf7-validates-as-required\" aria-required=\"true\" aria-invalid=\"false\" value=\"\" type=\"text\" name=\"your-name\" \/><\/span>\n\t<\/p>\n\t<p>Tipo de Solicitante*\n\t<\/p>\n\t<p><span class=\"wpcf7-form-control-wrap\" data-name=\"menu-92\"><select class=\"wpcf7-form-control wpcf7-select wpcf7-validates-as-required\" aria-required=\"true\" aria-invalid=\"false\" name=\"menu-92\"><option value=\"\">&#8212;Por favor, elige una opci\u00f3n&#8212;<\/option><option value=\"Empresa\">Empresa<\/option><option value=\"Afiliado - VIP\">Afiliado - VIP<\/option><option value=\"Estudiante\">Estudiante<\/option><option value=\"Persona Natural\">Persona Natural<\/option><\/select><\/span>\n\t<\/p>\n\t<p>Telefono*\n\t<\/p>\n\t<p><span class=\"wpcf7-form-control-wrap\" data-name=\"tel-718\"><input size=\"40\" maxlength=\"400\" class=\"wpcf7-form-control wpcf7-text wpcf7-validates-as-required\" aria-required=\"true\" aria-invalid=\"false\" value=\"\" type=\"text\" name=\"tel-718\" \/><\/span>\n\t<\/p>\n<\/div>\n<div style=\"width: 49%; float: left;\">\n\t<p>Correo Electr\u00f3nico*\n\t<\/p>\n\t<p><span class=\"wpcf7-form-control-wrap\" data-name=\"email-640\"><input size=\"40\" maxlength=\"400\" class=\"wpcf7-form-control wpcf7-email wpcf7-validates-as-required wpcf7-text wpcf7-validates-as-email\" aria-required=\"true\" aria-invalid=\"false\" value=\"\" type=\"email\" name=\"email-640\" \/><\/span>\n\t<\/p>\n\t<p>Direccion*\n\t<\/p>\n\t<p><span class=\"wpcf7-form-control-wrap\" data-name=\"dir-127\"><input size=\"40\" maxlength=\"400\" class=\"wpcf7-form-control wpcf7-text wpcf7-validates-as-required\" aria-required=\"true\" aria-invalid=\"false\" value=\"\" type=\"text\" name=\"dir-127\" \/><\/span>\n\t<\/p>\n\t<p>Ciudad*\n\t<\/p>\n\t<p><span class=\"wpcf7-form-control-wrap\" data-name=\"text-803\"><input size=\"40\" maxlength=\"400\" class=\"wpcf7-form-control wpcf7-text wpcf7-validates-as-required\" aria-required=\"true\" aria-invalid=\"false\" value=\"\" type=\"text\" name=\"text-803\" \/><\/span>\n\t<\/p>\n\t<p>Observaci\u00f3n*\n\t<\/p>\n\t<p><span class=\"wpcf7-form-control-wrap\" data-name=\"textarea-828\"><textarea cols=\"40\" rows=\"8\" maxlength=\"2000\" class=\"wpcf7-form-control wpcf7-textarea\" aria-invalid=\"false\" placeholder=\"(Explique en brevedad el porqu\u00e9 est\u00e1 solicitando esta informaci\u00f3n)\" name=\"textarea-828\"><\/textarea><\/span>\n\t<\/p>\n\t<p>[recaptcha]\n\t<\/p>\n\t<p><span class=\"wpcf7-form-control-wrap\" data-name=\"acceptance-728\"><span class=\"wpcf7-form-control wpcf7-acceptance\"><span class=\"wpcf7-list-item\"><label><input type=\"checkbox\" name=\"acceptance-728\" value=\"1\" aria-invalid=\"false\" \/><span class=\"wpcf7-list-item-label\">Acepto que mis datos sean tratados seg\u00fan la pol\u00edtica de privacidad de la C\u00e1mara de Comercio de Dosquebradas.<\/span><\/label><\/span><\/span><\/span>\n\t<\/p>\n\t<p><input class=\"wpcf7-form-control wpcf7-submit has-spinner\" type=\"submit\" value=\"Enviar\" \/>\n\t<\/p>\n<\/div><input type='hidden' class='wpcf7-pum' value='{\"closepopup\":false,\"closedelay\":0,\"openpopup\":true,\"openpopup_id\":2555}' \/><div class=\"wpcf7-response-output\" aria-hidden=\"true\"><\/div>\n<\/form>\n<\/div>\n\n<\/div><\/div><\/div><\/div><\/div><\/div><\/div><\/div><\/h5>\n<div class=\"td-paragraph-padding-6\">\n\n*En mi calidad de titular de los datos anteriormente entregados, me permito manifestar mi autorizaci\u00f3n para su tratamiento a la C\u00e1mara de Comercio de Dosquebradas, con el fin de que sean utilizados para: <strong>a)<\/strong> Atender la PQR presentada a la C\u00e1mara; <strong>b)<\/strong> Realizar una verificaci\u00f3n de la informaci\u00f3n proporcionada en el formulario, <strong>c)<\/strong> Realizar el env\u00edo de informaci\u00f3n relacionada con programas, actividades, noticias, contenidos por \u00e1rea de inter\u00e9s, productos y dem\u00e1s servicios ofrecidos por la C\u00e1mara. Tal autorizaci\u00f3n permitir\u00e1 a la C\u00e1mara de Comercio, recolectar, transferir, almacenar, usar, circular, suprimir, compartir, actualizar y transmitir la informaci\u00f3n, de acuerdo con el Manual de Pol\u00edticas y Procedimientos para el tratamiento de los datos personales.\n\n<\/div>\nLos titulares podr\u00e1n ejercer en cualquier momento su derecho de conocer, actualizar, rectificar y solicitar la supresi\u00f3n de sus datos personales y\/o revocar su autorizaci\u00f3n, escribiendo al correo electr\u00f3nico <strong>protecciondatospersonales@camado.org.co<\/strong>, comunic\u00e1ndose con nosotros al tel\u00e9fono <strong>+57 (6) 3228599 ext 102<\/strong> o a trav\u00e9s de la p\u00e1gina web <strong>www.camado.org.co<\/strong>","protected":false},"excerpt":{"rendered":"<p>*En mi calidad de titular de los datos anteriormente entregados, me permito manifestar mi autorizaci\u00f3n para su tratamiento a la C\u00e1mara de Comercio de Dosquebradas, con el fin de que sean utilizados para: a) Atender la PQR presentada a la C\u00e1mara; b) Realizar una verificaci\u00f3n de la informaci\u00f3n proporcionada en el formulario, c) Realizar el [&hellip;]<\/p>\n","protected":false},"author":1,"featured_media":0,"parent":0,"menu_order":0,"comment_status":"closed","ping_status":"closed","template":"","meta":{"ngg_post_thumbnail":0,"footnotes":""},"class_list":["post-341","page","type-page","status-publish"],"yoast_head":"<!-- This site is optimized with the Yoast SEO plugin v27.4 - https:\/\/yoast.com\/product\/yoast-seo-wordpress\/ -->\n<title>Solicitud de Base de datos - C\u00e1mara de Comercio de Dosquebradas<\/title>\n<meta name=\"robots\" content=\"index, follow, max-snippet:-1, max-image-preview:large, max-video-preview:-1\" \/>\n<link rel=\"canonical\" href=\"https:\/\/www.camado.org.co\/web2\/solicitud-de-base-de-datos\/\" \/>\n<meta property=\"og:locale\" content=\"es_ES\" \/>\n<meta property=\"og:type\" content=\"article\" \/>\n<meta property=\"og:title\" content=\"Solicitud de Base de datos - C\u00e1mara de Comercio de Dosquebradas\" \/>\n<meta property=\"og:description\" content=\"*En mi calidad de titular de los datos anteriormente entregados, me permito manifestar mi autorizaci\u00f3n para su tratamiento a la C\u00e1mara de Comercio de Dosquebradas, con el fin de que sean utilizados para: a) Atender la PQR presentada a la C\u00e1mara; b) Realizar una verificaci\u00f3n de la informaci\u00f3n proporcionada en el formulario, c) Realizar el [&hellip;]\" \/>\n<meta property=\"og:url\" content=\"https:\/\/www.camado.org.co\/web2\/solicitud-de-base-de-datos\/\" \/>\n<meta property=\"og:site_name\" content=\"C\u00e1mara de Comercio de Dosquebradas\" \/>\n<meta property=\"article:modified_time\" content=\"2024-06-17T13:58:13+00:00\" \/>\n<meta property=\"og:image\" content=\"https:\/\/www.camado.org.co\/web2\/wp-content\/uploads\/2019\/11\/base-de-datos-empresarial.png\" \/>\n<meta name=\"twitter:card\" content=\"summary_large_image\" \/>\n<meta name=\"twitter:label1\" content=\"Tiempo de lectura\" \/>\n\t<meta name=\"twitter:data1\" content=\"3 minutos\" \/>\n<script type=\"application\/ld+json\" class=\"yoast-schema-graph\">{\"@context\":\"https:\\\/\\\/schema.org\",\"@graph\":[{\"@type\":\"WebPage\",\"@id\":\"https:\\\/\\\/www.camado.org.co\\\/web2\\\/solicitud-de-base-de-datos\\\/\",\"url\":\"https:\\\/\\\/www.camado.org.co\\\/web2\\\/solicitud-de-base-de-datos\\\/\",\"name\":\"Solicitud de Base de datos - C\u00e1mara de Comercio de Dosquebradas\",\"isPartOf\":{\"@id\":\"https:\\\/\\\/www.camado.org.co\\\/web2\\\/#website\"},\"primaryImageOfPage\":{\"@id\":\"https:\\\/\\\/www.camado.org.co\\\/web2\\\/solicitud-de-base-de-datos\\\/#primaryimage\"},\"image\":{\"@id\":\"https:\\\/\\\/www.camado.org.co\\\/web2\\\/solicitud-de-base-de-datos\\\/#primaryimage\"},\"thumbnailUrl\":\"https:\\\/\\\/www.camado.org.co\\\/web2\\\/wp-content\\\/uploads\\\/2019\\\/11\\\/base-de-datos-empresarial.png\",\"datePublished\":\"2019-11-21T22:01:27+00:00\",\"dateModified\":\"2024-06-17T13:58:13+00:00\",\"breadcrumb\":{\"@id\":\"https:\\\/\\\/www.camado.org.co\\\/web2\\\/solicitud-de-base-de-datos\\\/#breadcrumb\"},\"inLanguage\":\"es\",\"potentialAction\":[{\"@type\":\"ReadAction\",\"target\":[\"https:\\\/\\\/www.camado.org.co\\\/web2\\\/solicitud-de-base-de-datos\\\/\"]}]},{\"@type\":\"ImageObject\",\"inLanguage\":\"es\",\"@id\":\"https:\\\/\\\/www.camado.org.co\\\/web2\\\/solicitud-de-base-de-datos\\\/#primaryimage\",\"url\":\"https:\\\/\\\/www.camado.org.co\\\/web2\\\/wp-content\\\/uploads\\\/2019\\\/11\\\/base-de-datos-empresarial.png\",\"contentUrl\":\"https:\\\/\\\/www.camado.org.co\\\/web2\\\/wp-content\\\/uploads\\\/2019\\\/11\\\/base-de-datos-empresarial.png\",\"width\":1200,\"height\":200},{\"@type\":\"BreadcrumbList\",\"@id\":\"https:\\\/\\\/www.camado.org.co\\\/web2\\\/solicitud-de-base-de-datos\\\/#breadcrumb\",\"itemListElement\":[{\"@type\":\"ListItem\",\"position\":1,\"name\":\"Portada\",\"item\":\"https:\\\/\\\/www.camado.org.co\\\/web2\\\/\"},{\"@type\":\"ListItem\",\"position\":2,\"name\":\"Solicitud de Base de datos\"}]},{\"@type\":\"WebSite\",\"@id\":\"https:\\\/\\\/www.camado.org.co\\\/web2\\\/#website\",\"url\":\"https:\\\/\\\/www.camado.org.co\\\/web2\\\/\",\"name\":\"C\u00e1mara de Comercio de Dosquebradas\",\"description\":\"Camado\",\"potentialAction\":[{\"@type\":\"SearchAction\",\"target\":{\"@type\":\"EntryPoint\",\"urlTemplate\":\"https:\\\/\\\/www.camado.org.co\\\/web2\\\/?s={search_term_string}\"},\"query-input\":{\"@type\":\"PropertyValueSpecification\",\"valueRequired\":true,\"valueName\":\"search_term_string\"}}],\"inLanguage\":\"es\"}]}<\/script>\n<!-- \/ Yoast SEO plugin. -->","yoast_head_json":{"title":"Solicitud de Base de datos - C\u00e1mara de Comercio de Dosquebradas","robots":{"index":"index","follow":"follow","max-snippet":"max-snippet:-1","max-image-preview":"max-image-preview:large","max-video-preview":"max-video-preview:-1"},"canonical":"https:\/\/www.camado.org.co\/web2\/solicitud-de-base-de-datos\/","og_locale":"es_ES","og_type":"article","og_title":"Solicitud de Base de datos - C\u00e1mara de Comercio de Dosquebradas","og_description":"*En mi calidad de titular de los datos anteriormente entregados, me permito manifestar mi autorizaci\u00f3n para su tratamiento a la C\u00e1mara de Comercio de Dosquebradas, con el fin de que sean utilizados para: a) Atender la PQR presentada a la C\u00e1mara; b) Realizar una verificaci\u00f3n de la informaci\u00f3n proporcionada en el formulario, c) Realizar el [&hellip;]","og_url":"https:\/\/www.camado.org.co\/web2\/solicitud-de-base-de-datos\/","og_site_name":"C\u00e1mara de Comercio de Dosquebradas","article_modified_time":"2024-06-17T13:58:13+00:00","og_image":[{"url":"https:\/\/www.camado.org.co\/web2\/wp-content\/uploads\/2019\/11\/base-de-datos-empresarial.png","type":"","width":"","height":""}],"twitter_card":"summary_large_image","twitter_misc":{"Tiempo de lectura":"3 minutos"},"schema":{"@context":"https:\/\/schema.org","@graph":[{"@type":"WebPage","@id":"https:\/\/www.camado.org.co\/web2\/solicitud-de-base-de-datos\/","url":"https:\/\/www.camado.org.co\/web2\/solicitud-de-base-de-datos\/","name":"Solicitud de Base de datos - C\u00e1mara de Comercio de Dosquebradas","isPartOf":{"@id":"https:\/\/www.camado.org.co\/web2\/#website"},"primaryImageOfPage":{"@id":"https:\/\/www.camado.org.co\/web2\/solicitud-de-base-de-datos\/#primaryimage"},"image":{"@id":"https:\/\/www.camado.org.co\/web2\/solicitud-de-base-de-datos\/#primaryimage"},"thumbnailUrl":"https:\/\/www.camado.org.co\/web2\/wp-content\/uploads\/2019\/11\/base-de-datos-empresarial.png","datePublished":"2019-11-21T22:01:27+00:00","dateModified":"2024-06-17T13:58:13+00:00","breadcrumb":{"@id":"https:\/\/www.camado.org.co\/web2\/solicitud-de-base-de-datos\/#breadcrumb"},"inLanguage":"es","potentialAction":[{"@type":"ReadAction","target":["https:\/\/www.camado.org.co\/web2\/solicitud-de-base-de-datos\/"]}]},{"@type":"ImageObject","inLanguage":"es","@id":"https:\/\/www.camado.org.co\/web2\/solicitud-de-base-de-datos\/#primaryimage","url":"https:\/\/www.camado.org.co\/web2\/wp-content\/uploads\/2019\/11\/base-de-datos-empresarial.png","contentUrl":"https:\/\/www.camado.org.co\/web2\/wp-content\/uploads\/2019\/11\/base-de-datos-empresarial.png","width":1200,"height":200},{"@type":"BreadcrumbList","@id":"https:\/\/www.camado.org.co\/web2\/solicitud-de-base-de-datos\/#breadcrumb","itemListElement":[{"@type":"ListItem","position":1,"name":"Portada","item":"https:\/\/www.camado.org.co\/web2\/"},{"@type":"ListItem","position":2,"name":"Solicitud de Base de datos"}]},{"@type":"WebSite","@id":"https:\/\/www.camado.org.co\/web2\/#website","url":"https:\/\/www.camado.org.co\/web2\/","name":"C\u00e1mara de Comercio de Dosquebradas","description":"Camado","potentialAction":[{"@type":"SearchAction","target":{"@type":"EntryPoint","urlTemplate":"https:\/\/www.camado.org.co\/web2\/?s={search_term_string}"},"query-input":{"@type":"PropertyValueSpecification","valueRequired":true,"valueName":"search_term_string"}}],"inLanguage":"es"}]}},"_links":{"self":[{"href":"https:\/\/www.camado.org.co\/web2\/wp-json\/wp\/v2\/pages\/341","targetHints":{"allow":["GET"]}}],"collection":[{"href":"https:\/\/www.camado.org.co\/web2\/wp-json\/wp\/v2\/pages"}],"about":[{"href":"https:\/\/www.camado.org.co\/web2\/wp-json\/wp\/v2\/types\/page"}],"author":[{"embeddable":true,"href":"https:\/\/www.camado.org.co\/web2\/wp-json\/wp\/v2\/users\/1"}],"replies":[{"embeddable":true,"href":"https:\/\/www.camado.org.co\/web2\/wp-json\/wp\/v2\/comments?post=341"}],"version-history":[{"count":30,"href":"https:\/\/www.camado.org.co\/web2\/wp-json\/wp\/v2\/pages\/341\/revisions"}],"predecessor-version":[{"id":2664,"href":"https:\/\/www.camado.org.co\/web2\/wp-json\/wp\/v2\/pages\/341\/revisions\/2664"}],"wp:attachment":[{"href":"https:\/\/www.camado.org.co\/web2\/wp-json\/wp\/v2\/media?parent=341"}],"curies":[{"name":"wp","href":"https:\/\/api.w.org\/{rel}","templated":true}]}}