{"id":355,"date":"2019-11-21T22:26:25","date_gmt":"2019-11-21T22:26:25","guid":{"rendered":"http:\/\/www.camado.org.co\/web2\/?page_id=355"},"modified":"2026-03-19T20:22:19","modified_gmt":"2026-03-19T20:22:19","slug":"servicios-virtuales","status":"publish","type":"page","link":"https:\/\/www.camado.org.co\/web2\/servicios-virtuales\/","title":{"rendered":""},"content":{"rendered":"\n<div class=\"wp-block-group\"><div class=\"wp-block-group__inner-container is-layout-flow wp-block-group-is-layout-flow\">\n<style>body {\n  margin: 0;\n  padding: 0;\n}\n\nnav {\n  background-color: #f2f2f2;\n  text-align: center; \/* Para centrar los elementos del men\u00fa horizontalmente *\/\n}\n\nnav ul {\n  list-style-type: none;\n  padding: 0;\n  margin: 0;\n}\n\nnav li {\n  display: inline-block; \/* Para que los elementos del men\u00fa aparezcan en una l\u00ednea horizontal *\/\n  margin: 0 5px;\n}\n\nnav a {\n  text-decoration: none;\n  color: #fff; \/* Texto blanco para que resalte en el fondo verde *\/\n  background-color: #26a03c; \/* Fondo verde para los botones *\/\n  padding: 10px 20px; \/* Ajustamos el padding para que los botones sean m\u00e1s grandes *\/\n  border-radius: 10px;\n  transition: background-color 0.3s ease, color 0.3s ease; \/* Agregamos una transici\u00f3n suave para los cambios de color *\/\n}\n\nnav a:hover {\n  background-color: #dc363b; \/* Cambiamos el color de fondo al pasar el mouse por encima a caf\u00e9 (8B4513 es el valor hexadecimal para caf\u00e9) *\/\n  color: #fff; \/* Texto blanco al pasar el mouse por encima para que sea legible en el fondo caf\u00e9 *\/\n  text-decoration: none;\n}\n\n\/* Estilos para pantallas m\u00e1s peque\u00f1as (ejemplo: menos de 600px) *\/\n@media screen and (max-width: 600px) {\n  nav ul {\n    display: block; \/* Cambiamos la visualizaci\u00f3n a bloque para mostrar los elementos en una lista vertical *\/\n  }\n\n  nav li {\n    display: block; \/* Mostramos los elementos en una lista vertical en lugar de en l\u00ednea *\/\n    margin: 20px 0; \/* Agregamos un espacio entre los elementos del men\u00fa *\/\n  }\n}\n<\/style>\n <nav>\n    <ul>\n      <li><a href=\"https:\/\/siifront.confecamaras.co\/Certificados\/54\">Certificados<\/a><\/li>\n      <li><a href=\"https:\/\/siifront.confecamaras.co\/login\/54?cod=00.03.002\">Renovaci\u00f3n <\/a><\/li>\n      <li><a href=\"https:\/\/siifront.confecamaras.co\/login\/54?cod=00.03.008\">Inscripci\u00f3n<\/a><\/li>\n      <li><a href=\"https:\/\/siifront.confecamaras.co\/login\/54\">Crea Usuario y Contrase\u00f1a<\/a><\/li>\n      <li><a href=\"https:\/\/siifront.confecamaras.co\/Login\/54\">Mutaci\u00f3n<\/a><\/li>\n      <li><a href=\"https:\/\/siifront.confecamaras.co\/login\/54?cod=00.03.060\">Cancelaci\u00f3n<\/a><\/li>\n <li><a href=\"https:\/\/siifront.confecamaras.co\/Login\/54\">Matriculas<\/a><\/li>\n     <\/ul>\n  <\/nav>\n\n\n\n<hr class=\"wp-block-separator has-text-color has-very-dark-gray-color has-css-opacity has-very-dark-gray-background-color has-background is-style-wide\"\/>\n\n\n\n<h3 class=\"wp-block-heading has-text-align-center\"><strong>Tutoriales<\/strong><br>Tu gu\u00eda paso a paso para hacerlo<\/h3>\n<\/div><\/div>\n\n\n\n<div class=\"wp-block-columns is-layout-flex wp-container-core-columns-is-layout-9d6595d7 wp-block-columns-is-layout-flex\">\n<div class=\"wp-block-column is-layout-flow wp-block-column-is-layout-flow\">\n<p class=\"has-text-align-center\">Renovar de Manera Virtual<\/p>\n\n\n\n<figure class=\"wp-block-embed is-type-video is-provider-youtube wp-block-embed-youtube wp-embed-aspect-16-9 wp-has-aspect-ratio\"><div class=\"wp-block-embed__wrapper\">\n<iframe loading=\"lazy\" title=\"Renueva tu Matr\u00edcula Mercantil sin filas y desde casa: Tutorial Completo CAMADO\" width=\"696\" height=\"392\" src=\"https:\/\/www.youtube.com\/embed\/z_9GI6uexqk?feature=oembed\" frameborder=\"0\" allow=\"accelerometer; autoplay; clipboard-write; encrypted-media; gyroscope; picture-in-picture; web-share\" referrerpolicy=\"strict-origin-when-cross-origin\" allowfullscreen><\/iframe>\n<\/div><\/figure>\n<\/div>\n\n\n\n<div class=\"wp-block-column is-layout-flow wp-block-column-is-layout-flow\">\n<p class=\"has-text-align-center\">Creaci\u00f3n de Usuario<\/p>\n\n\n\n<figure class=\"wp-block-embed is-type-video is-provider-youtube wp-block-embed-youtube wp-embed-aspect-16-9 wp-has-aspect-ratio\"><div class=\"wp-block-embed__wrapper\">\n<iframe loading=\"lazy\" title=\"Creaci\u00f3n de Usuario: Servicios Virtuales C\u00e1mara de Comercio de Dosquebradas\" width=\"696\" height=\"392\" src=\"https:\/\/www.youtube.com\/embed\/adgJBz9Z854?feature=oembed\" frameborder=\"0\" allow=\"accelerometer; autoplay; clipboard-write; encrypted-media; gyroscope; picture-in-picture; web-share\" referrerpolicy=\"strict-origin-when-cross-origin\" allowfullscreen><\/iframe>\n<\/div><\/figure>\n<\/div>\n<\/div>\n\n\n\n<div class=\"wp-block-columns is-layout-flex wp-container-core-columns-is-layout-9d6595d7 wp-block-columns-is-layout-flex\">\n<div class=\"wp-block-column is-layout-flow wp-block-column-is-layout-flow\">\n<p class=\"has-text-align-center\">C\u00f3mo hacer una mutaci\u00f3n<\/p>\n\n\n\n<figure class=\"wp-block-embed is-type-video is-provider-youtube wp-block-embed-youtube wp-embed-aspect-16-9 wp-has-aspect-ratio\"><div class=\"wp-block-embed__wrapper\">\n<iframe loading=\"lazy\" title=\"\u2705 C\u00f3mo realizar tu Mutaci\u00f3n | Paso a Paso en la C\u00e1mara de Comercio de Dosquebradas \ud83c\udfe2\" width=\"696\" height=\"392\" src=\"https:\/\/www.youtube.com\/embed\/iGLjuNGym6Y?feature=oembed\" frameborder=\"0\" allow=\"accelerometer; autoplay; clipboard-write; encrypted-media; gyroscope; picture-in-picture; web-share\" referrerpolicy=\"strict-origin-when-cross-origin\" allowfullscreen><\/iframe>\n<\/div><\/figure>\n<\/div>\n\n\n\n<div class=\"wp-block-column is-layout-flow wp-block-column-is-layout-flow\">\n<p class=\"has-text-align-center\">Renovar RUP<\/p>\n\n\n\n<figure class=\"wp-block-embed is-type-video is-provider-youtube wp-block-embed-youtube wp-embed-aspect-16-9 wp-has-aspect-ratio\"><div class=\"wp-block-embed__wrapper\">\n<iframe loading=\"lazy\" title=\"\ud83d\udcdd C\u00f3mo renovar el Registro \u00danico de Proponentes (RUP) 2026 | Gu\u00eda completa  \" width=\"696\" height=\"392\" src=\"https:\/\/www.youtube.com\/embed\/l7NJwEiG7j4?feature=oembed\" frameborder=\"0\" allow=\"accelerometer; autoplay; clipboard-write; encrypted-media; gyroscope; picture-in-picture; web-share\" referrerpolicy=\"strict-origin-when-cross-origin\" allowfullscreen><\/iframe>\n<\/div><\/figure>\n<\/div>\n<\/div>\n\n\n\n<div class=\"wp-block-columns is-layout-flex wp-container-core-columns-is-layout-9d6595d7 wp-block-columns-is-layout-flex\">\n<div class=\"wp-block-column is-layout-flow wp-block-column-is-layout-flow\">\n<p class=\"has-text-align-center\">Comprar certificados en l\u00ednea<\/p>\n\n\n\n<figure class=\"wp-block-embed is-type-video is-provider-youtube wp-block-embed-youtube wp-embed-aspect-16-9 wp-has-aspect-ratio\"><div class=\"wp-block-embed__wrapper\">\n<iframe loading=\"lazy\" title=\"Tutorial: Compra y descarga tus Certificados de forma virtual - C\u00e1mara de Comercio de Dosquebradas\" width=\"696\" height=\"392\" src=\"https:\/\/www.youtube.com\/embed\/TnfijjqpqOo?feature=oembed\" frameborder=\"0\" allow=\"accelerometer; autoplay; clipboard-write; encrypted-media; gyroscope; picture-in-picture; web-share\" referrerpolicy=\"strict-origin-when-cross-origin\" allowfullscreen><\/iframe>\n<\/div><\/figure>\n<\/div>\n\n\n\n<div class=\"wp-block-column is-layout-flow wp-block-column-is-layout-flow\"><\/div>\n<\/div>\n","protected":false},"excerpt":{"rendered":"<p>Certificados Renovaci\u00f3n Inscripci\u00f3n Crea Usuario y Contrase\u00f1a Mutaci\u00f3n Cancelaci\u00f3n Matriculas TutorialesTu gu\u00eda paso a paso para hacerlo Renovar de Manera Virtual Creaci\u00f3n de Usuario C\u00f3mo hacer una mutaci\u00f3n Renovar RUP Comprar certificados en l\u00ednea<\/p>\n","protected":false},"author":1,"featured_media":0,"parent":0,"menu_order":0,"comment_status":"closed","ping_status":"closed","template":"","meta":{"ngg_post_thumbnail":0,"footnotes":""},"class_list":["post-355","page","type-page","status-publish"],"yoast_head":"<!-- This site is optimized with the Yoast SEO plugin v27.4 - https:\/\/yoast.com\/product\/yoast-seo-wordpress\/ -->\n<title>- C\u00e1mara de Comercio de Dosquebradas<\/title>\n<meta name=\"robots\" content=\"index, follow, max-snippet:-1, max-image-preview:large, max-video-preview:-1\" \/>\n<link rel=\"canonical\" href=\"https:\/\/www.camado.org.co\/web2\/servicios-virtuales\/\" \/>\n<meta property=\"og:locale\" content=\"es_ES\" \/>\n<meta property=\"og:type\" content=\"article\" \/>\n<meta property=\"og:title\" content=\"- C\u00e1mara de Comercio de Dosquebradas\" \/>\n<meta property=\"og:description\" content=\"Certificados Renovaci\u00f3n Inscripci\u00f3n Crea Usuario y Contrase\u00f1a Mutaci\u00f3n Cancelaci\u00f3n Matriculas TutorialesTu gu\u00eda paso a paso para hacerlo Renovar de Manera Virtual Creaci\u00f3n de Usuario C\u00f3mo hacer una mutaci\u00f3n Renovar RUP Comprar certificados en l\u00ednea\" \/>\n<meta property=\"og:url\" content=\"https:\/\/www.camado.org.co\/web2\/servicios-virtuales\/\" \/>\n<meta property=\"og:site_name\" content=\"C\u00e1mara de Comercio de Dosquebradas\" \/>\n<meta property=\"article:modified_time\" content=\"2026-03-19T20:22:19+00:00\" \/>\n<meta name=\"twitter:card\" content=\"summary_large_image\" \/>\n<meta name=\"twitter:label1\" content=\"Tiempo de lectura\" \/>\n\t<meta name=\"twitter:data1\" content=\"1 minuto\" \/>\n<script type=\"application\/ld+json\" class=\"yoast-schema-graph\">{\"@context\":\"https:\\\/\\\/schema.org\",\"@graph\":[{\"@type\":\"WebPage\",\"@id\":\"https:\\\/\\\/www.camado.org.co\\\/web2\\\/servicios-virtuales\\\/\",\"url\":\"https:\\\/\\\/www.camado.org.co\\\/web2\\\/servicios-virtuales\\\/\",\"name\":\"- C\u00e1mara de Comercio de Dosquebradas\",\"isPartOf\":{\"@id\":\"https:\\\/\\\/www.camado.org.co\\\/web2\\\/#website\"},\"datePublished\":\"2019-11-21T22:26:25+00:00\",\"dateModified\":\"2026-03-19T20:22:19+00:00\",\"inLanguage\":\"es\",\"potentialAction\":[{\"@type\":\"ReadAction\",\"target\":[\"https:\\\/\\\/www.camado.org.co\\\/web2\\\/servicios-virtuales\\\/\"]}]},{\"@type\":\"WebSite\",\"@id\":\"https:\\\/\\\/www.camado.org.co\\\/web2\\\/#website\",\"url\":\"https:\\\/\\\/www.camado.org.co\\\/web2\\\/\",\"name\":\"C\u00e1mara de Comercio de Dosquebradas\",\"description\":\"Camado\",\"potentialAction\":[{\"@type\":\"SearchAction\",\"target\":{\"@type\":\"EntryPoint\",\"urlTemplate\":\"https:\\\/\\\/www.camado.org.co\\\/web2\\\/?s={search_term_string}\"},\"query-input\":{\"@type\":\"PropertyValueSpecification\",\"valueRequired\":true,\"valueName\":\"search_term_string\"}}],\"inLanguage\":\"es\"}]}<\/script>\n<!-- \/ Yoast SEO plugin. -->","yoast_head_json":{"title":"- C\u00e1mara de Comercio de Dosquebradas","robots":{"index":"index","follow":"follow","max-snippet":"max-snippet:-1","max-image-preview":"max-image-preview:large","max-video-preview":"max-video-preview:-1"},"canonical":"https:\/\/www.camado.org.co\/web2\/servicios-virtuales\/","og_locale":"es_ES","og_type":"article","og_title":"- C\u00e1mara de Comercio de Dosquebradas","og_description":"Certificados Renovaci\u00f3n Inscripci\u00f3n Crea Usuario y Contrase\u00f1a Mutaci\u00f3n Cancelaci\u00f3n Matriculas TutorialesTu gu\u00eda paso a paso para hacerlo Renovar de Manera Virtual Creaci\u00f3n de Usuario C\u00f3mo hacer una mutaci\u00f3n Renovar RUP Comprar certificados en l\u00ednea","og_url":"https:\/\/www.camado.org.co\/web2\/servicios-virtuales\/","og_site_name":"C\u00e1mara de Comercio de Dosquebradas","article_modified_time":"2026-03-19T20:22:19+00:00","twitter_card":"summary_large_image","twitter_misc":{"Tiempo de lectura":"1 minuto"},"schema":{"@context":"https:\/\/schema.org","@graph":[{"@type":"WebPage","@id":"https:\/\/www.camado.org.co\/web2\/servicios-virtuales\/","url":"https:\/\/www.camado.org.co\/web2\/servicios-virtuales\/","name":"- C\u00e1mara de Comercio de Dosquebradas","isPartOf":{"@id":"https:\/\/www.camado.org.co\/web2\/#website"},"datePublished":"2019-11-21T22:26:25+00:00","dateModified":"2026-03-19T20:22:19+00:00","inLanguage":"es","potentialAction":[{"@type":"ReadAction","target":["https:\/\/www.camado.org.co\/web2\/servicios-virtuales\/"]}]},{"@type":"WebSite","@id":"https:\/\/www.camado.org.co\/web2\/#website","url":"https:\/\/www.camado.org.co\/web2\/","name":"C\u00e1mara de Comercio de Dosquebradas","description":"Camado","potentialAction":[{"@type":"SearchAction","target":{"@type":"EntryPoint","urlTemplate":"https:\/\/www.camado.org.co\/web2\/?s={search_term_string}"},"query-input":{"@type":"PropertyValueSpecification","valueRequired":true,"valueName":"search_term_string"}}],"inLanguage":"es"}]}},"_links":{"self":[{"href":"https:\/\/www.camado.org.co\/web2\/wp-json\/wp\/v2\/pages\/355","targetHints":{"allow":["GET"]}}],"collection":[{"href":"https:\/\/www.camado.org.co\/web2\/wp-json\/wp\/v2\/pages"}],"about":[{"href":"https:\/\/www.camado.org.co\/web2\/wp-json\/wp\/v2\/types\/page"}],"author":[{"embeddable":true,"href":"https:\/\/www.camado.org.co\/web2\/wp-json\/wp\/v2\/users\/1"}],"replies":[{"embeddable":true,"href":"https:\/\/www.camado.org.co\/web2\/wp-json\/wp\/v2\/comments?post=355"}],"version-history":[{"count":150,"href":"https:\/\/www.camado.org.co\/web2\/wp-json\/wp\/v2\/pages\/355\/revisions"}],"predecessor-version":[{"id":9900,"href":"https:\/\/www.camado.org.co\/web2\/wp-json\/wp\/v2\/pages\/355\/revisions\/9900"}],"wp:attachment":[{"href":"https:\/\/www.camado.org.co\/web2\/wp-json\/wp\/v2\/media?parent=355"}],"curies":[{"name":"wp","href":"https:\/\/api.w.org\/{rel}","templated":true}]}}