{"id":3608,"date":"2021-03-23T22:27:51","date_gmt":"2021-03-23T22:27:51","guid":{"rendered":"https:\/\/www.camado.org.co\/web2\/?page_id=3608"},"modified":"2022-01-26T16:02:16","modified_gmt":"2022-01-26T16:02:16","slug":"modainn","status":"publish","type":"page","link":"https:\/\/www.camado.org.co\/web2\/modainn\/","title":{"rendered":"Moda INN"},"content":{"rendered":"\n<figure class=\"wp-block-image size-large\"><img loading=\"lazy\" decoding=\"async\" width=\"1024\" height=\"1024\" src=\"https:\/\/www.camado.org.co\/web2\/wp-content\/uploads\/2021\/04\/post1modainn-1024x1024.png\" alt=\"\" class=\"wp-image-3629\" srcset=\"https:\/\/www.camado.org.co\/web2\/wp-content\/uploads\/2021\/04\/post1modainn-1024x1024.png 1024w, https:\/\/www.camado.org.co\/web2\/wp-content\/uploads\/2021\/04\/post1modainn-300x300.png 300w, https:\/\/www.camado.org.co\/web2\/wp-content\/uploads\/2021\/04\/post1modainn-150x150.png 150w, https:\/\/www.camado.org.co\/web2\/wp-content\/uploads\/2021\/04\/post1modainn-768x768.png 768w, https:\/\/www.camado.org.co\/web2\/wp-content\/uploads\/2021\/04\/post1modainn-696x696.png 696w, https:\/\/www.camado.org.co\/web2\/wp-content\/uploads\/2021\/04\/post1modainn-1068x1068.png 1068w, https:\/\/www.camado.org.co\/web2\/wp-content\/uploads\/2021\/04\/post1modainn-420x420.png 420w, https:\/\/www.camado.org.co\/web2\/wp-content\/uploads\/2021\/04\/post1modainn.png 1500w\" sizes=\"auto, (max-width: 1024px) 100vw, 1024px\" \/><\/figure>\n\n\n\n<p>ModaINN es un programa del Ministerio de Comercio, Industria y Turismo e iNNpulsa Colombia que, en alianza con la C\u00e1mara de Comercio de Dosquebradas y con el apoyo de la C\u00e1mara de Comercio de Cartago, se pretende fortalecer a los #emprendimientos del sistema moda que se encuentren liderados por poblaci\u00f3n en condici\u00f3n de vulnerabilidad y\/o v\u00edctimas del conflicto por desplazamiento forzado, a trav\u00e9s del desarrollo de sus capacidades productivas, empresariales y de capital humano.<\/p>\n\n\n\n<p><br>La ejecuci\u00f3n del programa MODA INN en alianza con la C\u00e1mara de Comercio de Dosquebradas busca llegar a 47 emprendimientos en los departamentos de: Caldas, Choc\u00f3, Risaralda, Tolima y Valle del Cauca (Norte del Valle) en los municipios de: Alcal\u00e1, Ansermanuevo, Argelia, Bol\u00edvar, Cartago, El \u00c1guila, El Cairo, El Dovio, La Uni\u00f3n, La Victoria, Obando, Roldanillo, Toro, Ulloa, Versalles y Zarzal. &nbsp;<br>Los emprendedores beneficiados por el programa iNNpulsa Moda INN participaran en un proceso de fortalecimiento durante el desarrollo de cuatro etapas distribuidas en un lapso de ocho meses, as\u00ed como un per\u00edodo de seguimiento y acompa\u00f1amiento posterior a la intervenci\u00f3n de cuatro meses. &nbsp;<br><br>Las etapas del programa se ver\u00e1n distribuidas de la siguiente forma: I) convocatoria y selecci\u00f3n de los 47 emprendimientos seg\u00fan los requisitos de emprendedor y emprendimiento descritos en este documento, II) transferencia de conocimientos necesarios con base al diagn\u00f3stico realizado por expertos, III) inversi\u00f3n en capital productivo y IV) conexi\u00f3n al mercado del sector moda.&nbsp;<br>Las etapas mencionadas anteriormente conllevan diferentes actividades que buscan fortalecer los emprendimientos participantes, el desarrollo econ\u00f3mico y empresarial del sistema moda, sus capacidades productivas y el desarrollo del capital humano en los cinco departamentos mencionados, as\u00ed como la calidad de vida de los diferentes emprendedores, sus familias y comunidad. Dicho esto, los beneficiarios del programa tendr\u00e1n un acompa\u00f1amiento psicosocial durante el desarrollo del programa, el cual pretende generar un proceso de acompa\u00f1amiento personal, familiar o comunitario que restablezca la integridad emocional de las personas, sus redes de apoyo, y que estar\u00e1 encaminado a contribuir a la consolidaci\u00f3n del emprendimiento y todas las personas que de \u00e9l se encuentren beneficiadas. &nbsp;<\/p>\n\n\n\n<figure class=\"wp-block-embed-youtube wp-block-embed is-type-video is-provider-youtube wp-embed-aspect-16-9 wp-has-aspect-ratio\"><div class=\"wp-block-embed__wrapper\">\n<iframe loading=\"lazy\" title=\"Convocatoria Moda Inn 2021 por Innpulsa\" width=\"696\" height=\"392\" src=\"https:\/\/www.youtube.com\/embed\/l3Bb4pnRsiI?feature=oembed\" frameborder=\"0\" allow=\"accelerometer; autoplay; clipboard-write; encrypted-media; gyroscope; picture-in-picture\" allowfullscreen><\/iframe>\n<\/div><\/figure>\n\n\n\n<h2 class=\"wp-block-heading\"><strong><a href=\"https:\/\/forms.gle\/fW2sSH56ZcMDUFQR6\">Inscr\u00edbete aqu\u00ed<\/a><\/strong><\/h2>\n\n\n\n<p>Para mayor informaci\u00f3n: Descargar <strong>t\u00e9rminos de referencia<\/strong> (<a href=\"https:\/\/www.camado.org.co\/web2\/wp-content\/uploads\/2021\/04\/T\u00c9RMINOS-DE-REFERENCIA-Innpulsa-Moda-Inn.pdf\">aqu\u00ed<\/a>)<\/p>\n\n\n\n<p>ADENDA a los t\u00e9rminos de referencia de la convocatoria (<a href=\"https:\/\/www.camado.org.co\/web2\/wp-content\/uploads\/2021\/05\/ADENDA-T\u00c9RMINOS-DE-REFERENCIA-CONVOCATORIA-MODA-INN.docx\">aqu\u00ed<\/a>)<\/p>\n\n\n\n<p>M\u00e1s info en&nbsp; <a rel=\"noreferrer noopener\" href=\"mailto:postulacionesmodainn@camado.org.co\" target=\"_blank\">postulacionesmodainn@camado.org.co<\/a> <\/p>\n","protected":false},"excerpt":{"rendered":"<p>ModaINN es un programa del Ministerio de Comercio, Industria y Turismo e iNNpulsa Colombia que, en alianza con la C\u00e1mara de Comercio de Dosquebradas y con el apoyo de la C\u00e1mara de Comercio de Cartago, se pretende fortalecer a los #emprendimientos del sistema moda que se encuentren liderados por poblaci\u00f3n en condici\u00f3n de vulnerabilidad y\/o [&hellip;]<\/p>\n","protected":false},"author":1,"featured_media":0,"parent":0,"menu_order":0,"comment_status":"closed","ping_status":"closed","template":"","meta":{"ngg_post_thumbnail":0,"footnotes":""},"class_list":["post-3608","page","type-page","status-publish"],"yoast_head":"<!-- This site is optimized with the Yoast SEO plugin v27.3 - https:\/\/yoast.com\/product\/yoast-seo-wordpress\/ -->\n<title>Moda INN - C\u00e1mara de Comercio de Dosquebradas<\/title>\n<meta name=\"robots\" content=\"index, follow, max-snippet:-1, max-image-preview:large, max-video-preview:-1\" \/>\n<link rel=\"canonical\" href=\"https:\/\/www.camado.org.co\/web2\/modainn\/\" \/>\n<meta property=\"og:locale\" content=\"es_ES\" \/>\n<meta property=\"og:type\" content=\"article\" \/>\n<meta property=\"og:title\" content=\"Moda INN - C\u00e1mara de Comercio de Dosquebradas\" \/>\n<meta property=\"og:description\" content=\"ModaINN es un programa del Ministerio de Comercio, Industria y Turismo e iNNpulsa Colombia que, en alianza con la C\u00e1mara de Comercio de Dosquebradas y con el apoyo de la C\u00e1mara de Comercio de Cartago, se pretende fortalecer a los #emprendimientos del sistema moda que se encuentren liderados por poblaci\u00f3n en condici\u00f3n de vulnerabilidad y\/o [&hellip;]\" \/>\n<meta property=\"og:url\" content=\"https:\/\/www.camado.org.co\/web2\/modainn\/\" \/>\n<meta property=\"og:site_name\" content=\"C\u00e1mara de Comercio de Dosquebradas\" \/>\n<meta property=\"article:modified_time\" content=\"2022-01-26T16:02:16+00:00\" \/>\n<meta property=\"og:image\" content=\"https:\/\/www.camado.org.co\/web2\/wp-content\/uploads\/2021\/04\/post1modainn-1024x1024.png\" \/>\n<meta name=\"twitter:card\" content=\"summary_large_image\" \/>\n<meta name=\"twitter:label1\" content=\"Tiempo de lectura\" \/>\n\t<meta name=\"twitter:data1\" content=\"2 minutos\" \/>\n<script type=\"application\/ld+json\" class=\"yoast-schema-graph\">{\"@context\":\"https:\\\/\\\/schema.org\",\"@graph\":[{\"@type\":\"WebPage\",\"@id\":\"https:\\\/\\\/www.camado.org.co\\\/web2\\\/modainn\\\/\",\"url\":\"https:\\\/\\\/www.camado.org.co\\\/web2\\\/modainn\\\/\",\"name\":\"Moda INN - C\u00e1mara de Comercio de Dosquebradas\",\"isPartOf\":{\"@id\":\"https:\\\/\\\/www.camado.org.co\\\/web2\\\/#website\"},\"primaryImageOfPage\":{\"@id\":\"https:\\\/\\\/www.camado.org.co\\\/web2\\\/modainn\\\/#primaryimage\"},\"image\":{\"@id\":\"https:\\\/\\\/www.camado.org.co\\\/web2\\\/modainn\\\/#primaryimage\"},\"thumbnailUrl\":\"https:\\\/\\\/www.camado.org.co\\\/web2\\\/wp-content\\\/uploads\\\/2021\\\/04\\\/post1modainn-1024x1024.png\",\"datePublished\":\"2021-03-23T22:27:51+00:00\",\"dateModified\":\"2022-01-26T16:02:16+00:00\",\"breadcrumb\":{\"@id\":\"https:\\\/\\\/www.camado.org.co\\\/web2\\\/modainn\\\/#breadcrumb\"},\"inLanguage\":\"es\",\"potentialAction\":[{\"@type\":\"ReadAction\",\"target\":[\"https:\\\/\\\/www.camado.org.co\\\/web2\\\/modainn\\\/\"]}]},{\"@type\":\"ImageObject\",\"inLanguage\":\"es\",\"@id\":\"https:\\\/\\\/www.camado.org.co\\\/web2\\\/modainn\\\/#primaryimage\",\"url\":\"https:\\\/\\\/www.camado.org.co\\\/web2\\\/wp-content\\\/uploads\\\/2021\\\/04\\\/post1modainn.png\",\"contentUrl\":\"https:\\\/\\\/www.camado.org.co\\\/web2\\\/wp-content\\\/uploads\\\/2021\\\/04\\\/post1modainn.png\",\"width\":1500,\"height\":1500},{\"@type\":\"BreadcrumbList\",\"@id\":\"https:\\\/\\\/www.camado.org.co\\\/web2\\\/modainn\\\/#breadcrumb\",\"itemListElement\":[{\"@type\":\"ListItem\",\"position\":1,\"name\":\"Portada\",\"item\":\"https:\\\/\\\/www.camado.org.co\\\/web2\\\/\"},{\"@type\":\"ListItem\",\"position\":2,\"name\":\"Moda INN\"}]},{\"@type\":\"WebSite\",\"@id\":\"https:\\\/\\\/www.camado.org.co\\\/web2\\\/#website\",\"url\":\"https:\\\/\\\/www.camado.org.co\\\/web2\\\/\",\"name\":\"C\u00e1mara de Comercio de Dosquebradas\",\"description\":\"Camado\",\"potentialAction\":[{\"@type\":\"SearchAction\",\"target\":{\"@type\":\"EntryPoint\",\"urlTemplate\":\"https:\\\/\\\/www.camado.org.co\\\/web2\\\/?s={search_term_string}\"},\"query-input\":{\"@type\":\"PropertyValueSpecification\",\"valueRequired\":true,\"valueName\":\"search_term_string\"}}],\"inLanguage\":\"es\"}]}<\/script>\n<!-- \/ Yoast SEO plugin. -->","yoast_head_json":{"title":"Moda INN - C\u00e1mara de Comercio de Dosquebradas","robots":{"index":"index","follow":"follow","max-snippet":"max-snippet:-1","max-image-preview":"max-image-preview:large","max-video-preview":"max-video-preview:-1"},"canonical":"https:\/\/www.camado.org.co\/web2\/modainn\/","og_locale":"es_ES","og_type":"article","og_title":"Moda INN - C\u00e1mara de Comercio de Dosquebradas","og_description":"ModaINN es un programa del Ministerio de Comercio, Industria y Turismo e iNNpulsa Colombia que, en alianza con la C\u00e1mara de Comercio de Dosquebradas y con el apoyo de la C\u00e1mara de Comercio de Cartago, se pretende fortalecer a los #emprendimientos del sistema moda que se encuentren liderados por poblaci\u00f3n en condici\u00f3n de vulnerabilidad y\/o [&hellip;]","og_url":"https:\/\/www.camado.org.co\/web2\/modainn\/","og_site_name":"C\u00e1mara de Comercio de Dosquebradas","article_modified_time":"2022-01-26T16:02:16+00:00","og_image":[{"url":"https:\/\/www.camado.org.co\/web2\/wp-content\/uploads\/2021\/04\/post1modainn-1024x1024.png","type":"","width":"","height":""}],"twitter_card":"summary_large_image","twitter_misc":{"Tiempo de lectura":"2 minutos"},"schema":{"@context":"https:\/\/schema.org","@graph":[{"@type":"WebPage","@id":"https:\/\/www.camado.org.co\/web2\/modainn\/","url":"https:\/\/www.camado.org.co\/web2\/modainn\/","name":"Moda INN - C\u00e1mara de Comercio de Dosquebradas","isPartOf":{"@id":"https:\/\/www.camado.org.co\/web2\/#website"},"primaryImageOfPage":{"@id":"https:\/\/www.camado.org.co\/web2\/modainn\/#primaryimage"},"image":{"@id":"https:\/\/www.camado.org.co\/web2\/modainn\/#primaryimage"},"thumbnailUrl":"https:\/\/www.camado.org.co\/web2\/wp-content\/uploads\/2021\/04\/post1modainn-1024x1024.png","datePublished":"2021-03-23T22:27:51+00:00","dateModified":"2022-01-26T16:02:16+00:00","breadcrumb":{"@id":"https:\/\/www.camado.org.co\/web2\/modainn\/#breadcrumb"},"inLanguage":"es","potentialAction":[{"@type":"ReadAction","target":["https:\/\/www.camado.org.co\/web2\/modainn\/"]}]},{"@type":"ImageObject","inLanguage":"es","@id":"https:\/\/www.camado.org.co\/web2\/modainn\/#primaryimage","url":"https:\/\/www.camado.org.co\/web2\/wp-content\/uploads\/2021\/04\/post1modainn.png","contentUrl":"https:\/\/www.camado.org.co\/web2\/wp-content\/uploads\/2021\/04\/post1modainn.png","width":1500,"height":1500},{"@type":"BreadcrumbList","@id":"https:\/\/www.camado.org.co\/web2\/modainn\/#breadcrumb","itemListElement":[{"@type":"ListItem","position":1,"name":"Portada","item":"https:\/\/www.camado.org.co\/web2\/"},{"@type":"ListItem","position":2,"name":"Moda INN"}]},{"@type":"WebSite","@id":"https:\/\/www.camado.org.co\/web2\/#website","url":"https:\/\/www.camado.org.co\/web2\/","name":"C\u00e1mara de Comercio de Dosquebradas","description":"Camado","potentialAction":[{"@type":"SearchAction","target":{"@type":"EntryPoint","urlTemplate":"https:\/\/www.camado.org.co\/web2\/?s={search_term_string}"},"query-input":{"@type":"PropertyValueSpecification","valueRequired":true,"valueName":"search_term_string"}}],"inLanguage":"es"}]}},"_links":{"self":[{"href":"https:\/\/www.camado.org.co\/web2\/wp-json\/wp\/v2\/pages\/3608","targetHints":{"allow":["GET"]}}],"collection":[{"href":"https:\/\/www.camado.org.co\/web2\/wp-json\/wp\/v2\/pages"}],"about":[{"href":"https:\/\/www.camado.org.co\/web2\/wp-json\/wp\/v2\/types\/page"}],"author":[{"embeddable":true,"href":"https:\/\/www.camado.org.co\/web2\/wp-json\/wp\/v2\/users\/1"}],"replies":[{"embeddable":true,"href":"https:\/\/www.camado.org.co\/web2\/wp-json\/wp\/v2\/comments?post=3608"}],"version-history":[{"count":16,"href":"https:\/\/www.camado.org.co\/web2\/wp-json\/wp\/v2\/pages\/3608\/revisions"}],"predecessor-version":[{"id":4786,"href":"https:\/\/www.camado.org.co\/web2\/wp-json\/wp\/v2\/pages\/3608\/revisions\/4786"}],"wp:attachment":[{"href":"https:\/\/www.camado.org.co\/web2\/wp-json\/wp\/v2\/media?parent=3608"}],"curies":[{"name":"wp","href":"https:\/\/api.w.org\/{rel}","templated":true}]}}