{"id":5295,"date":"2022-09-29T19:21:35","date_gmt":"2022-09-29T19:21:35","guid":{"rendered":"https:\/\/www.camado.org.co\/web2\/?page_id=5295"},"modified":"2022-09-29T19:21:37","modified_gmt":"2022-09-29T19:21:37","slug":"terminos-y-condiciones-2","status":"publish","type":"page","link":"https:\/\/www.camado.org.co\/web2\/terminos-y-condiciones-2\/","title":{"rendered":"Terminos y Condiciones"},"content":{"rendered":"\n<p>\u00a1Bienvenido a la p\u00e1gina web de la C\u00e1mara de Comercio de Dosquebradas!<\/p>\n\n\n\n<p>Hemos realizado una p\u00e1gina web totalmente amigable para el usuario, de modo que su navegaci\u00f3n permita encontrar f\u00e1cilmente nuestros servicios y toda la informaci\u00f3n que requiera sobre la c\u00e1mara.<\/p>\n\n\n\n<p>El siguiente documento de T\u00e9rminos y Condiciones regula el uso de la p\u00e1gina web <a href=\"http:\/\/www.camado.org.co\">www.camado.org.co<\/a> y por lo tanto, el uso de dicha p\u00e1gina supone la aceptaci\u00f3n de la informaci\u00f3n contenida en el documento.<\/p>\n\n\n\n<p>Estos T\u00e9rminos y Condiciones podr\u00e1n ser modificados en cualquier momento por lo que se recomienda al usuario su verificaci\u00f3n al momento de ingresar a la p\u00e1gina web.<\/p>\n\n\n\n<p>Para la lectura del documento, es necesario saber que: La C\u00e1mara de Comercio de Dosquebradas se denominar\u00e1 como CAMADO, la p\u00e1gina web <a href=\"http:\/\/www.camado.org.co\">www.camado.org.co<\/a> se denominar\u00e1 la P\u00c1GINA WEB, las personas que ingresen a la P\u00c1GINA WEB ser\u00e1n denominados USUARIOS; y el documento en general, para referencias y autoreferencias, ser\u00e1 denominado c\u00f3mo T\u00c9RMINOS.<br><\/p>\n\n\n\n<p>Desc\u00e1rguelo <a href=\"https:\/\/www.camado.org.co\/web2\/wp-content\/uploads\/2022\/09\/TERMINOS-CAMADO.pdf\">aqu\u00ed<\/a><br><\/p>\n","protected":false},"excerpt":{"rendered":"<p>\u00a1Bienvenido a la p\u00e1gina web de la C\u00e1mara de Comercio de Dosquebradas! Hemos realizado una p\u00e1gina web totalmente amigable para el usuario, de modo que su navegaci\u00f3n permita encontrar f\u00e1cilmente nuestros servicios y toda la informaci\u00f3n que requiera sobre la c\u00e1mara. El siguiente documento de T\u00e9rminos y Condiciones regula el uso de la p\u00e1gina web [&hellip;]<\/p>\n","protected":false},"author":1,"featured_media":0,"parent":0,"menu_order":0,"comment_status":"closed","ping_status":"closed","template":"","meta":{"ngg_post_thumbnail":0,"footnotes":""},"class_list":["post-5295","page","type-page","status-publish"],"yoast_head":"<!-- This site is optimized with the Yoast SEO plugin v27.4 - https:\/\/yoast.com\/product\/yoast-seo-wordpress\/ -->\n<title>Terminos y Condiciones - C\u00e1mara de Comercio de Dosquebradas<\/title>\n<meta name=\"robots\" content=\"index, follow, max-snippet:-1, max-image-preview:large, max-video-preview:-1\" \/>\n<link rel=\"canonical\" href=\"https:\/\/www.camado.org.co\/web2\/terminos-y-condiciones-2\/\" \/>\n<meta property=\"og:locale\" content=\"es_ES\" \/>\n<meta property=\"og:type\" content=\"article\" \/>\n<meta property=\"og:title\" content=\"Terminos y Condiciones - C\u00e1mara de Comercio de Dosquebradas\" \/>\n<meta property=\"og:description\" content=\"\u00a1Bienvenido a la p\u00e1gina web de la C\u00e1mara de Comercio de Dosquebradas! Hemos realizado una p\u00e1gina web totalmente amigable para el usuario, de modo que su navegaci\u00f3n permita encontrar f\u00e1cilmente nuestros servicios y toda la informaci\u00f3n que requiera sobre la c\u00e1mara. El siguiente documento de T\u00e9rminos y Condiciones regula el uso de la p\u00e1gina web [&hellip;]\" \/>\n<meta property=\"og:url\" content=\"https:\/\/www.camado.org.co\/web2\/terminos-y-condiciones-2\/\" \/>\n<meta property=\"og:site_name\" content=\"C\u00e1mara de Comercio de Dosquebradas\" \/>\n<meta property=\"article:modified_time\" content=\"2022-09-29T19:21:37+00:00\" \/>\n<meta name=\"twitter:card\" content=\"summary_large_image\" \/>\n<meta name=\"twitter:label1\" content=\"Tiempo de lectura\" \/>\n\t<meta name=\"twitter:data1\" content=\"1 minuto\" \/>\n<script type=\"application\/ld+json\" class=\"yoast-schema-graph\">{\"@context\":\"https:\\\/\\\/schema.org\",\"@graph\":[{\"@type\":\"WebPage\",\"@id\":\"https:\\\/\\\/www.camado.org.co\\\/web2\\\/terminos-y-condiciones-2\\\/\",\"url\":\"https:\\\/\\\/www.camado.org.co\\\/web2\\\/terminos-y-condiciones-2\\\/\",\"name\":\"Terminos y Condiciones - C\u00e1mara de Comercio de Dosquebradas\",\"isPartOf\":{\"@id\":\"https:\\\/\\\/www.camado.org.co\\\/web2\\\/#website\"},\"datePublished\":\"2022-09-29T19:21:35+00:00\",\"dateModified\":\"2022-09-29T19:21:37+00:00\",\"breadcrumb\":{\"@id\":\"https:\\\/\\\/www.camado.org.co\\\/web2\\\/terminos-y-condiciones-2\\\/#breadcrumb\"},\"inLanguage\":\"es\",\"potentialAction\":[{\"@type\":\"ReadAction\",\"target\":[\"https:\\\/\\\/www.camado.org.co\\\/web2\\\/terminos-y-condiciones-2\\\/\"]}]},{\"@type\":\"BreadcrumbList\",\"@id\":\"https:\\\/\\\/www.camado.org.co\\\/web2\\\/terminos-y-condiciones-2\\\/#breadcrumb\",\"itemListElement\":[{\"@type\":\"ListItem\",\"position\":1,\"name\":\"Portada\",\"item\":\"https:\\\/\\\/www.camado.org.co\\\/web2\\\/\"},{\"@type\":\"ListItem\",\"position\":2,\"name\":\"Terminos y Condiciones\"}]},{\"@type\":\"WebSite\",\"@id\":\"https:\\\/\\\/www.camado.org.co\\\/web2\\\/#website\",\"url\":\"https:\\\/\\\/www.camado.org.co\\\/web2\\\/\",\"name\":\"C\u00e1mara de Comercio de Dosquebradas\",\"description\":\"Camado\",\"potentialAction\":[{\"@type\":\"SearchAction\",\"target\":{\"@type\":\"EntryPoint\",\"urlTemplate\":\"https:\\\/\\\/www.camado.org.co\\\/web2\\\/?s={search_term_string}\"},\"query-input\":{\"@type\":\"PropertyValueSpecification\",\"valueRequired\":true,\"valueName\":\"search_term_string\"}}],\"inLanguage\":\"es\"}]}<\/script>\n<!-- \/ Yoast SEO plugin. -->","yoast_head_json":{"title":"Terminos y Condiciones - C\u00e1mara de Comercio de Dosquebradas","robots":{"index":"index","follow":"follow","max-snippet":"max-snippet:-1","max-image-preview":"max-image-preview:large","max-video-preview":"max-video-preview:-1"},"canonical":"https:\/\/www.camado.org.co\/web2\/terminos-y-condiciones-2\/","og_locale":"es_ES","og_type":"article","og_title":"Terminos y Condiciones - C\u00e1mara de Comercio de Dosquebradas","og_description":"\u00a1Bienvenido a la p\u00e1gina web de la C\u00e1mara de Comercio de Dosquebradas! Hemos realizado una p\u00e1gina web totalmente amigable para el usuario, de modo que su navegaci\u00f3n permita encontrar f\u00e1cilmente nuestros servicios y toda la informaci\u00f3n que requiera sobre la c\u00e1mara. El siguiente documento de T\u00e9rminos y Condiciones regula el uso de la p\u00e1gina web [&hellip;]","og_url":"https:\/\/www.camado.org.co\/web2\/terminos-y-condiciones-2\/","og_site_name":"C\u00e1mara de Comercio de Dosquebradas","article_modified_time":"2022-09-29T19:21:37+00:00","twitter_card":"summary_large_image","twitter_misc":{"Tiempo de lectura":"1 minuto"},"schema":{"@context":"https:\/\/schema.org","@graph":[{"@type":"WebPage","@id":"https:\/\/www.camado.org.co\/web2\/terminos-y-condiciones-2\/","url":"https:\/\/www.camado.org.co\/web2\/terminos-y-condiciones-2\/","name":"Terminos y Condiciones - C\u00e1mara de Comercio de Dosquebradas","isPartOf":{"@id":"https:\/\/www.camado.org.co\/web2\/#website"},"datePublished":"2022-09-29T19:21:35+00:00","dateModified":"2022-09-29T19:21:37+00:00","breadcrumb":{"@id":"https:\/\/www.camado.org.co\/web2\/terminos-y-condiciones-2\/#breadcrumb"},"inLanguage":"es","potentialAction":[{"@type":"ReadAction","target":["https:\/\/www.camado.org.co\/web2\/terminos-y-condiciones-2\/"]}]},{"@type":"BreadcrumbList","@id":"https:\/\/www.camado.org.co\/web2\/terminos-y-condiciones-2\/#breadcrumb","itemListElement":[{"@type":"ListItem","position":1,"name":"Portada","item":"https:\/\/www.camado.org.co\/web2\/"},{"@type":"ListItem","position":2,"name":"Terminos y Condiciones"}]},{"@type":"WebSite","@id":"https:\/\/www.camado.org.co\/web2\/#website","url":"https:\/\/www.camado.org.co\/web2\/","name":"C\u00e1mara de Comercio de Dosquebradas","description":"Camado","potentialAction":[{"@type":"SearchAction","target":{"@type":"EntryPoint","urlTemplate":"https:\/\/www.camado.org.co\/web2\/?s={search_term_string}"},"query-input":{"@type":"PropertyValueSpecification","valueRequired":true,"valueName":"search_term_string"}}],"inLanguage":"es"}]}},"_links":{"self":[{"href":"https:\/\/www.camado.org.co\/web2\/wp-json\/wp\/v2\/pages\/5295","targetHints":{"allow":["GET"]}}],"collection":[{"href":"https:\/\/www.camado.org.co\/web2\/wp-json\/wp\/v2\/pages"}],"about":[{"href":"https:\/\/www.camado.org.co\/web2\/wp-json\/wp\/v2\/types\/page"}],"author":[{"embeddable":true,"href":"https:\/\/www.camado.org.co\/web2\/wp-json\/wp\/v2\/users\/1"}],"replies":[{"embeddable":true,"href":"https:\/\/www.camado.org.co\/web2\/wp-json\/wp\/v2\/comments?post=5295"}],"version-history":[{"count":1,"href":"https:\/\/www.camado.org.co\/web2\/wp-json\/wp\/v2\/pages\/5295\/revisions"}],"predecessor-version":[{"id":5297,"href":"https:\/\/www.camado.org.co\/web2\/wp-json\/wp\/v2\/pages\/5295\/revisions\/5297"}],"wp:attachment":[{"href":"https:\/\/www.camado.org.co\/web2\/wp-json\/wp\/v2\/media?parent=5295"}],"curies":[{"name":"wp","href":"https:\/\/api.w.org\/{rel}","templated":true}]}}