{"id":7026,"date":"2024-07-22T20:21:52","date_gmt":"2024-07-22T20:21:52","guid":{"rendered":"https:\/\/www.camado.org.co\/web2\/?page_id=7026"},"modified":"2026-04-06T20:51:04","modified_gmt":"2026-04-06T20:51:04","slug":"registro-unico-de-proponentes","status":"publish","type":"page","link":"https:\/\/www.camado.org.co\/web2\/registro-unico-de-proponentes\/","title":{"rendered":"registro-unico-de-proponentes"},"content":{"rendered":"<div id=\"td_uid_1_6a05925398bb9\" class=\"tdc-zone\"><div class=\"tdc_zone td_uid_1_6a05925398bca_rand  wpb_row td-pb-row\"  >\n<style scoped>\n\n\/* custom css *\/\n.td_uid_1_6a05925398bca_rand {\r\n                    min-height: 0;\r\n                }\n<\/style><div id=\"td_uid_2_6a0592539987a\" class=\"tdc-row\"><div class=\"vc_row td_uid_2_6a05925399882_rand  wpb_row td-pb-row\" >\n<style scoped>\n\n\/* custom css *\/\n.td_uid_2_6a05925399882_rand {\r\n                    min-height: 0;\r\n                }\n<\/style><div class=\"vc_column td_uid_3_6a05925399f74_rand  wpb_column vc_column_container tdc-column td-pb-span12\">\n<style scoped>\n\n\/* custom css *\/\n.td_uid_3_6a05925399f74_rand {\r\n                    vertical-align: baseline;\r\n                }\n<\/style><div class=\"wpb_wrapper\"><div class=\"td_block_wrap td_block_text_with_title td_uid_4_6a0592539a9a9_rand tagdiv-type td-pb-border-top td_block_template_1\"  data-td-block-uid=\"td_uid_4_6a0592539a9a9\" ><div class=\"td-block-title-wrap\"><\/div><div class=\"td_mod_wrap td-fix-inde\"><p><strong>REGISTRO \u00daNICO DE PROPONENTES<\/strong><\/p>\n<p>Todas las Personas naturales o jur\u00eddicas nacionales, o extranjeras domiciliadas o con sucursal en Colombia, que aspiren a celebrar contratos con las entidades estatales, deber\u00e1n estar inscritas en el Registro \u00danico de Proponentes que lleve la C\u00e1mara de<br \/>Comercio que tenga jurisdicci\u00f3n en su domicilio principal.<\/p>\n<p>Inscripci\u00f3n<br \/>Es la recopilaci\u00f3n y asentamiento de la informaci\u00f3n proporcionada por el interesado sobre sus requisitos habilitantes para contratar con el Estado, es decir, de la informaci\u00f3n relativa a la clasificaci\u00f3n, experiencia y capacidad jur\u00eddica, financiera y organizacional que presente el proponente.<br \/>La inscripci\u00f3n en el Registro \u00danico de Proponentes se hace por una sola vez, a menos que posteriormente el proponente deje cesar los efectos de la inscripci\u00f3n por falta de renovaci\u00f3n, caso en el cual deber\u00e1 realizar una nueva inscripci\u00f3n si a\u00fan est\u00e1 interesado en contratar con el Estado. Para realizar la inscripci\u00f3n, el proponente debe verificar que su informaci\u00f3n financiera sea la correspondiente al periodo fiscal inmediatamente anterior, es decir, que corresponda al cierre fiscal del 31 de diciembre del a\u00f1o inmediatamente anterior a aquel en que solicita su registro.<\/p>\n<p>Adem\u00e1s, esta informaci\u00f3n financiera debe coincidir con la reportada en el Registro P\u00fablico Mercantil o en el registro de Entidades sin \u00c1nimo de Lucro, dependiendo del caso, as\u00ed como con la reportada a la Superintendencia de Sociedades.<\/p>\n<p><strong>Renovaci\u00f3n.<\/strong><br \/>La renovaci\u00f3n es el acto mediante el cual se prorroga la vigencia de la inscripci\u00f3n en el Registro \u00danico de Proponentes, en consecuencia, es el acto que impide la cesaci\u00f3n de los efectos de dicho registro. La renovaci\u00f3n se debe realizar cada a\u00f1o entre el 1\u00b0 de enero&nbsp; y el quinto (5\u00b0) d\u00eda h\u00e1bil del mes de abril, con independencia de la fecha en que se haya realizado la inscripci\u00f3n.<br \/>La renovaci\u00f3n es importante, pues permite mantener la posibilidad de contratar con el Estado, ya que mantiene la vigencia de los efectos del registro; adem\u00e1s, permite la obtenci\u00f3n de certificados. Si el proponente no renueva su inscripci\u00f3n dentro del t\u00e9rmino indicado previamente, la inscripci\u00f3n perder\u00e1 sus efectos, por lo que el proponente no estar\u00e1 habilitado para contratar con el Estado sino a partir de cuando realice una nueva inscripci\u00f3n. Para realizar la renovaci\u00f3n, el proponente debe verificar que su informaci\u00f3n financiera<br \/>Sea la correspondiente al periodo fiscal inmediatamente anterior, es decir, que corresponda al cierre fiscal del 31 de diciembre del a\u00f1o inmediatamente anterior a aquel en que solicita su registro. Adem\u00e1s, esta informaci\u00f3n financiera debe coincidir con la reportada en el Registro P\u00fablico Mercantil o en el Registro de Entidades sin \u00c1nimo de Lucro, dependiendo del caso, as\u00ed como con la reportada a la&nbsp; uperintendencia de Sociedades cuando se trate de personas jur\u00eddicas sujetas a la inspecci\u00f3n, vigilancia y control de esa autoridad.<\/p>\n<p><strong>Actualizaci\u00f3n<\/strong><br \/>La actualizaci\u00f3n es el acto a trav\u00e9s del cual el proponente inscrito informa de la necesidad de modi-ficar o suprimir la informaci\u00f3n inscrita en el Registro \u00danico de Proponentes. Este acto se puede realizar en cualquier momento, siempre y cuando est\u00e9 vigente la inscripci\u00f3n.<br \/>Para realizarlo, el proponente debe adjuntar al formulario los soportes documentales necesarios para que se realice el cambio o la supresi\u00f3n.<\/p>\n<p><strong>Importante: La informaci\u00f3n financiera no se actualiza.<\/strong><\/p>\n<p><strong>Cancelaci\u00f3n.<\/strong><br \/>El proponente inscrito en el RUP que desee cancelar el registro deber\u00e1 diligenciar el formulario con la indicaci\u00f3n de sus datos b\u00e1sicos, se\u00f1alar con una (x) el campo correspondiente a cancelaci\u00f3n y radicarlo en cualquier C\u00e1mara de Comercio, dicho tr\u00e1mite no genera costo para el usuario.<\/p>\n<p>La C\u00e1mara de Comercio del domicilio del proponente proceder\u00e1 con la revisi\u00f3n del formulario y generar\u00e1 la inscripci\u00f3n por cancelaci\u00f3n.<br \/>Cesaci\u00f3n de efectos. La cesaci\u00f3n de efectos, es el acto por medio del cual, la C\u00e1mara de Comercio de manera autom\u00e1tica cancela el proponente debido a que no cumpli\u00f3 con la obligaci\u00f3n de renovar su registro hasta antes del quinto d\u00eda h\u00e1bil del mes de abril. Requisitos generales para la inscripci\u00f3n.<\/p>\n<p>\uf0b7 Diligencie y firme el formulario a trav\u00e9s del aplicativo<br \/>\uf0b7 Imprima el formulario.<br \/>\uf0b7 Adjunte los documentos que soportan la informaci\u00f3n de los requisitos habilitantes:<\/p>\n<ul>\n<li>Experiencia: informaci\u00f3n extra\u00edda de los documentos que soportan los contratos ejecutados por el proponente, consorcio, uni\u00f3n temporal o sociedad donde el proponente tenga o haya tenido participaci\u00f3n. Las personas jur\u00eddicas con menos de tres a\u00f1os de constituidas pueden acreditar este requisito habilitante con la experiencia directa de sus socios o accionistas, asociados o constituyentes.<\/li>\n<li>Capacidad jur\u00eddica: aptitud de una persona natural o jur\u00eddica para adquirir derechos y contraer obligaciones.<\/li>\n<li>Capacidad financiera: informaci\u00f3n que refleja la fortaleza financiera del interesado.<\/li>\n<li>Capacidad t\u00e9cnica: refleja el rendimiento de las inversiones y la eficiencia en el uso de los activos del proponente.<br \/>o Clasificaci\u00f3n: el proponente se clasifica dentro de los bienes, obras o servicios que ofrecer\u00e1 a las entidades estatales con el sistema de codificaci\u00f3n de las Naciones Unidas que estandariza productos y servicios, conocido por las siglas UNSPSC. Reporte mensual de las entidades estatales sobre contratos, multas, sanciones e inhabilidades de los proponentes: se lleva a cabo en la plataforma RUES. Para mayor informaci\u00f3n sobre los aspectos que regulan el env\u00edo de la informaci\u00f3n, consulta el numeral 4.2.10 y siguientes de la Circular 002 de 23 de noviembre de 2016, expedida por la Superintendencia de Industria y Comercio.<\/li>\n<\/ul>\n<p><strong>Importante<\/strong><br \/>Recuerde que la informaci\u00f3n del certificado queda en firme despu\u00e9s de 10 d\u00edas h\u00e1biles contados a partir del siguiente d\u00eda del registro. Mientras este plazo se cumple, el certificado del RUP contendr\u00e1 los datos registrados anteriormente y la nueva informaci\u00f3n<br \/>reportada, sujeta al cumplimiento de tiempo de firmeza. Ten en cuenta que una vez cumplidos los 10 d\u00eda h\u00e1biles, en el certificado se reflejar\u00e1 solo la \u00faltima informaci\u00f3n reportada&nbsp;<\/p>\n<\/div><\/div><\/div><\/div><\/div><\/div><\/div><\/div>\n\n\n<div class=\"wp-block-columns is-layout-flex wp-container-core-columns-is-layout-9d6595d7 wp-block-columns-is-layout-flex\">\n<div class=\"wp-block-column is-layout-flow wp-block-column-is-layout-flow\"><\/div>\n\n\n\n<div class=\"wp-block-column is-layout-flow wp-block-column-is-layout-flow\">\n<figure class=\"wp-block-embed is-type-video is-provider-youtube wp-block-embed-youtube wp-embed-aspect-16-9 wp-has-aspect-ratio\"><div class=\"wp-block-embed__wrapper\">\n<iframe loading=\"lazy\" title=\"\ud83d\udcdd C\u00f3mo renovar el Registro \u00danico de Proponentes (RUP) 2026 | Gu\u00eda completa  \" width=\"696\" height=\"392\" src=\"https:\/\/www.youtube.com\/embed\/l7NJwEiG7j4?feature=oembed\" frameborder=\"0\" allow=\"accelerometer; autoplay; clipboard-write; encrypted-media; gyroscope; picture-in-picture; web-share\" referrerpolicy=\"strict-origin-when-cross-origin\" allowfullscreen><\/iframe>\n<\/div><\/figure>\n<\/div>\n\n\n\n<div class=\"wp-block-column is-layout-flow wp-block-column-is-layout-flow\"><\/div>\n<\/div>\n\n\n\n<div class=\"wp-block-columns is-layout-flex wp-container-core-columns-is-layout-9d6595d7 wp-block-columns-is-layout-flex\">\n<div class=\"wp-block-column is-layout-flow wp-block-column-is-layout-flow\"><\/div>\n\n\n\n<div class=\"wp-block-column is-layout-flow wp-block-column-is-layout-flow\">\n<div class=\"wp-block-buttons is-content-justification-center is-layout-flex wp-container-core-buttons-is-layout-16018d1d wp-block-buttons-is-layout-flex\">\n<div class=\"wp-block-button\"><a class=\"wp-block-button__link has-vivid-green-cyan-background-color has-background has-text-align-center wp-element-button\" href=\"https:\/\/siifront.confecamaras.co\/Home\/propRenovacion\"><strong>RENUEVE SU RUP AQU\u00cd<\/strong><\/a><\/div>\n<\/div>\n<\/div>\n\n\n\n<div class=\"wp-block-column is-layout-flow wp-block-column-is-layout-flow\"><\/div>\n<\/div>\n\n\n\n<div class=\"wp-block-columns is-layout-flex wp-container-core-columns-is-layout-9d6595d7 wp-block-columns-is-layout-flex\">\n<div class=\"wp-block-column is-layout-flow wp-block-column-is-layout-flow\">\n<div class=\"wp-block-buttons is-content-justification-right is-layout-flex wp-container-core-buttons-is-layout-765c4724 wp-block-buttons-is-layout-flex\">\n<div class=\"wp-block-button\"><a class=\"wp-block-button__link has-vivid-green-cyan-background-color has-background wp-element-button\" href=\"https:\/\/www.camado.org.co\/web2\/wp-content\/uploads\/2026\/02\/LISTA-CHEQUEO-RUP-PERSONA-NATURAL-2026-1-Maria-Angelica-Posada-AUXILIAR-DE-REGISTRO.pdf\">Lista de Chequeo RUP Persona Natural<\/a><\/div>\n<\/div>\n<\/div>\n\n\n\n<div class=\"wp-block-column is-layout-flow wp-block-column-is-layout-flow\">\n<div class=\"wp-block-buttons is-layout-flex wp-block-buttons-is-layout-flex\">\n<div class=\"wp-block-button\"><a class=\"wp-block-button__link has-vivid-green-cyan-background-color has-background wp-element-button\" href=\"https:\/\/www.camado.org.co\/web2\/wp-content\/uploads\/2026\/02\/LISTA-CHEQUEO-RUP-PERSONA-JURIDICA-2026-1-Maria-Angelica-Posada-AUXILIAR-DE-REGISTRO.pdf\">Lista de Chequeo RUP Persona Jur\u00eddica<\/a><\/div>\n<\/div>\n<\/div>\n<\/div>\n\n\n\n<div class=\"wp-block-columns is-layout-flex wp-container-core-columns-is-layout-9d6595d7 wp-block-columns-is-layout-flex\">\n<div class=\"wp-block-column is-layout-flow wp-block-column-is-layout-flow\" style=\"flex-basis:25%\"><\/div>\n\n\n\n<div class=\"wp-block-column is-layout-flow wp-block-column-is-layout-flow\" style=\"flex-basis:50%\">        <div class=\"oxi-addons-container oxi-accordions-wrapper oxi-accordions-wrapper-11\" id=\"oxi-accordions-wrapper-11\">\r\n            <div class=\"oxi-addons-row\">\r\n                <div class=\"oxi-accordions-ultimate-style oxi-accordions-ultimate-template-11  oxi-accordions-clearfix oxi-accordions-preloader\"  data-oxi-trigger=\"click\" data-oxi-accordions-type=\"toggle\" data-oxi-auto-play=\"3000\"  style=\"opacity:0\"><div class=\"oxi-accordions-single-card oxi-accordions-single-card-11 0 oxi-accordions-single-card-11-1 0\" id=\"oxi-accordions-single-card-11-1\"><div class=\"oxi-accordions-head-outside-body\"><div class=\"oxi-accordions-header-card\">  <div class=\"oxi-accordions-header-body  oxi-accordions-header oxi-accordions-clearfix\"   data-oxitoggle=\"oxicollapse\" data-oxitarget=\"#oxi-accordions-content-11-1\" aria-expanded=\"false\" ><div class=\"oxi-accordions-expand-collapse-11 oxi-accordions-expand-collapse  0 oxi-accordions-head-expand-collapse-type-icon oxi-accordion-expand-0\"><div class=\"oxi-accordions-expand-collapse-number\">1<\/div><div class=\"oxi-accordions-expand-collapse-icon\">\r\n                        <div class=\"oxi-accordions-expand-icon\">\r\n                        <i class=\"fas fa-plus oxi-icons\"><\/i>\r\n                        <\/div>\r\n                        <div class=\"oxi-accordions-collapse-icon\">\r\n                         <i class=\"fas fa-minus oxi-icons\"><\/i>\r\n                        <\/div>\r\n                    <\/div><\/div>      <div class=\"oxi-accordions-header-content 0 0\"> <div class=\"oxi-accordions-additional-icon oxi-accordions-additional-icon-11 \"> <i class=\"fas fa-adjust oxi-icons\"><\/i><\/div><div class='oxi-accordions-header-title'><div class='oxi-accordions-main-title'>Modelos de Certificaciones RUP<\/div><\/div>      <\/div>\r\n                     <\/div>\r\n                    <\/div>  <div class=\"oxicollapse  oxi-accordions-content-card oxi-accordions-content-card-11  \" id=\"oxi-accordions-content-11-1\" >     <div class=\"oxi-accordions-content-body 0  \"  oxi-animation=\"animate__fadeIn\"><a href=\"https:\/\/www.camado.org.co\/web2\/wp-content\/uploads\/2026\/03\/MODELO-SOBRE-LA-FIRMEZA-DEL-ACTA-DE-LIQUIDACION.docx\">MODELO SOBRE LA FIRMEZA DEL ACTA DE LIQUIDACION<\/a><\/p>\r\n<a href=\"https:\/\/www.camado.org.co\/web2\/wp-content\/uploads\/2026\/03\/MODELO-DE-TERCERO-QUE-RECIBIO-BIEN-OBRA-O-SERVICIO.docx\">MODELO DE TERCERO QUE RECIBIO BIEN, OBRA O SERVICIO<\/a><\/p>\r\n<a href=\"https:\/\/www.camado.org.co\/web2\/wp-content\/uploads\/2026\/03\/MODELO-DE-CONFORMACION-DE-SITUACION-DE-CONTROLO-O-GRUPO-EMPRESARIAL-POSITIVO.docx\">MODELO DE CONFORMACION DE SITUACION DE CONTROLO O GRUPO EMPRESARIAL POSITIVO<\/a><\/p>\r\n<a href=\"https:\/\/www.camado.org.co\/web2\/wp-content\/uploads\/2026\/03\/MODELO-DE-CERTIFICACION-PARA-ACREDITAR-LAS-DISTINTAS-CUENTAS-ESTABLECIDAS-EN-EL-DECRETO-1082-de-2015-PERSONAS-NATURALES.docx\">MODELO DE CERTIFICACI\u00d3N PARA ACREDITAR LAS DISTINTAS CUENTAS ESTABLECIDAS EN EL DECRETO 1082 de 2015 PERSONAS NATURALES<\/a><\/p>\r\n<a href=\"https:\/\/www.camado.org.co\/web2\/wp-content\/uploads\/2026\/03\/MODELO-DE-CERTIFICACION-DEL-TAMANO-EMPRESARIAL-PERSONAS-NATURALES.docx\">MODELO DE CERTIFICACION DEL TAMA\u00d1O EMPRESARIAL PERSONAS NATURALES<\/a><\/p>\r\n<a href=\"https:\/\/www.camado.org.co\/web2\/wp-content\/uploads\/2026\/03\/MODELO-DE-CERTIFICACION-DEL-PAGO-DE-SEGURIDAD-SOCIAL-PERSONA-NATURAL.docx\">MODELO DE CERTIFICACION DEL PAGO DE SEGURIDAD SOCIAL PERSONA NATURAL<\/a><\/p>\r\n<a href=\"https:\/\/www.camado.org.co\/web2\/wp-content\/uploads\/2026\/03\/MODELO-DE-CERTIFICACION-DE-VALORES-CONTABLES-PERSONAS-NATURALES-OBLIGADAS-A-LLEVAR-CONTABILIDAD.docx\">MODELO DE CERTIFICACION DE VALORES CONTABLES PERSONAS NATURALES OBLIGADAS A LLEVAR CONTABILIDAD<\/a><\/p>\r\n<a href=\"https:\/\/www.camado.org.co\/web2\/wp-content\/uploads\/2026\/03\/MODELO-DE-CERTIFICACION-DE-VALORES-CONTABLES-PERSONAS-NATURALES-NO-OBLIGADAS-A-LLEVAR-CONTABILIDAD.docx\">MODELO DE CERTIFICACION DE VALORES CONTABLES PERSONAS NATURALES NO OBLIGADAS A LLEVAR CONTABILIDAD<\/a><\/p>\r\n<a href=\"https:\/\/www.camado.org.co\/web2\/wp-content\/uploads\/2026\/03\/MODELO-DE-CERTIFICACION-DE-TAMANO-EMPRESARIAL-PARA-PERSONAS-JURIDICAS.docx\">MODELO DE CERTIFICACI\u00d3N DE TAMA\u00d1O EMPRESARIAL PARA PERSONAS JUR\u00cdDICAS<\/a><\/p>\r\n<a href=\"https:\/\/www.camado.org.co\/web2\/wp-content\/uploads\/2026\/03\/MODELO-DE-CERTIFICACION-DE-NO-SITUACION-DE-CONTROL-NI-GRUPO-EMPRESARIAL.docx\">MODELO DE CERTIFICACI\u00d3N DE NO SITUACION DE CONTROL NI GRUPO EMPRESARIAL<\/a><\/p>\r\n<a href=\"https:\/\/www.camado.org.co\/web2\/wp-content\/uploads\/2026\/03\/MODELO-DE-CERTIFICACION-DE-GASTOS-DE-INTERESES.docx\">MODELO DE CERTIFICACION DE GASTOS DE INTERESES<\/a><\/p>\r\n<a href=\"https:\/\/www.camado.org.co\/web2\/wp-content\/uploads\/2026\/03\/MODELO-DE-CERTIFICACION-DE-CONTRATOS-EJECUTADOS-EN-SECOP.doc\">MODELO DE CERTIFICACION DE CONTRATOS EJECUTADOS EN SECOP<\/a><\/p>\r\n<a href=\"https:\/\/www.camado.org.co\/web2\/wp-content\/uploads\/2026\/03\/MODELO-DE-CERTIFICACION-DE-APORTES-AL-SISTEMA-DE-SEGURIDAD-SOCIAL-PARA-PERSONAS-JURIDICAS.docx\">MODELO DE CERTIFICACION DE APORTES AL SISTEMA DE SEGURIDAD SOCIAL PARA PERSONAS JURIDICAS<\/a><\/p>\r\n<a href=\"https:\/\/www.camado.org.co\/web2\/wp-content\/uploads\/2026\/03\/MODELO-CERTIFICACION-DE-CODIGOS-DEL-CLASIFICADOR-UNSPSC.docx\">MODELO CERTIFICACION DE CODIGOS DEL CLASIFICADOR UNSPSC<\/a><\/p>\r\n<a href=\"https:\/\/www.camado.org.co\/web2\/wp-content\/uploads\/2026\/03\/MODELO-DE-CERTIFICACION-DE-CUENTAS-PRINCIPALES-PERSONA-JURIDICA.docx\">MODELO DE CERTIFICACION DE CUENTAS PRINCIPALES PERSONA JURIDICA<\/a><\/p>\r\n      <\/div>\r\n                    <\/div>\r\n\r\n                    <\/div>\r\n                <\/div><\/div>            <\/div>\r\n        <\/div>\r\n\n<\/div>\n\n\n\n<div class=\"wp-block-column is-layout-flow wp-block-column-is-layout-flow\" style=\"flex-basis:25%\"><\/div>\n<\/div>\n","protected":false},"excerpt":{"rendered":"","protected":false},"author":1,"featured_media":0,"parent":0,"menu_order":0,"comment_status":"closed","ping_status":"closed","template":"","meta":{"ngg_post_thumbnail":0,"footnotes":""},"class_list":["post-7026","page","type-page","status-publish"],"yoast_head":"<!-- This site is optimized with the Yoast SEO plugin v27.6 - https:\/\/yoast.com\/product\/yoast-seo-wordpress\/ -->\n<title>registro-unico-de-proponentes - C\u00e1mara de Comercio de Dosquebradas<\/title>\n<meta name=\"robots\" content=\"index, follow, max-snippet:-1, max-image-preview:large, max-video-preview:-1\" \/>\n<link rel=\"canonical\" href=\"https:\/\/www.camado.org.co\/web2\/registro-unico-de-proponentes\/\" \/>\n<meta property=\"og:locale\" content=\"es_ES\" \/>\n<meta property=\"og:type\" content=\"article\" \/>\n<meta property=\"og:title\" content=\"registro-unico-de-proponentes - C\u00e1mara de Comercio de Dosquebradas\" \/>\n<meta property=\"og:url\" content=\"https:\/\/www.camado.org.co\/web2\/registro-unico-de-proponentes\/\" \/>\n<meta property=\"og:site_name\" content=\"C\u00e1mara de Comercio de Dosquebradas\" \/>\n<meta property=\"article:modified_time\" content=\"2026-04-06T20:51:04+00:00\" \/>\n<meta name=\"twitter:card\" content=\"summary_large_image\" \/>\n<meta name=\"twitter:label1\" content=\"Tiempo de lectura\" \/>\n\t<meta name=\"twitter:data1\" content=\"5 minutos\" \/>\n<script type=\"application\/ld+json\" class=\"yoast-schema-graph\">{\"@context\":\"https:\\\/\\\/schema.org\",\"@graph\":[{\"@type\":\"WebPage\",\"@id\":\"https:\\\/\\\/www.camado.org.co\\\/web2\\\/registro-unico-de-proponentes\\\/\",\"url\":\"https:\\\/\\\/www.camado.org.co\\\/web2\\\/registro-unico-de-proponentes\\\/\",\"name\":\"registro-unico-de-proponentes - C\u00e1mara de Comercio de Dosquebradas\",\"isPartOf\":{\"@id\":\"https:\\\/\\\/www.camado.org.co\\\/web2\\\/#website\"},\"datePublished\":\"2024-07-22T20:21:52+00:00\",\"dateModified\":\"2026-04-06T20:51:04+00:00\",\"breadcrumb\":{\"@id\":\"https:\\\/\\\/www.camado.org.co\\\/web2\\\/registro-unico-de-proponentes\\\/#breadcrumb\"},\"inLanguage\":\"es\",\"potentialAction\":[{\"@type\":\"ReadAction\",\"target\":[\"https:\\\/\\\/www.camado.org.co\\\/web2\\\/registro-unico-de-proponentes\\\/\"]}]},{\"@type\":\"BreadcrumbList\",\"@id\":\"https:\\\/\\\/www.camado.org.co\\\/web2\\\/registro-unico-de-proponentes\\\/#breadcrumb\",\"itemListElement\":[{\"@type\":\"ListItem\",\"position\":1,\"name\":\"Portada\",\"item\":\"https:\\\/\\\/www.camado.org.co\\\/web2\\\/\"},{\"@type\":\"ListItem\",\"position\":2,\"name\":\"registro-unico-de-proponentes\"}]},{\"@type\":\"WebSite\",\"@id\":\"https:\\\/\\\/www.camado.org.co\\\/web2\\\/#website\",\"url\":\"https:\\\/\\\/www.camado.org.co\\\/web2\\\/\",\"name\":\"C\u00e1mara de Comercio de Dosquebradas\",\"description\":\"Camado\",\"potentialAction\":[{\"@type\":\"SearchAction\",\"target\":{\"@type\":\"EntryPoint\",\"urlTemplate\":\"https:\\\/\\\/www.camado.org.co\\\/web2\\\/?s={search_term_string}\"},\"query-input\":{\"@type\":\"PropertyValueSpecification\",\"valueRequired\":true,\"valueName\":\"search_term_string\"}}],\"inLanguage\":\"es\"}]}<\/script>\n<!-- \/ Yoast SEO plugin. -->","yoast_head_json":{"title":"registro-unico-de-proponentes - C\u00e1mara de Comercio de Dosquebradas","robots":{"index":"index","follow":"follow","max-snippet":"max-snippet:-1","max-image-preview":"max-image-preview:large","max-video-preview":"max-video-preview:-1"},"canonical":"https:\/\/www.camado.org.co\/web2\/registro-unico-de-proponentes\/","og_locale":"es_ES","og_type":"article","og_title":"registro-unico-de-proponentes - C\u00e1mara de Comercio de Dosquebradas","og_url":"https:\/\/www.camado.org.co\/web2\/registro-unico-de-proponentes\/","og_site_name":"C\u00e1mara de Comercio de Dosquebradas","article_modified_time":"2026-04-06T20:51:04+00:00","twitter_card":"summary_large_image","twitter_misc":{"Tiempo de lectura":"5 minutos"},"schema":{"@context":"https:\/\/schema.org","@graph":[{"@type":"WebPage","@id":"https:\/\/www.camado.org.co\/web2\/registro-unico-de-proponentes\/","url":"https:\/\/www.camado.org.co\/web2\/registro-unico-de-proponentes\/","name":"registro-unico-de-proponentes - C\u00e1mara de Comercio de Dosquebradas","isPartOf":{"@id":"https:\/\/www.camado.org.co\/web2\/#website"},"datePublished":"2024-07-22T20:21:52+00:00","dateModified":"2026-04-06T20:51:04+00:00","breadcrumb":{"@id":"https:\/\/www.camado.org.co\/web2\/registro-unico-de-proponentes\/#breadcrumb"},"inLanguage":"es","potentialAction":[{"@type":"ReadAction","target":["https:\/\/www.camado.org.co\/web2\/registro-unico-de-proponentes\/"]}]},{"@type":"BreadcrumbList","@id":"https:\/\/www.camado.org.co\/web2\/registro-unico-de-proponentes\/#breadcrumb","itemListElement":[{"@type":"ListItem","position":1,"name":"Portada","item":"https:\/\/www.camado.org.co\/web2\/"},{"@type":"ListItem","position":2,"name":"registro-unico-de-proponentes"}]},{"@type":"WebSite","@id":"https:\/\/www.camado.org.co\/web2\/#website","url":"https:\/\/www.camado.org.co\/web2\/","name":"C\u00e1mara de Comercio de Dosquebradas","description":"Camado","potentialAction":[{"@type":"SearchAction","target":{"@type":"EntryPoint","urlTemplate":"https:\/\/www.camado.org.co\/web2\/?s={search_term_string}"},"query-input":{"@type":"PropertyValueSpecification","valueRequired":true,"valueName":"search_term_string"}}],"inLanguage":"es"}]}},"_links":{"self":[{"href":"https:\/\/www.camado.org.co\/web2\/wp-json\/wp\/v2\/pages\/7026","targetHints":{"allow":["GET"]}}],"collection":[{"href":"https:\/\/www.camado.org.co\/web2\/wp-json\/wp\/v2\/pages"}],"about":[{"href":"https:\/\/www.camado.org.co\/web2\/wp-json\/wp\/v2\/types\/page"}],"author":[{"embeddable":true,"href":"https:\/\/www.camado.org.co\/web2\/wp-json\/wp\/v2\/users\/1"}],"replies":[{"embeddable":true,"href":"https:\/\/www.camado.org.co\/web2\/wp-json\/wp\/v2\/comments?post=7026"}],"version-history":[{"count":18,"href":"https:\/\/www.camado.org.co\/web2\/wp-json\/wp\/v2\/pages\/7026\/revisions"}],"predecessor-version":[{"id":9931,"href":"https:\/\/www.camado.org.co\/web2\/wp-json\/wp\/v2\/pages\/7026\/revisions\/9931"}],"wp:attachment":[{"href":"https:\/\/www.camado.org.co\/web2\/wp-json\/wp\/v2\/media?parent=7026"}],"curies":[{"name":"wp","href":"https:\/\/api.w.org\/{rel}","templated":true}]}}